{"id":130,"date":"2020-07-08T15:20:31","date_gmt":"2020-07-08T18:20:31","guid":{"rendered":"https:\/\/wp.ufpel.edu.br\/nuccrin\/?page_id=130"},"modified":"2020-08-07T13:39:57","modified_gmt":"2020-08-07T16:39:57","slug":"apresentacoes-oficina-estrategias-de-busca-em-bases-de-dados","status":"publish","type":"page","link":"https:\/\/wp.ufpel.edu.br\/nuccrin\/apresentacoes-oficina-estrategias-de-busca-em-bases-de-dados\/","title":{"rendered":"Apresenta\u00e7\u00f5es &#8211; oficina estrat\u00e9gias de busca em bases de dados"},"content":{"rendered":"<p><span style=\"font-family: book antiqua, palatino, serif\">Prezadxs,<\/span><\/p>\n<p>&nbsp;<\/p>\n<p><span style=\"font-family: book antiqua, palatino, serif\">Nesta p\u00e1gina \u00e9 poss\u00edvel ter acesso \u00e0s apresenta\u00e7\u00f5es dos temas &#8211; em PDF &#8211; abordados na Oficina sobre estrat\u00e9gias de busca nas bases de dados, organiza\u00e7\u00e3o e s\u00edntese dos resultados.<\/span><\/p>\n<p>&nbsp;<\/p>\n<p><span style=\"font-family: book antiqua, palatino, serif\"><a href=\"https:\/\/wp.ufpel.edu.br\/nuccrin\/files\/2020\/07\/Conhecendo-o-portal-de-peri\u00f3dicos-CAPES-DECS-MESH-1.pdf\">Material &#8211; Encontro 1<\/a><\/span><\/p>\n<p>&nbsp;<\/p>\n<p><span style=\"font-family: book antiqua, palatino, serif\"><a href=\"https:\/\/wp.ufpel.edu.br\/nuccrin\/files\/2020\/07\/N\u00facleo-de-Condi\u00e7\u00f5es-Cr\u00f4nicas-e-suas-Interfaces-NUCCRIN-1-1.pdf\">Material &#8211; Encontro 2<\/a><\/span><\/p>\n<p>&nbsp;<\/p>\n<p><span style=\"font-family: book antiqua, palatino, serif\"><a href=\"https:\/\/wp.ufpel.edu.br\/nuccrin\/files\/2020\/07\/Apresenta\u00e7\u00e3o-final-LILACS.pdf\">Material &#8211; Encontro 3<\/a><\/span><\/p>\n<p>&nbsp;<\/p>\n<p><a href=\"https:\/\/wp.ufpel.edu.br\/nuccrin\/files\/2020\/07\/dispositivos-de-busca-2.pdf\"><span style=\"font-family: book antiqua, palatino, serif\">Material &#8211; Encontro 4<\/span><\/a><\/p>\n<p>&nbsp;<\/p>\n<p><a href=\"https:\/\/wp.ufpel.edu.br\/nuccrin\/files\/2020\/07\/Estrat\u00e9gias-de-busca-na-web-of-science-1.pdf\"><span style=\"font-family: book antiqua, palatino, serif\">Material &#8211; Encontro 5<\/span><\/a><\/p>\n<p>&nbsp;<\/p>\n<p><a href=\"https:\/\/wp.ufpel.edu.br\/nuccrin\/files\/2020\/07\/scopus.pdf\"><span style=\"font-family: book antiqua, palatino, serif\">Material &#8211; Encontro 6<\/span><\/a><\/p>\n<p>&nbsp;<\/p>\n<p><a href=\"https:\/\/wp.ufpel.edu.br\/nuccrin\/files\/2020\/08\/ORGANIZA\u00c7\u00c3O-E-S\u00cdNTESE-DE-RESULTADOS.pdf\"><span style=\"font-family: book antiqua, palatino, serif\">Material &#8211; Encontro 7<\/span><\/a><\/p>\n<p>&nbsp;<\/p>\n<p>&nbsp;<\/p>\n<p><span style=\"font-family: book antiqua, palatino, serif;font-size: 14pt\"><strong>Orienta\u00e7\u00f5es para atividades final (14\/08\/2020)<\/strong><\/span><\/p>\n<p><span style=\"font-family: book antiqua, palatino, serif\">Prezadxs,<\/span><\/p>\n<p>&nbsp;<\/p>\n<p><span style=\"font-family: book antiqua, palatino, serif\">Abaixo encontram-se os artigos para serem lidos seguindo as orienta\u00e7\u00f5es de roteiro para avalia\u00e7\u00e3o (clique <a href=\"https:\/\/wp.ufpel.edu.br\/nuccrin\/files\/2020\/08\/roteiroestudodeartigosNUCCRIN.pdf\">AQUI<\/a>). Essa atividade est\u00e1 prevista para o dia 14 de agosto de 2020, sexta-feira, \u00e0s 14 horas, quando ocorrer\u00e1 o \u00faltimo encontro da oficina.<\/span><\/p>\n<p>&nbsp;<\/p>\n<p><span style=\"font-family: book antiqua, palatino, serif\">Artigos para leitura:<\/span><\/p>\n<p>&nbsp;<\/p>\n<ul>\n<li><span style=\"font-family: book antiqua, palatino, serif\">BACKES, Carolina et al . A pr\u00e1tica da conten\u00e7\u00e3o em idosos: revis\u00e3o integrativa.<b> Acta paul. enferm.<\/b>,\u00a0 S\u00e3o Paulo ,\u00a0 v. 32, n. 5, p. 578-583,\u00a0 Oct.\u00a0 2019 . Dispon\u00edvel em: &lt;https:\/\/www.scielo.br\/scielo.php?pid=S0103-21002019000500016&amp;script=sci_arttext&gt;. Acesso em 05 ago 2020.<\/span><\/li>\n<\/ul>\n<p>&nbsp;<\/p>\n<ul>\n<li><span style=\"font-family: book antiqua, palatino, serif\">MASCARENHAS, Victor Hugo Alves et al . COVID-19 e a produ\u00e7\u00e3o de conhecimento sobre as recomenda\u00e7\u00f5es na gravidez: revis\u00e3o de escopo.<b> Rev. Latino-Am. Enfermagem<\/b>,\u00a0 Ribeir\u00e3o Preto ,\u00a0 v. 28,\u00a0 e3348,\u00a0 \u00a0 2020 . \u00a0 Dispon\u00edvel em: &lt;https:\/\/www.scielo.br\/scielo.php?script=sci_arttext&amp;pid=S0104-11692020000100606&amp;lng=pt&amp;nrm=iso&amp;tlng=pt &gt;. Acesso em 05 ago 2020.<\/span><\/li>\n<\/ul>\n<p>&nbsp;<\/p>\n<p>&nbsp;<\/p>\n<p><span style=\"font-family: book antiqua, palatino, serif\">Para este dia, solicitamos que xs estudantes compartilhem com o grupo suas an\u00e1lises, ap\u00f3s leitura orientada dos artigos.<\/span><\/p>\n<p>&nbsp;<\/p>\n<p><span style=\"font-family: book antiqua, palatino, serif\">Lembramos que o atestado de participa\u00e7\u00e3o na oficina ser\u00e1 disponibilizado aqueles que participaram dos encontros, sendo as horas computadas e verificadas pela lista de presen\u00e7a.<\/span><\/p>\n<p>&nbsp;<\/p>\n<p><span style=\"font-family: book antiqua, palatino, serif\">Atenciosamente,<\/span><\/p>\n<p><span style=\"font-family: book antiqua, palatino, serif\">Equipe Organizadora<\/span><\/p>\n","protected":false},"excerpt":{"rendered":"<p>Prezadxs, &nbsp; Nesta p\u00e1gina \u00e9 poss\u00edvel ter acesso \u00e0s apresenta\u00e7\u00f5es dos temas &#8211; em PDF &#8211; abordados na Oficina sobre estrat\u00e9gias de busca nas bases de dados, organiza\u00e7\u00e3o e s\u00edntese dos resultados. &nbsp; Material &#8211; Encontro 1 &nbsp; Material &#8211;&#8230; <a class=\"more-link\" href=\"https:\/\/wp.ufpel.edu.br\/nuccrin\/apresentacoes-oficina-estrategias-de-busca-em-bases-de-dados\/\">Continue lendo &rarr;<\/a><\/p>\n","protected":false},"author":923,"featured_media":0,"parent":0,"menu_order":0,"comment_status":"closed","ping_status":"closed","template":"","meta":{"footnotes":""},"class_list":["post-130","page","type-page","status-publish","hentry"],"jetpack_sharing_enabled":true,"_links":{"self":[{"href":"https:\/\/wp.ufpel.edu.br\/nuccrin\/wp-json\/wp\/v2\/pages\/130","targetHints":{"allow":["GET"]}}],"collection":[{"href":"https:\/\/wp.ufpel.edu.br\/nuccrin\/wp-json\/wp\/v2\/pages"}],"about":[{"href":"https:\/\/wp.ufpel.edu.br\/nuccrin\/wp-json\/wp\/v2\/types\/page"}],"author":[{"embeddable":true,"href":"https:\/\/wp.ufpel.edu.br\/nuccrin\/wp-json\/wp\/v2\/users\/923"}],"replies":[{"embeddable":true,"href":"https:\/\/wp.ufpel.edu.br\/nuccrin\/wp-json\/wp\/v2\/comments?post=130"}],"version-history":[{"count":10,"href":"https:\/\/wp.ufpel.edu.br\/nuccrin\/wp-json\/wp\/v2\/pages\/130\/revisions"}],"predecessor-version":[{"id":185,"href":"https:\/\/wp.ufpel.edu.br\/nuccrin\/wp-json\/wp\/v2\/pages\/130\/revisions\/185"}],"wp:attachment":[{"href":"https:\/\/wp.ufpel.edu.br\/nuccrin\/wp-json\/wp\/v2\/media?parent=130"}],"curies":[{"name":"wp","href":"https:\/\/api.w.org\/{rel}","templated":true}]}}