{"id":98,"date":"2019-07-01T16:37:34","date_gmt":"2019-07-01T19:37:34","guid":{"rendered":"https:\/\/wp.ufpel.edu.br\/nrc\/?page_id=98"},"modified":"2025-02-28T18:39:46","modified_gmt":"2025-02-28T21:39:46","slug":"solicitacao-de-reparo","status":"publish","type":"page","link":"https:\/\/wp.ufpel.edu.br\/nrc\/laboratorios\/solicitacoes\/solicitacao-de-reparo\/","title":{"rendered":"Solicita\u00e7\u00e3o de Reparo"},"content":{"rendered":"<blockquote><p><strong>ATEN\u00c7\u00c3O:<\/strong> \u00c9 preciso estar logado em sua conta <em>inf.ufpel.edu.br.<\/em> Caso voc\u00ea n\u00e3o possua uma conta <em>inf.ufpel.edu.br<\/em>, <a href=\"https:\/\/docs.google.com\/forms\/d\/e\/1FAIpQLSeffbwZc4sS8v1eUN6zc1F1RsrXv9iPKilLnuCVWUUsJcvLeg\/viewform\" target=\"_blank\">clique aqui<\/a>. <\/p><\/blockquote>\n<iframe src=\"https:\/\/docs.google.com\/forms\/d\/e\/1FAIpQLSfOhHCgeOoAphx3jMBnv0VOQRaCGA-pp6waogWe22SlwKWdiA\/viewform?embedded=true\" frameborder=\"0\" width=\"100%\" height=\"1254\" marginheight=\"0\" marginwidth=\"0\" allowfullscreen=\"true\" mozallowfullscreen=\"true\" webkitallowfullscreen=\"true\"><\/iframe>\n","protected":false},"excerpt":{"rendered":"<p>ATEN\u00c7\u00c3O: \u00c9 preciso estar logado em sua conta inf.ufpel.edu.br. Caso voc\u00ea n\u00e3o possua uma conta inf.ufpel.edu.br, clique aqui.<\/p>\n","protected":false},"author":869,"featured_media":0,"parent":8,"menu_order":0,"comment_status":"closed","ping_status":"closed","template":"page-sem-sidebar.php","meta":{"jetpack_post_was_ever_published":false,"footnotes":""},"class_list":["post-98","page","type-page","status-publish","hentry"],"jetpack_sharing_enabled":true,"jetpack_shortlink":"https:\/\/wp.me\/PaLkmL-1A","_links":{"self":[{"href":"https:\/\/wp.ufpel.edu.br\/nrc\/wp-json\/wp\/v2\/pages\/98","targetHints":{"allow":["GET"]}}],"collection":[{"href":"https:\/\/wp.ufpel.edu.br\/nrc\/wp-json\/wp\/v2\/pages"}],"about":[{"href":"https:\/\/wp.ufpel.edu.br\/nrc\/wp-json\/wp\/v2\/types\/page"}],"author":[{"embeddable":true,"href":"https:\/\/wp.ufpel.edu.br\/nrc\/wp-json\/wp\/v2\/users\/869"}],"replies":[{"embeddable":true,"href":"https:\/\/wp.ufpel.edu.br\/nrc\/wp-json\/wp\/v2\/comments?post=98"}],"version-history":[{"count":14,"href":"https:\/\/wp.ufpel.edu.br\/nrc\/wp-json\/wp\/v2\/pages\/98\/revisions"}],"predecessor-version":[{"id":430,"href":"https:\/\/wp.ufpel.edu.br\/nrc\/wp-json\/wp\/v2\/pages\/98\/revisions\/430"}],"up":[{"embeddable":true,"href":"https:\/\/wp.ufpel.edu.br\/nrc\/wp-json\/wp\/v2\/pages\/8"}],"wp:attachment":[{"href":"https:\/\/wp.ufpel.edu.br\/nrc\/wp-json\/wp\/v2\/media?parent=98"}],"curies":[{"name":"wp","href":"https:\/\/api.w.org\/{rel}","templated":true}]}}