{"id":93,"date":"2019-07-01T16:31:49","date_gmt":"2019-07-01T19:31:49","guid":{"rendered":"https:\/\/wp.ufpel.edu.br\/nrc\/?page_id=93"},"modified":"2019-10-10T11:42:46","modified_gmt":"2019-10-10T14:42:46","slug":"solicitacao-de-software","status":"publish","type":"page","link":"https:\/\/wp.ufpel.edu.br\/nrc\/laboratorios\/solicitacoes\/solicitacao-de-software\/","title":{"rendered":"Solicita\u00e7\u00e3o de Software"},"content":{"rendered":"<blockquote><p><strong>ATEN\u00c7\u00c3O:<\/strong> \u00c9 preciso estar logado em sua conta inf.ufpel.edu.br<\/p><\/blockquote>\n<iframe src=\"https:\/\/docs.google.com\/forms\/d\/e\/1FAIpQLSdNqcESCXtcGA-g36CcQjLWFkF2ZqZjU6TyICCgQ_TGH60fqw\/viewform?embedded=true\" frameborder=\"0\" width=\"100%\" height=\"1254\" marginheight=\"0\" marginwidth=\"0\" allowfullscreen=\"true\" mozallowfullscreen=\"true\" webkitallowfullscreen=\"true\"><\/iframe>\n","protected":false},"excerpt":{"rendered":"<p>ATEN\u00c7\u00c3O: \u00c9 preciso estar logado em sua conta inf.ufpel.edu.br<\/p>\n","protected":false},"author":869,"featured_media":0,"parent":8,"menu_order":0,"comment_status":"closed","ping_status":"closed","template":"page-sem-sidebar.php","meta":{"jetpack_post_was_ever_published":false,"footnotes":""},"class_list":["post-93","page","type-page","status-publish","hentry"],"jetpack_sharing_enabled":true,"jetpack_shortlink":"https:\/\/wp.me\/PaLkmL-1v","_links":{"self":[{"href":"https:\/\/wp.ufpel.edu.br\/nrc\/wp-json\/wp\/v2\/pages\/93","targetHints":{"allow":["GET"]}}],"collection":[{"href":"https:\/\/wp.ufpel.edu.br\/nrc\/wp-json\/wp\/v2\/pages"}],"about":[{"href":"https:\/\/wp.ufpel.edu.br\/nrc\/wp-json\/wp\/v2\/types\/page"}],"author":[{"embeddable":true,"href":"https:\/\/wp.ufpel.edu.br\/nrc\/wp-json\/wp\/v2\/users\/869"}],"replies":[{"embeddable":true,"href":"https:\/\/wp.ufpel.edu.br\/nrc\/wp-json\/wp\/v2\/comments?post=93"}],"version-history":[{"count":3,"href":"https:\/\/wp.ufpel.edu.br\/nrc\/wp-json\/wp\/v2\/pages\/93\/revisions"}],"predecessor-version":[{"id":127,"href":"https:\/\/wp.ufpel.edu.br\/nrc\/wp-json\/wp\/v2\/pages\/93\/revisions\/127"}],"up":[{"embeddable":true,"href":"https:\/\/wp.ufpel.edu.br\/nrc\/wp-json\/wp\/v2\/pages\/8"}],"wp:attachment":[{"href":"https:\/\/wp.ufpel.edu.br\/nrc\/wp-json\/wp\/v2\/media?parent=93"}],"curies":[{"name":"wp","href":"https:\/\/api.w.org\/{rel}","templated":true}]}}