{"id":481,"date":"2025-06-17T17:08:03","date_gmt":"2025-06-17T20:08:03","guid":{"rendered":"https:\/\/wp.ufpel.edu.br\/nrc\/?page_id=481"},"modified":"2025-06-17T17:08:03","modified_gmt":"2025-06-17T20:08:03","slug":"alocacao-fisica-e-configuracao-de-equipamentos","status":"publish","type":"page","link":"https:\/\/wp.ufpel.edu.br\/nrc\/datacenter\/alocacao-fisica-e-configuracao-de-equipamentos\/","title":{"rendered":"Aloca\u00e7\u00e3o F\u00edsica e Configura\u00e7\u00e3o de Equipamentos"},"content":{"rendered":"","protected":false},"excerpt":{"rendered":"","protected":false},"author":869,"featured_media":0,"parent":391,"menu_order":1,"comment_status":"closed","ping_status":"closed","template":"page-sem-sidebar.php","meta":{"jetpack_post_was_ever_published":false,"footnotes":""},"class_list":["post-481","page","type-page","status-publish","hentry"],"jetpack_sharing_enabled":true,"jetpack_shortlink":"https:\/\/wp.me\/PaLkmL-7L","_links":{"self":[{"href":"https:\/\/wp.ufpel.edu.br\/nrc\/wp-json\/wp\/v2\/pages\/481","targetHints":{"allow":["GET"]}}],"collection":[{"href":"https:\/\/wp.ufpel.edu.br\/nrc\/wp-json\/wp\/v2\/pages"}],"about":[{"href":"https:\/\/wp.ufpel.edu.br\/nrc\/wp-json\/wp\/v2\/types\/page"}],"author":[{"embeddable":true,"href":"https:\/\/wp.ufpel.edu.br\/nrc\/wp-json\/wp\/v2\/users\/869"}],"replies":[{"embeddable":true,"href":"https:\/\/wp.ufpel.edu.br\/nrc\/wp-json\/wp\/v2\/comments?post=481"}],"version-history":[{"count":1,"href":"https:\/\/wp.ufpel.edu.br\/nrc\/wp-json\/wp\/v2\/pages\/481\/revisions"}],"predecessor-version":[{"id":483,"href":"https:\/\/wp.ufpel.edu.br\/nrc\/wp-json\/wp\/v2\/pages\/481\/revisions\/483"}],"up":[{"embeddable":true,"href":"https:\/\/wp.ufpel.edu.br\/nrc\/wp-json\/wp\/v2\/pages\/391"}],"wp:attachment":[{"href":"https:\/\/wp.ufpel.edu.br\/nrc\/wp-json\/wp\/v2\/media?parent=481"}],"curies":[{"name":"wp","href":"https:\/\/api.w.org\/{rel}","templated":true}]}}