{"id":477,"date":"2025-06-17T16:51:57","date_gmt":"2025-06-17T19:51:57","guid":{"rendered":"https:\/\/wp.ufpel.edu.br\/nrc\/?page_id=477"},"modified":"2025-06-17T16:51:57","modified_gmt":"2025-06-17T19:51:57","slug":"solicitacao-de-instalacao-de-software","status":"publish","type":"page","link":"https:\/\/wp.ufpel.edu.br\/nrc\/datacenter\/servidores-ppgc\/solicitacao-de-instalacao-de-software\/","title":{"rendered":"Solicita\u00e7\u00e3o de Instala\u00e7\u00e3o de Software"},"content":{"rendered":"<blockquote><p><strong>ATEN\u00c7\u00c3O:<\/strong> \u00c9 preciso estar logado em sua conta inf.ufpel.edu.br<\/p><\/blockquote>\n<iframe src=\"https:\/\/docs.google.com\/forms\/d\/e\/1FAIpQLScP_9e8IgmkEvGqB5XeYFjFgc98bpLyh0_BWq0vkaikhYw3-g\/viewform?embedded=true\" frameborder=\"0\" width=\"100%\" height=\"2186\" marginheight=\"0\" marginwidth=\"0\" allowfullscreen=\"true\" mozallowfullscreen=\"true\" webkitallowfullscreen=\"true\"><\/iframe>\n<p>Se tiver problema em acessar o formul\u00e1rio por essa p\u00e1gina, use <a href=\"https:\/\/forms.gle\/CNasQonqa7R9pcqb9\" rel=\"noopener\" target=\"_blank\">esse link<\/a>.<\/p>\n","protected":false},"excerpt":{"rendered":"<p>ATEN\u00c7\u00c3O: \u00c9 preciso estar logado em sua conta inf.ufpel.edu.br Se tiver problema em acessar o formul\u00e1rio por essa p\u00e1gina, use esse link.<\/p>\n","protected":false},"author":869,"featured_media":0,"parent":209,"menu_order":3,"comment_status":"closed","ping_status":"closed","template":"page-sem-sidebar.php","meta":{"jetpack_post_was_ever_published":false,"footnotes":""},"class_list":["post-477","page","type-page","status-publish","hentry"],"jetpack_sharing_enabled":true,"jetpack_shortlink":"https:\/\/wp.me\/PaLkmL-7H","_links":{"self":[{"href":"https:\/\/wp.ufpel.edu.br\/nrc\/wp-json\/wp\/v2\/pages\/477","targetHints":{"allow":["GET"]}}],"collection":[{"href":"https:\/\/wp.ufpel.edu.br\/nrc\/wp-json\/wp\/v2\/pages"}],"about":[{"href":"https:\/\/wp.ufpel.edu.br\/nrc\/wp-json\/wp\/v2\/types\/page"}],"author":[{"embeddable":true,"href":"https:\/\/wp.ufpel.edu.br\/nrc\/wp-json\/wp\/v2\/users\/869"}],"replies":[{"embeddable":true,"href":"https:\/\/wp.ufpel.edu.br\/nrc\/wp-json\/wp\/v2\/comments?post=477"}],"version-history":[{"count":2,"href":"https:\/\/wp.ufpel.edu.br\/nrc\/wp-json\/wp\/v2\/pages\/477\/revisions"}],"predecessor-version":[{"id":480,"href":"https:\/\/wp.ufpel.edu.br\/nrc\/wp-json\/wp\/v2\/pages\/477\/revisions\/480"}],"up":[{"embeddable":true,"href":"https:\/\/wp.ufpel.edu.br\/nrc\/wp-json\/wp\/v2\/pages\/209"}],"wp:attachment":[{"href":"https:\/\/wp.ufpel.edu.br\/nrc\/wp-json\/wp\/v2\/media?parent=477"}],"curies":[{"name":"wp","href":"https:\/\/api.w.org\/{rel}","templated":true}]}}