{"id":443,"date":"2025-03-11T12:40:24","date_gmt":"2025-03-11T15:40:24","guid":{"rendered":"https:\/\/wp.ufpel.edu.br\/nrc\/?page_id=443"},"modified":"2025-03-11T13:35:08","modified_gmt":"2025-03-11T16:35:08","slug":"ppgc-agendamento-webcam","status":"publish","type":"page","link":"https:\/\/wp.ufpel.edu.br\/nrc\/recursos\/ppgc-agendamento-webcam\/","title":{"rendered":"Agendamento da Webcam do PPGC\/UFPel"},"content":{"rendered":"<blockquote><p><strong>ATEN\u00c7\u00c3O:<\/strong> \u00c9 preciso estar logado em sua conta inf.ufpel.edu.br<\/p><\/blockquote>\n<p><iframe src=\"https:\/\/calendar.google.com\/calendar\/appointments\/schedules\/AcZssZ3Phg118AxFIndtHy9OlBh6R3TYg8EFbyhROFLkiOH63A-8Q0amR3Dzd6oqqdD3SJioM1xB9Ma4?gv=true\" style=\"border: 0\" width=\"100%\" height=\"1200\" frameborder=\"0\"><\/iframe><\/p>\n<p>Se tiver problema em acessar o agendamento por essa p\u00e1gina, use <a href=\"https:\/\/calendar.app.google\/S2dsWTYdGgjxnQjJ8\" rel=\"noopener\" target=\"_blank\">esse link<\/a>, ou entre em contato pelo e-mail <a href=\"mailto:suporte@inf.ufpel.edu.br\" target=\"_blank\">suporte@inf.ufpel.edu.br<\/a>.<\/p>\n","protected":false},"excerpt":{"rendered":"<p>ATEN\u00c7\u00c3O: \u00c9 preciso estar logado em sua conta inf.ufpel.edu.br Se tiver problema em acessar o agendamento por essa p\u00e1gina, use esse link, ou entre em contato pelo e-mail suporte@inf.ufpel.edu.br.<\/p>\n","protected":false},"author":869,"featured_media":0,"parent":440,"menu_order":0,"comment_status":"closed","ping_status":"closed","template":"page-sem-sidebar.php","meta":{"jetpack_post_was_ever_published":false,"footnotes":""},"class_list":["post-443","page","type-page","status-publish","hentry"],"jetpack_sharing_enabled":true,"jetpack_shortlink":"https:\/\/wp.me\/PaLkmL-79","_links":{"self":[{"href":"https:\/\/wp.ufpel.edu.br\/nrc\/wp-json\/wp\/v2\/pages\/443","targetHints":{"allow":["GET"]}}],"collection":[{"href":"https:\/\/wp.ufpel.edu.br\/nrc\/wp-json\/wp\/v2\/pages"}],"about":[{"href":"https:\/\/wp.ufpel.edu.br\/nrc\/wp-json\/wp\/v2\/types\/page"}],"author":[{"embeddable":true,"href":"https:\/\/wp.ufpel.edu.br\/nrc\/wp-json\/wp\/v2\/users\/869"}],"replies":[{"embeddable":true,"href":"https:\/\/wp.ufpel.edu.br\/nrc\/wp-json\/wp\/v2\/comments?post=443"}],"version-history":[{"count":6,"href":"https:\/\/wp.ufpel.edu.br\/nrc\/wp-json\/wp\/v2\/pages\/443\/revisions"}],"predecessor-version":[{"id":457,"href":"https:\/\/wp.ufpel.edu.br\/nrc\/wp-json\/wp\/v2\/pages\/443\/revisions\/457"}],"up":[{"embeddable":true,"href":"https:\/\/wp.ufpel.edu.br\/nrc\/wp-json\/wp\/v2\/pages\/440"}],"wp:attachment":[{"href":"https:\/\/wp.ufpel.edu.br\/nrc\/wp-json\/wp\/v2\/media?parent=443"}],"curies":[{"name":"wp","href":"https:\/\/api.w.org\/{rel}","templated":true}]}}