{"id":440,"date":"2025-03-11T12:31:24","date_gmt":"2025-03-11T15:31:24","guid":{"rendered":"https:\/\/wp.ufpel.edu.br\/nrc\/?page_id=440"},"modified":"2025-03-11T13:32:36","modified_gmt":"2025-03-11T16:32:36","slug":"recursos","status":"publish","type":"page","link":"https:\/\/wp.ufpel.edu.br\/nrc\/recursos\/","title":{"rendered":"Recursos"},"content":{"rendered":"<p>Esta p\u00e1gina centraliza informa\u00e7\u00f5es e recursos relevantes para alunos e professores dos cursos de Computa\u00e7\u00e3o, oferecendo um sistema de agendamento para equipamentos espec\u00edficos, como a <em>webcam<\/em> do Programa de P\u00f3s-Gradua\u00e7\u00e3o em Computa\u00e7\u00e3o, visando otimizar o planejamento de atividades acad\u00eamicas.<\/p>\n","protected":false},"excerpt":{"rendered":"<p>Esta p\u00e1gina centraliza informa\u00e7\u00f5es e recursos relevantes para alunos e professores dos cursos de Computa\u00e7\u00e3o, oferecendo um sistema de agendamento para equipamentos espec\u00edficos, como a webcam do Programa de P\u00f3s-Gradua\u00e7\u00e3o em Computa\u00e7\u00e3o, visando otimizar o planejamento de atividades acad\u00eamicas.<\/p>\n","protected":false},"author":869,"featured_media":0,"parent":0,"menu_order":0,"comment_status":"closed","ping_status":"closed","template":"page-sem-sidebar.php","meta":{"jetpack_post_was_ever_published":false,"footnotes":""},"class_list":["post-440","page","type-page","status-publish","hentry"],"jetpack_sharing_enabled":true,"jetpack_shortlink":"https:\/\/wp.me\/PaLkmL-76","_links":{"self":[{"href":"https:\/\/wp.ufpel.edu.br\/nrc\/wp-json\/wp\/v2\/pages\/440","targetHints":{"allow":["GET"]}}],"collection":[{"href":"https:\/\/wp.ufpel.edu.br\/nrc\/wp-json\/wp\/v2\/pages"}],"about":[{"href":"https:\/\/wp.ufpel.edu.br\/nrc\/wp-json\/wp\/v2\/types\/page"}],"author":[{"embeddable":true,"href":"https:\/\/wp.ufpel.edu.br\/nrc\/wp-json\/wp\/v2\/users\/869"}],"replies":[{"embeddable":true,"href":"https:\/\/wp.ufpel.edu.br\/nrc\/wp-json\/wp\/v2\/comments?post=440"}],"version-history":[{"count":5,"href":"https:\/\/wp.ufpel.edu.br\/nrc\/wp-json\/wp\/v2\/pages\/440\/revisions"}],"predecessor-version":[{"id":456,"href":"https:\/\/wp.ufpel.edu.br\/nrc\/wp-json\/wp\/v2\/pages\/440\/revisions\/456"}],"wp:attachment":[{"href":"https:\/\/wp.ufpel.edu.br\/nrc\/wp-json\/wp\/v2\/media?parent=440"}],"curies":[{"name":"wp","href":"https:\/\/api.w.org\/{rel}","templated":true}]}}