{"id":431,"date":"2025-03-07T14:35:25","date_gmt":"2025-03-07T17:35:25","guid":{"rendered":"https:\/\/wp.ufpel.edu.br\/nrc\/?page_id=431"},"modified":"2025-06-17T17:09:06","modified_gmt":"2025-06-17T20:09:06","slug":"agendamento-de-manutencao-datacenter","status":"publish","type":"page","link":"https:\/\/wp.ufpel.edu.br\/nrc\/datacenter\/alocacao-fisica-e-configuracao-de-equipamentos\/agendamento-de-manutencao-datacenter\/","title":{"rendered":"Agendamento de Manuten\u00e7\u00e3o dos Servidores Alocados no Datacenter da Computa\u00e7\u00e3o"},"content":{"rendered":"<blockquote><p><strong>ATEN\u00c7\u00c3O:<\/strong> \u00c9 preciso estar logado em sua conta inf.ufpel.edu.br<\/p><\/blockquote>\n<p><iframe src=\"https:\/\/calendar.google.com\/calendar\/appointments\/schedules\/AcZssZ2KeT05UjoFkq7ZvcKecmubZMq2nqGM_ijeBDMArXo5XeDS6OjLnrw9uHta2IImYCEIFlgWL8Vu?gv=true\" style=\"border: 0\" width=\"100%\" height=\"1200\" frameborder=\"0\"><\/iframe><\/p>\n<p>Se tiver problema em acessar o agendamento por essa p\u00e1gina, use <a href=\"https:\/\/calendar.app.google\/VFfKDpQmZuGvMmt37\" rel=\"noopener\" target=\"_blank\">esse link<\/a>, ou entre em contato pelo e-mail <a href=\"mailto:suporte@inf.ufpel.edu.br\" target=\"_blank\">suporte@inf.ufpel.edu.br<\/a>.<\/p>\n","protected":false},"excerpt":{"rendered":"<p>ATEN\u00c7\u00c3O: \u00c9 preciso estar logado em sua conta inf.ufpel.edu.br Se tiver problema em acessar o agendamento por essa p\u00e1gina, use esse link, ou entre em contato pelo e-mail suporte@inf.ufpel.edu.br.<\/p>\n","protected":false},"author":869,"featured_media":0,"parent":481,"menu_order":3,"comment_status":"closed","ping_status":"closed","template":"page-sem-sidebar.php","meta":{"jetpack_post_was_ever_published":false,"footnotes":""},"class_list":["post-431","page","type-page","status-publish","hentry"],"jetpack_sharing_enabled":true,"jetpack_shortlink":"https:\/\/wp.me\/PaLkmL-6X","_links":{"self":[{"href":"https:\/\/wp.ufpel.edu.br\/nrc\/wp-json\/wp\/v2\/pages\/431","targetHints":{"allow":["GET"]}}],"collection":[{"href":"https:\/\/wp.ufpel.edu.br\/nrc\/wp-json\/wp\/v2\/pages"}],"about":[{"href":"https:\/\/wp.ufpel.edu.br\/nrc\/wp-json\/wp\/v2\/types\/page"}],"author":[{"embeddable":true,"href":"https:\/\/wp.ufpel.edu.br\/nrc\/wp-json\/wp\/v2\/users\/869"}],"replies":[{"embeddable":true,"href":"https:\/\/wp.ufpel.edu.br\/nrc\/wp-json\/wp\/v2\/comments?post=431"}],"version-history":[{"count":7,"href":"https:\/\/wp.ufpel.edu.br\/nrc\/wp-json\/wp\/v2\/pages\/431\/revisions"}],"predecessor-version":[{"id":458,"href":"https:\/\/wp.ufpel.edu.br\/nrc\/wp-json\/wp\/v2\/pages\/431\/revisions\/458"}],"up":[{"embeddable":true,"href":"https:\/\/wp.ufpel.edu.br\/nrc\/wp-json\/wp\/v2\/pages\/481"}],"wp:attachment":[{"href":"https:\/\/wp.ufpel.edu.br\/nrc\/wp-json\/wp\/v2\/media?parent=431"}],"curies":[{"name":"wp","href":"https:\/\/api.w.org\/{rel}","templated":true}]}}