{"id":4,"date":"2018-10-22T13:54:08","date_gmt":"2018-10-22T16:54:08","guid":{"rendered":"https:\/\/wp.ufpel.edu.br\/nrc\/?page_id=4"},"modified":"2025-02-28T17:19:27","modified_gmt":"2025-02-28T20:19:27","slug":"laboratorios","status":"publish","type":"page","link":"https:\/\/wp.ufpel.edu.br\/nrc\/laboratorios\/","title":{"rendered":"Laborat\u00f3rios de Ensino"},"content":{"rendered":"<p>Os Laborat\u00f3rios de Ensino da Computa\u00e7\u00e3o possuem como finalidade a execu\u00e7\u00e3o de aulas pr\u00e1ticas relacionadas a diversas disciplinas, bem como as pr\u00e1ticas e exerc\u00edcios propostos pelos professores para serem realizados fora do hor\u00e1rio da aula (Laborat\u00f3rio 6).<\/p>\n","protected":false},"excerpt":{"rendered":"<p>Os Laborat\u00f3rios de Ensino da Computa\u00e7\u00e3o possuem como finalidade a execu\u00e7\u00e3o de aulas pr\u00e1ticas relacionadas a diversas disciplinas, bem como as pr\u00e1ticas e exerc\u00edcios propostos pelos professores para serem realizados fora do hor\u00e1rio da aula (Laborat\u00f3rio 6).<\/p>\n","protected":false},"author":869,"featured_media":0,"parent":0,"menu_order":0,"comment_status":"closed","ping_status":"closed","template":"page-sem-sidebar.php","meta":{"jetpack_post_was_ever_published":false,"footnotes":""},"class_list":["post-4","page","type-page","status-publish","hentry"],"jetpack_sharing_enabled":true,"jetpack_shortlink":"https:\/\/wp.me\/PaLkmL-4","_links":{"self":[{"href":"https:\/\/wp.ufpel.edu.br\/nrc\/wp-json\/wp\/v2\/pages\/4","targetHints":{"allow":["GET"]}}],"collection":[{"href":"https:\/\/wp.ufpel.edu.br\/nrc\/wp-json\/wp\/v2\/pages"}],"about":[{"href":"https:\/\/wp.ufpel.edu.br\/nrc\/wp-json\/wp\/v2\/types\/page"}],"author":[{"embeddable":true,"href":"https:\/\/wp.ufpel.edu.br\/nrc\/wp-json\/wp\/v2\/users\/869"}],"replies":[{"embeddable":true,"href":"https:\/\/wp.ufpel.edu.br\/nrc\/wp-json\/wp\/v2\/comments?post=4"}],"version-history":[{"count":6,"href":"https:\/\/wp.ufpel.edu.br\/nrc\/wp-json\/wp\/v2\/pages\/4\/revisions"}],"predecessor-version":[{"id":425,"href":"https:\/\/wp.ufpel.edu.br\/nrc\/wp-json\/wp\/v2\/pages\/4\/revisions\/425"}],"wp:attachment":[{"href":"https:\/\/wp.ufpel.edu.br\/nrc\/wp-json\/wp\/v2\/media?parent=4"}],"curies":[{"name":"wp","href":"https:\/\/api.w.org\/{rel}","templated":true}]}}