{"id":394,"date":"2024-10-04T10:44:56","date_gmt":"2024-10-04T13:44:56","guid":{"rendered":"https:\/\/wp.ufpel.edu.br\/nrc\/?page_id=394"},"modified":"2025-06-17T17:09:06","modified_gmt":"2025-06-17T20:09:06","slug":"solicitacao-de-alocacao-fisica","status":"publish","type":"page","link":"https:\/\/wp.ufpel.edu.br\/nrc\/datacenter\/alocacao-fisica-e-configuracao-de-equipamentos\/solicitacao-de-alocacao-fisica\/","title":{"rendered":"Solicita\u00e7\u00e3o de Aloca\u00e7\u00e3o F\u00edsica"},"content":{"rendered":"<blockquote><p><strong>ATEN\u00c7\u00c3O:<\/strong> \u00c9 preciso estar logado em sua conta inf.ufpel.edu.br<\/p><\/blockquote>\n<iframe src=\"https:\/\/docs.google.com\/forms\/d\/e\/1FAIpQLSeJhsUS3ZRcdWDM25b4MEgHBalOgerbTQDgWI9q0LST764lFw\/viewform?embedded=true\" frameborder=\"0\" width=\"100%\" height=\"2186\" marginheight=\"0\" marginwidth=\"0\" allowfullscreen=\"true\" mozallowfullscreen=\"true\" webkitallowfullscreen=\"true\"><\/iframe>\n<p>Se tiver problema em acessar o formul\u00e1rio por essa p\u00e1gina, use <a href=\"https:\/\/forms.gle\/DeeJ5PnpEUfWp3zF8\" rel=\"noopener\" target=\"_blank\">esse link<\/a>.<\/p>\n","protected":false},"excerpt":{"rendered":"<p>ATEN\u00c7\u00c3O: \u00c9 preciso estar logado em sua conta inf.ufpel.edu.br Se tiver problema em acessar o formul\u00e1rio por essa p\u00e1gina, use esse link.<\/p>\n","protected":false},"author":869,"featured_media":0,"parent":481,"menu_order":0,"comment_status":"closed","ping_status":"closed","template":"page-sem-sidebar.php","meta":{"jetpack_post_was_ever_published":false,"footnotes":""},"class_list":["post-394","page","type-page","status-publish","hentry"],"jetpack_sharing_enabled":true,"jetpack_shortlink":"https:\/\/wp.me\/PaLkmL-6m","_links":{"self":[{"href":"https:\/\/wp.ufpel.edu.br\/nrc\/wp-json\/wp\/v2\/pages\/394","targetHints":{"allow":["GET"]}}],"collection":[{"href":"https:\/\/wp.ufpel.edu.br\/nrc\/wp-json\/wp\/v2\/pages"}],"about":[{"href":"https:\/\/wp.ufpel.edu.br\/nrc\/wp-json\/wp\/v2\/types\/page"}],"author":[{"embeddable":true,"href":"https:\/\/wp.ufpel.edu.br\/nrc\/wp-json\/wp\/v2\/users\/869"}],"replies":[{"embeddable":true,"href":"https:\/\/wp.ufpel.edu.br\/nrc\/wp-json\/wp\/v2\/comments?post=394"}],"version-history":[{"count":3,"href":"https:\/\/wp.ufpel.edu.br\/nrc\/wp-json\/wp\/v2\/pages\/394\/revisions"}],"predecessor-version":[{"id":398,"href":"https:\/\/wp.ufpel.edu.br\/nrc\/wp-json\/wp\/v2\/pages\/394\/revisions\/398"}],"up":[{"embeddable":true,"href":"https:\/\/wp.ufpel.edu.br\/nrc\/wp-json\/wp\/v2\/pages\/481"}],"wp:attachment":[{"href":"https:\/\/wp.ufpel.edu.br\/nrc\/wp-json\/wp\/v2\/media?parent=394"}],"curies":[{"name":"wp","href":"https:\/\/api.w.org\/{rel}","templated":true}]}}