{"id":358,"date":"2024-07-19T12:44:53","date_gmt":"2024-07-19T15:44:53","guid":{"rendered":"https:\/\/wp.ufpel.edu.br\/nrc\/?page_id=358"},"modified":"2025-05-15T21:45:29","modified_gmt":"2025-05-16T00:45:29","slug":"especificacao-tecnica-dos-servidores","status":"publish","type":"page","link":"https:\/\/wp.ufpel.edu.br\/nrc\/datacenter\/servidores-ppgc\/especificacao-tecnica-dos-servidores\/","title":{"rendered":"Especifica\u00e7\u00e3o T\u00e9cnica dos Servidores"},"content":{"rendered":"<table>\n<thead>\n<tr>\n<th align=\"center\"><strong>Caracter\u00edstica<\/strong><\/th>\n<th align=\"center\"><strong>Hydra<\/strong><\/th>\n<th align=\"center\"><strong>Medusa<\/strong><\/th>\n<th align=\"center\"><strong>Tekoha<\/strong><\/th>\n<\/tr>\n<\/thead>\n<tbody>\n<tr>\n<td align=\"center\">Modelo<\/td>\n<td align=\"center\">SGI H2106-G7<\/td>\n<td align=\"center\">SGI H2106-G7<\/td>\n<td align=\"center\">SGI UV3000<\/td>\n<\/tr>\n<tr>\n<td align=\"center\">Clock da CPU (M\u00e9dia (Min\/M\u00e1x) [Base\/Boost])<\/td>\n<td align=\"center\">1470 MHz (1400\/2300 MHz) [2300\/2300 MHz]<\/td>\n<td align=\"center\">1442 MHz (1400\/2300 MHz) [2300\/2300 MHz]<\/td>\n<td align=\"center\">1310 MHz (1200\/2800 MHz) [2100\/4000 MHz]<\/td>\n<\/tr>\n<tr>\n<td align=\"center\">CPU<\/td>\n<td align=\"center\">AMD Opteron 6276<\/td>\n<td align=\"center\">AMD Opteron 6376<\/td>\n<td align=\"center\">Intel Xeon E5-4650 v3<\/td>\n<\/tr>\n<tr>\n<td align=\"center\">N\u00ba CPUs F\u00edsicas<\/td>\n<td align=\"center\">4<\/td>\n<td align=\"center\">4<\/td>\n<td align=\"center\">8<\/td>\n<\/tr>\n<tr>\n<td align=\"center\">N\u00ba N\u00facleos por CPU<\/td>\n<td align=\"center\">8<\/td>\n<td align=\"center\">8<\/td>\n<td align=\"center\">12<\/td>\n<\/tr>\n<tr>\n<td align=\"center\">Total de N\u00facleos<\/td>\n<td align=\"center\">32<\/td>\n<td align=\"center\">32<\/td>\n<td align=\"center\">96<\/td>\n<\/tr>\n<tr>\n<td align=\"center\">Threads por N\u00facleo<\/td>\n<td align=\"center\">2 (SMT habilitado)<\/td>\n<td align=\"center\">2 (SMT habilitado)<\/td>\n<td align=\"center\">2 (SMT habilitado, Intel Hyper-Threading)<\/td>\n<\/tr>\n<tr>\n<td align=\"center\">Threads por Processador<\/td>\n<td align=\"center\">16<\/td>\n<td align=\"center\">16<\/td>\n<td align=\"center\">24<\/td>\n<\/tr>\n<tr>\n<td align=\"center\">Total de Threads<\/td>\n<td align=\"center\">64<\/td>\n<td align=\"center\">64<\/td>\n<td align=\"center\">192<\/td>\n<\/tr>\n<tr>\n<td align=\"center\">Mem\u00f3ria Atual<\/td>\n<td align=\"center\">128 GB<\/td>\n<td align=\"center\">128 GB<\/td>\n<td align=\"center\">512 GB<\/td>\n<\/tr>\n<tr>\n<td align=\"center\">Tipo de Mem\u00f3ria<\/td>\n<td align=\"center\">Samsung RDIMM DDR3 S\u00edncrona 1600 MHz ECC<\/td>\n<td align=\"center\">Samsung RDIMM DDR3 S\u00edncrona 1600 MHz Registrada (buffered) ECC<\/td>\n<td align=\"center\">Samsung RDIMM DDR4 S\u00edncrona 2134 MHz ECC<\/td>\n<\/tr>\n<tr>\n<td align=\"center\">Velocidade das Mem\u00f3rias<\/td>\n<td align=\"center\">1600 MT\/s<\/td>\n<td align=\"center\">1600 MT\/s<\/td>\n<td align=\"center\">2134 MT\/s<\/td>\n<\/tr>\n<tr>\n<td align=\"center\">Distribui\u00e7\u00e3o das Mem\u00f3rias<\/td>\n<td align=\"center\">32 slots ocupados por 32 m\u00f3dulos de 4 GB cada<\/td>\n<td align=\"center\">32 slots ocupados por 32 m\u00f3dulos de 4 GB cada<\/td>\n<td align=\"center\">64 m\u00f3dulos de 8 GB cada<\/td>\n<\/tr>\n<tr>\n<td align=\"center\">Armazenamento Total<\/td>\n<td align=\"center\">4 TB<\/td>\n<td align=\"center\">4 TB<\/td>\n<td align=\"center\">2 TB<\/td>\n<\/tr>\n<tr>\n<td align=\"center\">Interfaces de Rede<\/td>\n<td align=\"center\">1000 Mbps<\/td>\n<td align=\"center\">1000 Mbps<\/td>\n<td align=\"center\">1000 Mbps<\/td>\n<\/tr>\n<tr>\n<td align=\"center\">GPU<\/td>\n<td align=\"center\">Matrox Systems MGA G200eW WPCM450 (integrada)<\/td>\n<td align=\"center\">Matrox Systems MGA G200eW WPCM450 (integrada)<\/td>\n<td align=\"center\">Matrox Systems G200eR2 (integrada)<\/td>\n<\/tr>\n<tr>\n<td align=\"center\">Informa\u00e7\u00f5es sobre SO<\/td>\n<td align=\"center\">Linux<\/td>\n<td align=\"center\">Linux<\/td>\n<td align=\"center\">Linux<\/td>\n<\/tr>\n<tr>\n<td align=\"center\">Topologia de Hardware<\/td>\n<td align=\"center\"><a href=\"https:\/\/wp.ufpel.edu.br\/nrc\/files\/2025\/05\/hydra-topologia.png\"><img src=\"https:\/\/wp.ufpel.edu.br\/nrc\/files\/2025\/05\/hydra-topologia-200x200.png\" alt=\"Uma representa\u00e7\u00e3o gr\u00e1fica da topologia de hardware do servidor Hydra.\" width=\"200\" height=\"200\" class=\"size-thumbnail wp-image-470\" \/><\/a><\/td>\n<td align=\"center\"><a href=\"https:\/\/wp.ufpel.edu.br\/nrc\/files\/2025\/05\/medusa-topologia.png\"><img src=\"https:\/\/wp.ufpel.edu.br\/nrc\/files\/2025\/05\/medusa-topologia-200x200.png\" alt=\"Uma representa\u00e7\u00e3o gr\u00e1fica da topologia de hardware do servidor Medusa.\" width=\"200\" height=\"200\" class=\"size-thumbnail wp-image-471\" \/><\/a><\/td>\n<td align=\"center\"><a href=\"https:\/\/wp.ufpel.edu.br\/nrc\/files\/2025\/05\/tekoha-topologia.png\"><img src=\"https:\/\/wp.ufpel.edu.br\/nrc\/files\/2025\/05\/tekoha-topologia-200x200.png\" alt=\"Uma representa\u00e7\u00e3o gr\u00e1fica da topologia de hardware do servidor Tekoha.\" width=\"200\" height=\"200\" class=\"size-thumbnail wp-image-472\" \/><\/a><\/td>\n<\/tr>\n<\/tbody>\n<\/table>\n<p><\/p>\n","protected":false},"excerpt":{"rendered":"<p>Caracter\u00edstica Hydra Medusa Tekoha Modelo SGI H2106-G7 SGI H2106-G7 SGI UV3000 Clock da CPU (M\u00e9dia (Min\/M\u00e1x) [Base\/Boost]) 1470 MHz (1400\/2300 MHz) [2300\/2300 MHz] 1442 MHz (1400\/2300 MHz) [2300\/2300 MHz] 1310 MHz (1200\/2800 MHz) [2100\/4000 MHz] CPU AMD Opteron 6276 AMD Opteron 6376 Intel Xeon E5-4650 v3 N\u00ba CPUs F\u00edsicas 4 4 8 N\u00ba N\u00facleos por [&hellip;]<\/p>\n","protected":false},"author":869,"featured_media":0,"parent":209,"menu_order":0,"comment_status":"closed","ping_status":"closed","template":"page-sem-sidebar.php","meta":{"jetpack_post_was_ever_published":false,"footnotes":""},"class_list":["post-358","page","type-page","status-publish","hentry"],"jetpack_sharing_enabled":true,"jetpack_shortlink":"https:\/\/wp.me\/PaLkmL-5M","_links":{"self":[{"href":"https:\/\/wp.ufpel.edu.br\/nrc\/wp-json\/wp\/v2\/pages\/358","targetHints":{"allow":["GET"]}}],"collection":[{"href":"https:\/\/wp.ufpel.edu.br\/nrc\/wp-json\/wp\/v2\/pages"}],"about":[{"href":"https:\/\/wp.ufpel.edu.br\/nrc\/wp-json\/wp\/v2\/types\/page"}],"author":[{"embeddable":true,"href":"https:\/\/wp.ufpel.edu.br\/nrc\/wp-json\/wp\/v2\/users\/869"}],"replies":[{"embeddable":true,"href":"https:\/\/wp.ufpel.edu.br\/nrc\/wp-json\/wp\/v2\/comments?post=358"}],"version-history":[{"count":5,"href":"https:\/\/wp.ufpel.edu.br\/nrc\/wp-json\/wp\/v2\/pages\/358\/revisions"}],"predecessor-version":[{"id":475,"href":"https:\/\/wp.ufpel.edu.br\/nrc\/wp-json\/wp\/v2\/pages\/358\/revisions\/475"}],"up":[{"embeddable":true,"href":"https:\/\/wp.ufpel.edu.br\/nrc\/wp-json\/wp\/v2\/pages\/209"}],"wp:attachment":[{"href":"https:\/\/wp.ufpel.edu.br\/nrc\/wp-json\/wp\/v2\/media?parent=358"}],"curies":[{"name":"wp","href":"https:\/\/api.w.org\/{rel}","templated":true}]}}