{"id":33,"date":"2019-03-20T10:11:30","date_gmt":"2019-03-20T13:11:30","guid":{"rendered":"https:\/\/wp.ufpel.edu.br\/nrc\/?page_id=33"},"modified":"2023-08-23T16:31:55","modified_gmt":"2023-08-23T19:31:55","slug":"emails","status":"publish","type":"page","link":"https:\/\/wp.ufpel.edu.br\/nrc\/emails\/","title":{"rendered":"Email Institucional"},"content":{"rendered":"<p>Os membros da comunidade da Computa\u00e7\u00e3o t\u00eam acesso aos recursos que comp\u00f5em a ferramenta <a href=\"https:\/\/edu.google.com\/intl\/ALL_br\/workspace-for-education\/editions\/overview\/\">Google Workspace for Education<\/a>, os quais incluem servi\u00e7os de e-mail, calend\u00e1rio, contato, troca de mensagens, armazenamento e compartilhamento de documentos.<\/p>\n<p>Para realizar a solicita\u00e7\u00e3o de uma conta, acesse o <a href=\"https:\/\/wp.ufpel.edu.br\/nrc\/emails\/solicitacaoemail\/\">link <\/a><\/p>\n","protected":false},"excerpt":{"rendered":"<p>Os membros da comunidade da Computa\u00e7\u00e3o t\u00eam acesso aos recursos que comp\u00f5em a ferramenta Google Workspace for Education, os quais incluem servi\u00e7os de e-mail, calend\u00e1rio, contato, troca de mensagens, armazenamento e compartilhamento de documentos. Para realizar a solicita\u00e7\u00e3o de uma conta, acesse o link<\/p>\n","protected":false},"author":869,"featured_media":0,"parent":0,"menu_order":0,"comment_status":"closed","ping_status":"closed","template":"page-sem-sidebar.php","meta":{"jetpack_post_was_ever_published":false,"footnotes":""},"class_list":["post-33","page","type-page","status-publish","hentry"],"jetpack_sharing_enabled":true,"jetpack_shortlink":"https:\/\/wp.me\/PaLkmL-x","_links":{"self":[{"href":"https:\/\/wp.ufpel.edu.br\/nrc\/wp-json\/wp\/v2\/pages\/33","targetHints":{"allow":["GET"]}}],"collection":[{"href":"https:\/\/wp.ufpel.edu.br\/nrc\/wp-json\/wp\/v2\/pages"}],"about":[{"href":"https:\/\/wp.ufpel.edu.br\/nrc\/wp-json\/wp\/v2\/types\/page"}],"author":[{"embeddable":true,"href":"https:\/\/wp.ufpel.edu.br\/nrc\/wp-json\/wp\/v2\/users\/869"}],"replies":[{"embeddable":true,"href":"https:\/\/wp.ufpel.edu.br\/nrc\/wp-json\/wp\/v2\/comments?post=33"}],"version-history":[{"count":8,"href":"https:\/\/wp.ufpel.edu.br\/nrc\/wp-json\/wp\/v2\/pages\/33\/revisions"}],"predecessor-version":[{"id":85,"href":"https:\/\/wp.ufpel.edu.br\/nrc\/wp-json\/wp\/v2\/pages\/33\/revisions\/85"}],"wp:attachment":[{"href":"https:\/\/wp.ufpel.edu.br\/nrc\/wp-json\/wp\/v2\/media?parent=33"}],"curies":[{"name":"wp","href":"https:\/\/api.w.org\/{rel}","templated":true}]}}