{"id":229,"date":"2022-08-05T16:12:09","date_gmt":"2022-08-05T19:12:09","guid":{"rendered":"https:\/\/wp.ufpel.edu.br\/nrc\/?page_id=229"},"modified":"2024-08-14T07:07:18","modified_gmt":"2024-08-14T10:07:18","slug":"solicitacao-de-uso-dos-servidores-do-ppgc","status":"publish","type":"page","link":"https:\/\/wp.ufpel.edu.br\/nrc\/datacenter\/servidores-ppgc\/solicitacao-de-uso-dos-servidores-do-ppgc\/","title":{"rendered":"Solicita\u00e7\u00e3o de Uso dos Servidores do PPGC"},"content":{"rendered":"<p><iframe src=\"https:\/\/calendar.google.com\/calendar\/embed?src=inf.ufpel.edu.br_umim2udnac1cgnqojknmcatgkg%40group.calendar.google.com&#038;ctz=America%2FSao_Paulo\" style=\"border: 0\" width=\"100%\" height=\"600\" frameborder=\"0\" scrolling=\"no\"><\/iframe><\/p>\n<blockquote><p><strong>ATEN\u00c7\u00c3O:<\/strong> \u00c9 preciso estar logado em sua conta inf.ufpel.edu.br<\/p><\/blockquote>\n<iframe src=\"https:\/\/docs.google.com\/forms\/d\/e\/1FAIpQLSdsn3OrvlZkr15d0bex6IqlL4HqMJ2XBgabKBPwEpreAHkWQQ\/viewform?embedded=true\" frameborder=\"0\" width=\"100%\" height=\"1200\" marginheight=\"0\" marginwidth=\"0\" allowfullscreen=\"true\" mozallowfullscreen=\"true\" webkitallowfullscreen=\"true\"><\/iframe>\n<p>Se tiver problema em acessar o formul\u00e1rio por essa p\u00e1gina, use <a href=\"https:\/\/forms.gle\/58LegXni5P5SY7mC8\" rel=\"noopener\" target=\"_blank\">esse link<\/a>.<\/p>\n","protected":false},"excerpt":{"rendered":"<p>ATEN\u00c7\u00c3O: \u00c9 preciso estar logado em sua conta inf.ufpel.edu.br Se tiver problema em acessar o formul\u00e1rio por essa p\u00e1gina, use esse link.<\/p>\n","protected":false},"author":869,"featured_media":0,"parent":209,"menu_order":0,"comment_status":"closed","ping_status":"closed","template":"page-sem-sidebar.php","meta":{"jetpack_post_was_ever_published":false,"footnotes":""},"class_list":["post-229","page","type-page","status-publish","hentry"],"jetpack_sharing_enabled":true,"jetpack_shortlink":"https:\/\/wp.me\/PaLkmL-3H","_links":{"self":[{"href":"https:\/\/wp.ufpel.edu.br\/nrc\/wp-json\/wp\/v2\/pages\/229","targetHints":{"allow":["GET"]}}],"collection":[{"href":"https:\/\/wp.ufpel.edu.br\/nrc\/wp-json\/wp\/v2\/pages"}],"about":[{"href":"https:\/\/wp.ufpel.edu.br\/nrc\/wp-json\/wp\/v2\/types\/page"}],"author":[{"embeddable":true,"href":"https:\/\/wp.ufpel.edu.br\/nrc\/wp-json\/wp\/v2\/users\/869"}],"replies":[{"embeddable":true,"href":"https:\/\/wp.ufpel.edu.br\/nrc\/wp-json\/wp\/v2\/comments?post=229"}],"version-history":[{"count":7,"href":"https:\/\/wp.ufpel.edu.br\/nrc\/wp-json\/wp\/v2\/pages\/229\/revisions"}],"predecessor-version":[{"id":366,"href":"https:\/\/wp.ufpel.edu.br\/nrc\/wp-json\/wp\/v2\/pages\/229\/revisions\/366"}],"up":[{"embeddable":true,"href":"https:\/\/wp.ufpel.edu.br\/nrc\/wp-json\/wp\/v2\/pages\/209"}],"wp:attachment":[{"href":"https:\/\/wp.ufpel.edu.br\/nrc\/wp-json\/wp\/v2\/media?parent=229"}],"curies":[{"name":"wp","href":"https:\/\/api.w.org\/{rel}","templated":true}]}}