{"id":261,"date":"2014-04-14T16:52:18","date_gmt":"2014-04-14T19:52:18","guid":{"rendered":"https:\/\/wp.ufpel.edu.br\/laag\/?page_id=261"},"modified":"2014-08-28T16:49:59","modified_gmt":"2014-08-28T19:49:59","slug":"projetos","status":"publish","type":"page","link":"https:\/\/wp.ufpel.edu.br\/npsa\/projetos\/","title":{"rendered":"Projetos"},"content":{"rendered":"<p>&nbsp;<\/p>\n<h1>Res\u00edduos S\u00f3lidos<\/h1>\n<p><img class=\"aligncenter wp-image-275\" src=\"https:\/\/wp.ufpel.edu.br\/laag\/files\/2014\/04\/1353527272residuos_solidos.jpg\" alt=\"1353527272residuos_solidos\" width=\"413\" height=\"330\" srcset=\"https:\/\/wp.ufpel.edu.br\/npsa\/files\/2014\/04\/1353527272residuos_solidos.jpg 600w, https:\/\/wp.ufpel.edu.br\/npsa\/files\/2014\/04\/1353527272residuos_solidos-198x159.jpg 198w, https:\/\/wp.ufpel.edu.br\/npsa\/files\/2014\/04\/1353527272residuos_solidos-397x318.jpg 397w\" sizes=\"(max-width: 413px) 100vw, 413px\" \/><\/p>\n<h3>Um pouco sobre o Programa<\/h3>\n<p>O programa ser\u00e1 caracterizado por atividades de capacita\u00e7\u00e3o, como cursos para servidores t\u00e9cnicos municipais, estaduais e federais; realiza\u00e7\u00e3o de oficinas de reciclagem e atividades de consultoria para elabora\u00e7\u00e3o dos planos integrados de manejo de res\u00edduos s\u00f3lidos.<br \/>\nPara saber mais :\u00a0<strong><a title=\"Res\u00edduos S\u00f3lidos \" href=\"https:\/\/wp.ufpel.edu.br\/residuos\/\">Clique aqui!<\/a><\/strong><\/p>\n<p>&nbsp;<\/p>\n<h1>Piscicultura<\/h1>\n<p>&nbsp;<\/p>\n<p><a href=\"https:\/\/wp.ufpel.edu.br\/laag\/files\/2014\/05\/criacao-de-peixes-piscicultura1.jpg\"><img class=\"aligncenter wp-image-293\" src=\"https:\/\/wp.ufpel.edu.br\/laag\/files\/2014\/05\/criacao-de-peixes-piscicultura1.jpg\" alt=\"\" width=\"480\" height=\"332\" srcset=\"https:\/\/wp.ufpel.edu.br\/npsa\/files\/2014\/05\/criacao-de-peixes-piscicultura1.jpg 291w, https:\/\/wp.ufpel.edu.br\/npsa\/files\/2014\/05\/criacao-de-peixes-piscicultura1-212x146.jpg 212w\" sizes=\"(max-width: 480px) 100vw, 480px\" \/><\/a><\/p>\n<p>&nbsp;<\/p>\n<h3>Um pouco sobre o Programa<\/h3>\n<p><span style=\"font-size: 10pt\"><span style=\"color: #000000\">O programa de fortalecimento da cadeia da piscicultura nos munic\u00edpios do entorno da Lagoa Mirim (regi\u00e3o sul do RS) visa desenvolver atividades de capacita\u00e7\u00e3o, treinamento e aux\u00edlio de t\u00e9cnicos extensionistas municipais, estaduais e federais, na elabora\u00e7\u00e3o e implanta\u00e7\u00e3o de projetos em piscicultura na regi\u00e3o de abrang\u00eancia.<br \/>\n<\/span><span style=\"color: #000000\">Para saber mais :<\/span>\u00a0<strong><span style=\"color: #000000\"><a title=\"Piscicultura \" href=\"https:\/\/wp.ufpel.edu.br\/piscicultura\/\"><span style=\"color: #000000\">Clique aqui!<\/span><\/a><\/span><\/strong><\/span><\/p>\n<p>&nbsp;<\/p>\n<h1><strong>Desastres Naturais<\/strong><\/h1>\n<p><img class=\"attachment-266x266\" src=\"https:\/\/wp.ufpel.edu.br\/laag\/files\/2014\/08\/mapa-rs-320x318.jpg\" alt=\"mapa rs\" width=\"389\" height=\"302\" \/><\/p>\n<h3>Um pouco sobre o Programa<\/h3>\n<p><span style=\"font-size: 10pt\"><span style=\"color: #000000\">O Programa de Gest\u00e3o e Preven\u00e7\u00e3o de \u00e1reas de riscos a desastres naturais, vai atuar em munic\u00edpios do Rio Grande do Sul sendo aproximadamente 40 munic\u00edpios. O Programa visa desenvolver atividades de capacita\u00e7\u00e3o aos munic\u00edpios e aos \u00f3rg\u00e3os competentes para qualificar seu quadro t\u00e9cnico.<br \/>\n<\/span><span style=\"color: #000000\">Para saber mais:<\/span>\u00a0<strong><span style=\"color: #000000\"><a href=\"https:\/\/wp.ufpel.edu.br\/desastres\"><span style=\"color: #000000\">Clique Aqui!<\/span><\/a><\/span><\/strong><\/span><\/p>\n","protected":false},"excerpt":{"rendered":"<p>&nbsp; Res\u00edduos S\u00f3lidos Um pouco sobre o Programa O programa ser\u00e1 caracterizado por atividades de capacita\u00e7\u00e3o, como cursos para servidores t\u00e9cnicos municipais, estaduais e federais; realiza\u00e7\u00e3o de oficinas de reciclagem e atividades de consultoria para elabora\u00e7\u00e3o dos planos integrados de manejo de res\u00edduos s\u00f3lidos. Para saber mais :\u00a0Clique aqui! &nbsp; Piscicultura &nbsp; &nbsp; Um pouco [&hellip;]<\/p>\n","protected":false},"author":360,"featured_media":325,"parent":0,"menu_order":0,"comment_status":"closed","ping_status":"open","template":"","meta":{"footnotes":""},"class_list":["post-261","page","type-page","status-publish","has-post-thumbnail","hentry"],"_links":{"self":[{"href":"https:\/\/wp.ufpel.edu.br\/npsa\/wp-json\/wp\/v2\/pages\/261","targetHints":{"allow":["GET"]}}],"collection":[{"href":"https:\/\/wp.ufpel.edu.br\/npsa\/wp-json\/wp\/v2\/pages"}],"about":[{"href":"https:\/\/wp.ufpel.edu.br\/npsa\/wp-json\/wp\/v2\/types\/page"}],"author":[{"embeddable":true,"href":"https:\/\/wp.ufpel.edu.br\/npsa\/wp-json\/wp\/v2\/users\/360"}],"replies":[{"embeddable":true,"href":"https:\/\/wp.ufpel.edu.br\/npsa\/wp-json\/wp\/v2\/comments?post=261"}],"version-history":[{"count":22,"href":"https:\/\/wp.ufpel.edu.br\/npsa\/wp-json\/wp\/v2\/pages\/261\/revisions"}],"predecessor-version":[{"id":326,"href":"https:\/\/wp.ufpel.edu.br\/npsa\/wp-json\/wp\/v2\/pages\/261\/revisions\/326"}],"wp:featuredmedia":[{"embeddable":true,"href":"https:\/\/wp.ufpel.edu.br\/npsa\/wp-json\/wp\/v2\/media\/325"}],"wp:attachment":[{"href":"https:\/\/wp.ufpel.edu.br\/npsa\/wp-json\/wp\/v2\/media?parent=261"}],"curies":[{"name":"wp","href":"https:\/\/api.w.org\/{rel}","templated":true}]}}