{"id":240,"date":"2017-11-17T15:44:10","date_gmt":"2017-11-17T17:44:10","guid":{"rendered":"https:\/\/wp.ufpel.edu.br\/nphr\/?page_id=240"},"modified":"2017-11-17T15:44:10","modified_gmt":"2017-11-17T17:44:10","slug":"corpo-editorial","status":"publish","type":"page","link":"https:\/\/wp.ufpel.edu.br\/nphr\/corpo-editorial\/","title":{"rendered":"Corpo Editorial"},"content":{"rendered":"<p><strong>Editorial:<\/strong><\/p>\n<p>Adriano Comissolli (UFSM)<\/p>\n<p>Ana Inez Klein (UFPEL)<\/p>\n<p>Edgar \u00c1vila Gandra\u00a0(UFPEL)<\/p>\n<p>Juarez Rodrigues Fu\u00e3o (FURG)<\/p>\n<p>Marcos C\u00e9sar Borges da Silveira\u00a0(UFPEL)<\/p>\n<p>Maria Cristina Bohn Martins (UNISINOS)<\/p>\n<p>Paulo C\u00e9sar Possamai\u00a0(UFPEL)<\/p>\n<p>&nbsp;<\/p>\n<p><b>Peridiocidade:<\/b><\/p>\n<p>Anual<\/p>\n<p>&nbsp;<\/p>\n<p><b>Idiomas aceitos para publica\u00e7\u00e3o:<\/b><\/p>\n<p>Portugu\u00eas e Espanhol<\/p>\n<p>&nbsp;<\/p>\n<p><b>Autor Corporativo:<\/b><\/p>\n<p>Instituto Hist\u00f3rico e Geogr\u00e1fico de Pelotas \u2013 IHGPEL<\/p>\n<p>Pra\u00e7a Rio Branco, 06 \u2013 CENTRO<\/p>\n<p>Pelotas \u2013 RS, Brasil \u2013 CEP: 96010-340<\/p>\n","protected":false},"excerpt":{"rendered":"<p>Editorial: Adriano Comissolli (UFSM) Ana Inez Klein (UFPEL) Edgar \u00c1vila Gandra\u00a0(UFPEL) Juarez Rodrigues Fu\u00e3o (FURG) Marcos C\u00e9sar Borges da Silveira\u00a0(UFPEL) Maria Cristina Bohn Martins (UNISINOS) Paulo C\u00e9sar Possamai\u00a0(UFPEL) &nbsp; Peridiocidade: Anual &nbsp; Idiomas aceitos para publica\u00e7\u00e3o: Portugu\u00eas e Espanhol &nbsp; Autor Corporativo: Instituto Hist\u00f3rico e Geogr\u00e1fico de Pelotas \u2013 IHGPEL Pra\u00e7a Rio Branco, 06 \u2013 [&hellip;]<\/p>\n","protected":false},"author":692,"featured_media":0,"parent":0,"menu_order":0,"comment_status":"closed","ping_status":"closed","template":"","meta":{"footnotes":""},"class_list":["post-240","page","type-page","status-publish","hentry"],"_links":{"self":[{"href":"https:\/\/wp.ufpel.edu.br\/nphr\/wp-json\/wp\/v2\/pages\/240","targetHints":{"allow":["GET"]}}],"collection":[{"href":"https:\/\/wp.ufpel.edu.br\/nphr\/wp-json\/wp\/v2\/pages"}],"about":[{"href":"https:\/\/wp.ufpel.edu.br\/nphr\/wp-json\/wp\/v2\/types\/page"}],"author":[{"embeddable":true,"href":"https:\/\/wp.ufpel.edu.br\/nphr\/wp-json\/wp\/v2\/users\/692"}],"replies":[{"embeddable":true,"href":"https:\/\/wp.ufpel.edu.br\/nphr\/wp-json\/wp\/v2\/comments?post=240"}],"version-history":[{"count":1,"href":"https:\/\/wp.ufpel.edu.br\/nphr\/wp-json\/wp\/v2\/pages\/240\/revisions"}],"predecessor-version":[{"id":243,"href":"https:\/\/wp.ufpel.edu.br\/nphr\/wp-json\/wp\/v2\/pages\/240\/revisions\/243"}],"wp:attachment":[{"href":"https:\/\/wp.ufpel.edu.br\/nphr\/wp-json\/wp\/v2\/media?parent=240"}],"curies":[{"name":"wp","href":"https:\/\/api.w.org\/{rel}","templated":true}]}}