{"id":236,"date":"2017-11-17T15:41:01","date_gmt":"2017-11-17T17:41:01","guid":{"rendered":"https:\/\/wp.ufpel.edu.br\/nphr\/?page_id=236"},"modified":"2019-09-11T12:20:04","modified_gmt":"2019-09-11T15:20:04","slug":"normas-para-publicacao","status":"publish","type":"page","link":"https:\/\/wp.ufpel.edu.br\/nphr\/normas-para-publicacao\/","title":{"rendered":"Normas para publica\u00e7\u00e3o"},"content":{"rendered":"<div id=\"authorGuidelines\">\n<h2><strong>Especifica\u00e7\u00f5es formais<\/strong><\/h2>\n<p><strong>Todas as propostas devem estar em editor de texto Microsoft Word, com fonte Times New Roman tamanho 12 e espa\u00e7o 1,5.<\/strong><\/p>\n<p>Os artigos podem ter at\u00e9\u00a0<strong>30.000 caractere<\/strong>s, considerados os espa\u00e7os, sendo o m\u00ednimo 15.000 caracteres. O resumo deve apresentar no m\u00e1ximo,\u00a0<strong>800 caracteres\u00a0<\/strong>(inclu\u00eddos os espa\u00e7os) e incluir<strong>\u00a03 palavras-chave.<\/strong><\/p>\n<p><strong>O t\u00edtulo, o nome do autor, o resumo e as palavras-chave devem ser apresentados nessa ordem.<\/strong><\/p>\n<p>Os textos podem ser publicados em portugu\u00eas ou espanhol.<\/p>\n<p>Os textos podem conter um m\u00e1ximo de 3 fotos, imagens ou figuras.<\/p>\n<p>As edi\u00e7\u00f5es cr\u00edticas de fontes e documentos seguir\u00e3o as mesmas especifica\u00e7\u00f5es dos artigos.<\/p>\n<p>As notas devem ser colocadas no rodap\u00e9 da p\u00e1gina e a bibliografia complementar ao final do texto. As cita\u00e7\u00f5es de at\u00e9 tr\u00eas linhas devem estar entre aspas e no corpo do texto. J\u00e1 as cita\u00e7\u00f5es com mais de tr\u00eas linhas devem ser destacadas em corpo menor, sem aspas e com recuo \u00e0 esquerda de 1,25cm. As interven\u00e7\u00f5es feitas nas cita\u00e7\u00f5es (introdu\u00e7\u00e3o de termos e explica\u00e7\u00f5es) devem ser colocadas entre colchetes. As omiss\u00f5es de trechos da cita\u00e7\u00e3o podem ser marcadas por retic\u00eancias entre par\u00eanteses.<\/p>\n<p>Os termos em idiomas diferentes do idioma do texto devem ser grafados em\u00a0<em>it\u00e1lico.<\/em><\/p>\n<p>As cita\u00e7\u00f5es bibliogr\u00e1ficas das notas de rodap\u00e9 e da bibliografia final devem seguir as normas da ABNT.<\/p>\n<h5>Para livros, disserta\u00e7\u00f5es, teses, artigos e similares<\/h5>\n<p>SOBRENOME, Nome. T\u00edtulo da obra ou livro em it\u00e1lico: subt\u00edtulo. Tradu\u00e7\u00e3o. Edi\u00e7\u00e3o. Cidade: Editora, ano, p.<\/p>\n<p>SOBRENOME, Nome. T\u00edtulo do cap\u00edtulo ou parte do livro. In: SOBRENOME, Nome (ed.; org.; coord.; etc.); ou Idem. T\u00edtulo em it\u00e1lico: subt\u00edtulo. Tradu\u00e7\u00e3o. Edi\u00e7\u00e3o. Cidade: Editora, ano, p.<\/p>\n<p>SOBRENOME, Nome. T\u00edtulo do artigo. T\u00edtulo do peri\u00f3dico em it\u00e1lico. Cidade: Editora, vol., fasc., ano, p.<\/p>\n<p>SOBRENOME, Nome. T\u00edtulo do artigo ou mat\u00e9ria. Jornal em it\u00e1lico, Cidade, dd\/mm\/aaaa, caderno, p.<\/p>\n<p>SOBRENOME, Nome. T\u00edtulo do trabalho apresentado. In: NOME DO EVENTO, n\u00famero, ano, local. Resumos, Anais, Atas, Proceedings em it\u00e1lico. Cidade: editora, ano, p.<\/p>\n<p>SOBRENOME, Nome. T\u00edtulo da tese\/disserta\u00e7\u00e3o em it\u00e1lico. Tese de doutorado\/disserta\u00e7\u00e3o de mestrado, \u00e1rea, departamento\/instituto, universidade, ano.<\/p>\n<p>NOME DO EVENTO, n\u00famero, ano, local.<\/p>\n<p>Observa\u00e7\u00e3o: o nome do autor nunca deve ser abreviado.<\/p>\n<h5>Para fontes e documentos<\/h5>\n<p>Autor. Tipo de Documento. Data. Informa\u00e7\u00f5es descritivas seguidas de v\u00edrgula. Informa\u00e7\u00f5es de localiza\u00e7\u00e3o seguidas de v\u00edrgula.<\/p>\n<h5>Para materiais iconogr\u00e1ficos<\/h5>\n<p>Autor. T\u00edtulo em it\u00e1lico. Data. Suporte (pintura, gravura, fotografia, etc), demais informa\u00e7\u00f5es seguidas por v\u00edrgula.<\/p>\n<h5>Para materiais cartogr\u00e1ficos<\/h5>\n<p>Autor. T\u00edtulo em it\u00e1lico. Local: editora, ano. Designa\u00e7\u00e3o espec\u00edfica (1 atlas, mapa, fotografia a\u00e9rea). Escala. Demais informa\u00e7\u00f5es seguidas de v\u00edrgula.<\/p>\n<h5>Para materiais constantes na Internet<\/h5>\n<p>Utilizar as mesmas normas acima para cada tipo de material, acrescentando, ao final da refer\u00eancia, as seguintes express\u00f5es e dados: Dispon\u00edvel em&lt;http:\/\/&gt; e Acesso em dd\/mm\/aaaa.<\/p>\n<p>&nbsp;<\/p>\n<\/div>\n<div id=\"submissionPreparationChecklist\"><\/div>\n<div id=\"copyrightNotice\">\n<h3>Declara\u00e7\u00e3o de Direito Autoral<\/h3>\n<p>Ao encaminhar os originais, o(s) autor(es) cede(m) os direitos de publica\u00e7\u00e3o os Anais do NPHR.<\/p>\n<div class=\"separator\"><\/div>\n<\/div>\n<div id=\"privacyStatement\">\n<h3>Pol\u00edtica de Privacidade<\/h3>\n<p>Os nomes e endere\u00e7os informados nestes Anais ser\u00e3o usados exclusivamente para os servi\u00e7os prestados por esta publica\u00e7\u00e3o, n\u00e3o sendo disponibilizados para outras finalidades ou \u00e0 terceiros.<\/p>\n<\/div>\n","protected":false},"excerpt":{"rendered":"<p>Especifica\u00e7\u00f5es formais Todas as propostas devem estar em editor de texto Microsoft Word, com fonte Times New Roman tamanho 12 e espa\u00e7o 1,5. Os artigos podem ter at\u00e9\u00a030.000 caracteres, considerados os espa\u00e7os, sendo o m\u00ednimo 15.000 caracteres. O resumo deve apresentar no m\u00e1ximo,\u00a0800 caracteres\u00a0(inclu\u00eddos os espa\u00e7os) e incluir\u00a03 palavras-chave. O t\u00edtulo, o nome do autor, [&hellip;]<\/p>\n","protected":false},"author":692,"featured_media":0,"parent":0,"menu_order":0,"comment_status":"closed","ping_status":"closed","template":"","meta":{"footnotes":""},"class_list":["post-236","page","type-page","status-publish","hentry"],"_links":{"self":[{"href":"https:\/\/wp.ufpel.edu.br\/nphr\/wp-json\/wp\/v2\/pages\/236","targetHints":{"allow":["GET"]}}],"collection":[{"href":"https:\/\/wp.ufpel.edu.br\/nphr\/wp-json\/wp\/v2\/pages"}],"about":[{"href":"https:\/\/wp.ufpel.edu.br\/nphr\/wp-json\/wp\/v2\/types\/page"}],"author":[{"embeddable":true,"href":"https:\/\/wp.ufpel.edu.br\/nphr\/wp-json\/wp\/v2\/users\/692"}],"replies":[{"embeddable":true,"href":"https:\/\/wp.ufpel.edu.br\/nphr\/wp-json\/wp\/v2\/comments?post=236"}],"version-history":[{"count":3,"href":"https:\/\/wp.ufpel.edu.br\/nphr\/wp-json\/wp\/v2\/pages\/236\/revisions"}],"predecessor-version":[{"id":355,"href":"https:\/\/wp.ufpel.edu.br\/nphr\/wp-json\/wp\/v2\/pages\/236\/revisions\/355"}],"wp:attachment":[{"href":"https:\/\/wp.ufpel.edu.br\/nphr\/wp-json\/wp\/v2\/media?parent=236"}],"curies":[{"name":"wp","href":"https:\/\/api.w.org\/{rel}","templated":true}]}}