{"id":115,"date":"2017-08-28T17:09:47","date_gmt":"2017-08-28T20:09:47","guid":{"rendered":"https:\/\/wp.ufpel.edu.br\/nphr\/?page_id=115"},"modified":"2025-05-16T14:58:04","modified_gmt":"2025-05-16T17:58:04","slug":"livros-em-pdf","status":"publish","type":"page","link":"https:\/\/wp.ufpel.edu.br\/nphr\/livros-em-pdf\/","title":{"rendered":"Livros em PDF"},"content":{"rendered":"<p><a href=\"https:\/\/wp.ufpel.edu.br\/nphr\/files\/2025\/05\/Dall-Italia-siamo-partiti.pdf\">Dall Italia siamo partiti<\/a><\/p>\n<p><a href=\"https:\/\/wp.ufpel.edu.br\/nphr\/files\/2017\/08\/COLONIA-DEL-SACRAMENTO-VIDA-COTIDIANA.pdf\">COLONIA DEL SACRAMENTO VIDA COTIDIANA<\/a><\/p>\n<p><a href=\"https:\/\/wp.ufpel.edu.br\/nphr\/files\/2017\/08\/CONQUISTAR-E-DEFENDER-2.pdf\">CONQUISTAR E DEFENDER<\/a><\/p>\n<p><a href=\"https:\/\/wp.ufpel.edu.br\/nphr\/files\/2022\/02\/A-Vida-Quotidiana-Na-Colonia-Do-Sacramento-Paulo-Possamai.pdf\">A Vida Quotidiana Na Col\u00f3nia Do Sacramento Paulo Possamai<\/a><\/p>\n<p><a href=\"https:\/\/wp.ufpel.edu.br\/nphr\/files\/2017\/08\/ESTUDOS-DE-HISTORIA-DO-COTIDIANO.pdf\">ESTUDOS DE HIST\u00d3RIA DO COTIDIANO: VIII e IX Semin\u00e1rios de Hist\u00f3ria do RS<\/a><\/p>\n<p><a href=\"https:\/\/wp.ufpel.edu.br\/nphr\/files\/2017\/08\/GENTE-DE-GUERRA-E-FRONTEIRA.pdf\">GENTE DE GUERRA E FRONTEIRA<\/a><\/p>\n<p><a href=\"https:\/\/wp.ufpel.edu.br\/nphr\/files\/2018\/12\/Estudos-de-Historia-Regional.pdf\">ESTUDOS DE HIST\u00d3RIA REGIONAL<\/a><\/p>\n<p><a href=\"https:\/\/wp.ufpel.edu.br\/nphr\/files\/2018\/10\/DIARIO-DO-SITIO-DA-COLONIA.pdf\">DI\u00c1RIO DO S\u00cdTIO DA COL\u00d4NIA DO SACRAMENTO (1735-1737) &#8211; PAULO POSSAMAI<\/a><\/p>\n<p><a href=\"https:\/\/wp.ufpel.edu.br\/nphr\/files\/2017\/09\/Anais-Seminario-de-Historia-do-Rio-Grande-do-Sul-Imigracao-e-Cultura.pdf\">VII SEMIN\u00c1RIO DE HIST\u00d3RIA DO RIO GRANDE DO SUL (IMIGRA\u00c7\u00c3O E CULTURA)<\/a><a href=\"https:\/\/wp.ufpel.edu.br\/nphr\/files\/2023\/09\/Italia.pdf\">Italia<\/a><\/p>\n","protected":false},"excerpt":{"rendered":"<p>Dall Italia siamo partiti COLONIA DEL SACRAMENTO VIDA COTIDIANA CONQUISTAR E DEFENDER A Vida Quotidiana Na Col\u00f3nia Do Sacramento Paulo Possamai ESTUDOS DE HIST\u00d3RIA DO COTIDIANO: VIII e IX Semin\u00e1rios de Hist\u00f3ria do RS GENTE DE GUERRA E FRONTEIRA ESTUDOS DE HIST\u00d3RIA REGIONAL DI\u00c1RIO DO S\u00cdTIO DA COL\u00d4NIA DO SACRAMENTO (1735-1737) &#8211; PAULO POSSAMAI VII [&hellip;]<\/p>\n","protected":false},"author":692,"featured_media":0,"parent":0,"menu_order":0,"comment_status":"closed","ping_status":"closed","template":"","meta":{"footnotes":""},"class_list":["post-115","page","type-page","status-publish","hentry"],"_links":{"self":[{"href":"https:\/\/wp.ufpel.edu.br\/nphr\/wp-json\/wp\/v2\/pages\/115","targetHints":{"allow":["GET"]}}],"collection":[{"href":"https:\/\/wp.ufpel.edu.br\/nphr\/wp-json\/wp\/v2\/pages"}],"about":[{"href":"https:\/\/wp.ufpel.edu.br\/nphr\/wp-json\/wp\/v2\/types\/page"}],"author":[{"embeddable":true,"href":"https:\/\/wp.ufpel.edu.br\/nphr\/wp-json\/wp\/v2\/users\/692"}],"replies":[{"embeddable":true,"href":"https:\/\/wp.ufpel.edu.br\/nphr\/wp-json\/wp\/v2\/comments?post=115"}],"version-history":[{"count":11,"href":"https:\/\/wp.ufpel.edu.br\/nphr\/wp-json\/wp\/v2\/pages\/115\/revisions"}],"predecessor-version":[{"id":390,"href":"https:\/\/wp.ufpel.edu.br\/nphr\/wp-json\/wp\/v2\/pages\/115\/revisions\/390"}],"wp:attachment":[{"href":"https:\/\/wp.ufpel.edu.br\/nphr\/wp-json\/wp\/v2\/media?parent=115"}],"curies":[{"name":"wp","href":"https:\/\/api.w.org\/{rel}","templated":true}]}}