{"id":519,"date":"2017-08-15T13:13:34","date_gmt":"2017-08-15T16:13:34","guid":{"rendered":"https:\/\/wp.ufpel.edu.br\/cga\/?page_id=519"},"modified":"2018-01-04T13:40:14","modified_gmt":"2018-01-04T15:40:14","slug":"logistica-sustentavel","status":"publish","type":"page","link":"https:\/\/wp.ufpel.edu.br\/npa\/logistica-sustentavel\/","title":{"rendered":"LOG\u00cdSTICA SUSTENT\u00c1VEL"},"content":{"rendered":"<p>Com a publica\u00e7\u00e3o do\u00a0<a href=\"https:\/\/wp.ufpel.edu.br\/pls\/files\/2017\/06\/Decreto-n%C2%BA-7746_DS_Adm_Publica_Federal.pdf\">Decreto 7.746\/2012<\/a>, as institui\u00e7\u00f5es p\u00fablicas tem compromisso legal com a promo\u00e7\u00e3o do desenvolvimento nacional sustent\u00e1vel. Posteriormente, a edi\u00e7\u00e3o da\u00a0<a href=\"https:\/\/wp.ufpel.edu.br\/pls\/files\/2017\/06\/Instru%C3%A7%C3%A3o-Normativa-2012.pdf\">Instru\u00e7\u00e3o Normativa \u00a0SLTI\/MPOG n\u00ba10\/2012<\/a>\u00a0trouxe a regulamenta\u00e7\u00e3o que prev\u00ea a elabora\u00e7\u00e3o, implementa\u00e7\u00e3o e execu\u00e7\u00e3o do Plano de Log\u00edstica Sustent\u00e1vel (PLS) enquanto ferramenta de suporte para as pr\u00e1ticas de sustentabilidade adotadas.<\/p>\n<p><a href=\"https:\/\/wp.ufpel.edu.br\/cga\/files\/2017\/08\/PLS-UFPel.png\"><img class=\" wp-image-495 aligncenter\" src=\"https:\/\/wp.ufpel.edu.br\/cga\/files\/2017\/08\/PLS-UFPel-400x89.png\" alt=\"\" width=\"566\" height=\"126\" srcset=\"https:\/\/wp.ufpel.edu.br\/npa\/files\/2017\/08\/PLS-UFPel-400x89.png 400w, https:\/\/wp.ufpel.edu.br\/npa\/files\/2017\/08\/PLS-UFPel-768x172.png 768w, https:\/\/wp.ufpel.edu.br\/npa\/files\/2017\/08\/PLS-UFPel.png 984w\" sizes=\"(max-width: 566px) 100vw, 566px\" \/><\/a><\/p>\n<p>Atento \u00e0 esta necessidade, o N\u00facleo de Planejamento Ambiental da UFPel fomentou a cria\u00e7\u00e3o da Comiss\u00e3o Gestora do PLS. Em junho de 2017, por meio da Portaria UFPel 1167\/2017, a Reitoria da UFPel institui a\u00a0<a href=\"https:\/\/wp.ufpel.edu.br\/pls\/comissao\/\">Comiss\u00e3o Gestora do Plano de Log\u00edstica Sustent\u00e1vel<\/a>\u00a0para a constru\u00e7\u00e3o do PLS da Universidade. A atua\u00e7\u00e3o da Comiss\u00e3o e maiores informa\u00e7\u00f5es sobre o tema podem ser acompanhados no site do PLS,\u00a0https:\/\/wp.ufpel.edu.br\/pls\/<\/p>\n","protected":false},"excerpt":{"rendered":"<p>Com a publica\u00e7\u00e3o do\u00a0Decreto 7.746\/2012, as institui\u00e7\u00f5es p\u00fablicas tem compromisso legal com a promo\u00e7\u00e3o do desenvolvimento nacional sustent\u00e1vel. Posteriormente, a edi\u00e7\u00e3o da\u00a0Instru\u00e7\u00e3o Normativa \u00a0SLTI\/MPOG n\u00ba10\/2012\u00a0trouxe a regulamenta\u00e7\u00e3o que prev\u00ea a elabora\u00e7\u00e3o, implementa\u00e7\u00e3o e execu\u00e7\u00e3o do Plano de Log\u00edstica Sustent\u00e1vel (PLS) enquanto ferramenta de suporte para as pr\u00e1ticas de sustentabilidade adotadas. Atento \u00e0 esta necessidade, o [&hellip;]<\/p>\n","protected":false},"author":821,"featured_media":0,"parent":0,"menu_order":0,"comment_status":"closed","ping_status":"closed","template":"","meta":{"footnotes":""},"class_list":["post-519","page","type-page","status-publish","hentry"],"_links":{"self":[{"href":"https:\/\/wp.ufpel.edu.br\/npa\/wp-json\/wp\/v2\/pages\/519","targetHints":{"allow":["GET"]}}],"collection":[{"href":"https:\/\/wp.ufpel.edu.br\/npa\/wp-json\/wp\/v2\/pages"}],"about":[{"href":"https:\/\/wp.ufpel.edu.br\/npa\/wp-json\/wp\/v2\/types\/page"}],"author":[{"embeddable":true,"href":"https:\/\/wp.ufpel.edu.br\/npa\/wp-json\/wp\/v2\/users\/821"}],"replies":[{"embeddable":true,"href":"https:\/\/wp.ufpel.edu.br\/npa\/wp-json\/wp\/v2\/comments?post=519"}],"version-history":[{"count":5,"href":"https:\/\/wp.ufpel.edu.br\/npa\/wp-json\/wp\/v2\/pages\/519\/revisions"}],"predecessor-version":[{"id":650,"href":"https:\/\/wp.ufpel.edu.br\/npa\/wp-json\/wp\/v2\/pages\/519\/revisions\/650"}],"wp:attachment":[{"href":"https:\/\/wp.ufpel.edu.br\/npa\/wp-json\/wp\/v2\/media?parent=519"}],"curies":[{"name":"wp","href":"https:\/\/api.w.org\/{rel}","templated":true}]}}