{"id":27,"date":"2013-11-19T11:48:53","date_gmt":"2013-11-19T13:48:53","guid":{"rendered":"https:\/\/wp.ufpel.edu.br\/cga\/?page_id=27"},"modified":"2022-09-06T16:46:39","modified_gmt":"2022-09-06T19:46:39","slug":"rotulos","status":"publish","type":"page","link":"https:\/\/wp.ufpel.edu.br\/npa\/9-gestao-de-residuos-perigosos__trashed\/rotulos\/","title":{"rendered":"Identifica\u00e7\u00e3o\/Rotulagem de Res\u00edduos"},"content":{"rendered":"<p>Os res\u00edduos biol\u00f3gicos n\u00e3o necessitam de rotulagem. O correto acondicionamento em sacos brancos leitosos ou vermelhos (quando for o caso) e as caixas amarelas para materiais perfurocortantes s\u00e3o suficientes para o correto transporte e destina\u00e7\u00e3o final ambientalmente adequada.<\/p>\n<p>J\u00e1 os res\u00edduos qu\u00edmicos necessitam de rotulagem nos frascos individuais, para a seguran\u00e7a na segrega\u00e7\u00e3o, respeitando as compatibilidades qu\u00edmicas e destina\u00e7\u00e3o final ambientalmente adequada.<\/p>\n<p>Todos os res\u00edduos qu\u00edmicos gerados na UFPel dever\u00e3o utilizar o r\u00f3tulo disponibilizado no arquivo abaixo.<\/p>\n<p><a href=\"https:\/\/wp.ufpel.edu.br\/npa\/files\/2022\/09\/Rotulo-FRASCOS-RESIDUOS-QUIMICOS-1.pdf\">R\u00f3tulo FRASCOS RESIDUOS QU\u00cdMICOS<\/a><\/p>\n<p>&nbsp;<\/p>\n<p>&nbsp;<\/p>\n<p>&nbsp;<\/p>\n<p style=\"text-align: center;\">\n","protected":false},"excerpt":{"rendered":"<p>Os res\u00edduos biol\u00f3gicos n\u00e3o necessitam de rotulagem. O correto acondicionamento em sacos brancos leitosos ou vermelhos (quando for o caso) e as caixas amarelas para materiais perfurocortantes s\u00e3o suficientes para o correto transporte e destina\u00e7\u00e3o final ambientalmente adequada. J\u00e1 os res\u00edduos qu\u00edmicos necessitam de rotulagem nos frascos individuais, para a seguran\u00e7a na segrega\u00e7\u00e3o, respeitando as [&hellip;]<\/p>\n","protected":false},"author":821,"featured_media":0,"parent":180,"menu_order":0,"comment_status":"closed","ping_status":"closed","template":"","meta":{"footnotes":""},"class_list":["post-27","page","type-page","status-publish","hentry"],"_links":{"self":[{"href":"https:\/\/wp.ufpel.edu.br\/npa\/wp-json\/wp\/v2\/pages\/27","targetHints":{"allow":["GET"]}}],"collection":[{"href":"https:\/\/wp.ufpel.edu.br\/npa\/wp-json\/wp\/v2\/pages"}],"about":[{"href":"https:\/\/wp.ufpel.edu.br\/npa\/wp-json\/wp\/v2\/types\/page"}],"author":[{"embeddable":true,"href":"https:\/\/wp.ufpel.edu.br\/npa\/wp-json\/wp\/v2\/users\/821"}],"replies":[{"embeddable":true,"href":"https:\/\/wp.ufpel.edu.br\/npa\/wp-json\/wp\/v2\/comments?post=27"}],"version-history":[{"count":21,"href":"https:\/\/wp.ufpel.edu.br\/npa\/wp-json\/wp\/v2\/pages\/27\/revisions"}],"predecessor-version":[{"id":1282,"href":"https:\/\/wp.ufpel.edu.br\/npa\/wp-json\/wp\/v2\/pages\/27\/revisions\/1282"}],"up":[{"embeddable":true,"href":"https:\/\/wp.ufpel.edu.br\/npa\/wp-json\/wp\/v2\/pages\/180"}],"wp:attachment":[{"href":"https:\/\/wp.ufpel.edu.br\/npa\/wp-json\/wp\/v2\/media?parent=27"}],"curies":[{"name":"wp","href":"https:\/\/api.w.org\/{rel}","templated":true}]}}