{"id":2273,"date":"2026-02-25T11:42:57","date_gmt":"2026-02-25T14:42:57","guid":{"rendered":"https:\/\/wp.ufpel.edu.br\/npa\/?page_id=2273"},"modified":"2026-02-25T11:43:14","modified_gmt":"2026-02-25T14:43:14","slug":"declaracao-de-nao-incidencia-de-licenciamento-ambiental-conservatorio-de-musica","status":"publish","type":"page","link":"https:\/\/wp.ufpel.edu.br\/npa\/licenciamento-ambiental\/declaracao-de-nao-incidencia-de-licenciamento-ambiental-conservatorio-de-musica\/","title":{"rendered":"Declara\u00e7\u00e3o de n\u00e3o incid\u00eancia de Licenciamento Ambiental &#8211; Conservat\u00f3rio de M\u00fasica"},"content":{"rendered":"<p>A Ufpel, obteve a Declara\u00e7\u00e3o Ambiental referente a n\u00e3o necessidade de Licenciamento referente ao Conservat\u00f3rio de M\u00fasica.<\/p>\n<p>Para acessar a declara\u00e7\u00e3o ambiental, clique <a href=\"https:\/\/wp.ufpel.edu.br\/npa\/files\/2026\/02\/Declaracao_Ambiental_Doc_Deferimento.pdf\">aqui<\/a>.<\/p>\n","protected":false},"excerpt":{"rendered":"<p>A Ufpel, obteve a Declara\u00e7\u00e3o Ambiental referente a n\u00e3o necessidade de Licenciamento referente ao Conservat\u00f3rio de M\u00fasica. Para acessar a declara\u00e7\u00e3o ambiental, clique aqui.<\/p>\n","protected":false},"author":821,"featured_media":0,"parent":1078,"menu_order":0,"comment_status":"closed","ping_status":"closed","template":"","meta":{"footnotes":""},"class_list":["post-2273","page","type-page","status-publish","hentry"],"_links":{"self":[{"href":"https:\/\/wp.ufpel.edu.br\/npa\/wp-json\/wp\/v2\/pages\/2273","targetHints":{"allow":["GET"]}}],"collection":[{"href":"https:\/\/wp.ufpel.edu.br\/npa\/wp-json\/wp\/v2\/pages"}],"about":[{"href":"https:\/\/wp.ufpel.edu.br\/npa\/wp-json\/wp\/v2\/types\/page"}],"author":[{"embeddable":true,"href":"https:\/\/wp.ufpel.edu.br\/npa\/wp-json\/wp\/v2\/users\/821"}],"replies":[{"embeddable":true,"href":"https:\/\/wp.ufpel.edu.br\/npa\/wp-json\/wp\/v2\/comments?post=2273"}],"version-history":[{"count":1,"href":"https:\/\/wp.ufpel.edu.br\/npa\/wp-json\/wp\/v2\/pages\/2273\/revisions"}],"predecessor-version":[{"id":2274,"href":"https:\/\/wp.ufpel.edu.br\/npa\/wp-json\/wp\/v2\/pages\/2273\/revisions\/2274"}],"up":[{"embeddable":true,"href":"https:\/\/wp.ufpel.edu.br\/npa\/wp-json\/wp\/v2\/pages\/1078"}],"wp:attachment":[{"href":"https:\/\/wp.ufpel.edu.br\/npa\/wp-json\/wp\/v2\/media?parent=2273"}],"curies":[{"name":"wp","href":"https:\/\/api.w.org\/{rel}","templated":true}]}}