{"id":2249,"date":"2025-10-23T17:26:33","date_gmt":"2025-10-23T20:26:33","guid":{"rendered":"https:\/\/wp.ufpel.edu.br\/npa\/?page_id=2249"},"modified":"2025-10-23T17:26:33","modified_gmt":"2025-10-23T20:26:33","slug":"autorizacao-ambiental-parque-linear-da-alfandega","status":"publish","type":"page","link":"https:\/\/wp.ufpel.edu.br\/npa\/autorizacao-ambiental-parque-linear-da-alfandega\/","title":{"rendered":"Autoriza\u00e7\u00e3o Ambiental &#8211; Parque Linear da Alf\u00e2ndega"},"content":{"rendered":"<p>A Ufpel, obteve a autoriza\u00e7\u00e3o ambiental para a implanta\u00e7\u00e3o do Parque Linear da Alf\u00e2ndega, referente a quadra 03.<\/p>\n<p>Maiores detalhes do parque, acesse <a href=\"https:\/\/wp.ufpel.edu.br\/npa\/files\/2025\/10\/Memorial-.pdf\">aqui<\/a>.<\/p>\n<p>Para acessar a autoriza\u00e7\u00e3o ambiental, clique <a href=\"https:\/\/wp.ufpel.edu.br\/npa\/files\/2025\/10\/AA-quadra3.pdf\">aqui<\/a>.<\/p>\n","protected":false},"excerpt":{"rendered":"<p>A Ufpel, obteve a autoriza\u00e7\u00e3o ambiental para a implanta\u00e7\u00e3o do Parque Linear da Alf\u00e2ndega, referente a quadra 03. Maiores detalhes do parque, acesse aqui. Para acessar a autoriza\u00e7\u00e3o ambiental, clique aqui.<\/p>\n","protected":false},"author":821,"featured_media":0,"parent":0,"menu_order":0,"comment_status":"closed","ping_status":"closed","template":"","meta":{"footnotes":""},"class_list":["post-2249","page","type-page","status-publish","hentry"],"_links":{"self":[{"href":"https:\/\/wp.ufpel.edu.br\/npa\/wp-json\/wp\/v2\/pages\/2249","targetHints":{"allow":["GET"]}}],"collection":[{"href":"https:\/\/wp.ufpel.edu.br\/npa\/wp-json\/wp\/v2\/pages"}],"about":[{"href":"https:\/\/wp.ufpel.edu.br\/npa\/wp-json\/wp\/v2\/types\/page"}],"author":[{"embeddable":true,"href":"https:\/\/wp.ufpel.edu.br\/npa\/wp-json\/wp\/v2\/users\/821"}],"replies":[{"embeddable":true,"href":"https:\/\/wp.ufpel.edu.br\/npa\/wp-json\/wp\/v2\/comments?post=2249"}],"version-history":[{"count":2,"href":"https:\/\/wp.ufpel.edu.br\/npa\/wp-json\/wp\/v2\/pages\/2249\/revisions"}],"predecessor-version":[{"id":2253,"href":"https:\/\/wp.ufpel.edu.br\/npa\/wp-json\/wp\/v2\/pages\/2249\/revisions\/2253"}],"wp:attachment":[{"href":"https:\/\/wp.ufpel.edu.br\/npa\/wp-json\/wp\/v2\/media?parent=2249"}],"curies":[{"name":"wp","href":"https:\/\/api.w.org\/{rel}","templated":true}]}}