{"id":2242,"date":"2025-10-23T17:16:23","date_gmt":"2025-10-23T20:16:23","guid":{"rendered":"https:\/\/wp.ufpel.edu.br\/npa\/?page_id=2242"},"modified":"2025-10-23T17:16:23","modified_gmt":"2025-10-23T20:16:23","slug":"autorizacao-ambiental-conde-de-porto-alegre-65","status":"publish","type":"page","link":"https:\/\/wp.ufpel.edu.br\/npa\/licenciamento-ambiental\/autorizacao-ambiental-conde-de-porto-alegre-65\/","title":{"rendered":"Autoriza\u00e7\u00e3o Ambiental &#8211; Conde de Porto Alegre, 65"},"content":{"rendered":"<p>A UFPel obteve a autoriza\u00e7\u00e3o ambiental para a implanta\u00e7\u00e3o do projeto &#8221; Do\u00a0 canteiro ao Prato&#8221;.\u00a0O projeto \u00e9 desenvolvido no terreno, de posse da Ufpel, localizado na rua Conde de Porto Alegre, 65.<\/p>\n<p>Maiores detalhes do projeto, acesse <a href=\"https:\/\/wp.ufpel.edu.br\/npa\/files\/2025\/10\/DO_CANTEIRO_AO_PRATO_DIGITAL.pdf\">aqui.<\/a><\/p>\n<p>Para acessar a autoriza\u00e7\u00e3o ambiental, clique<a href=\"https:\/\/wp.ufpel.edu.br\/npa\/files\/2025\/10\/AA.pdf\"> aqui.<\/a><\/p>\n","protected":false},"excerpt":{"rendered":"<p>A UFPel obteve a autoriza\u00e7\u00e3o ambiental para a implanta\u00e7\u00e3o do projeto &#8221; Do\u00a0 canteiro ao Prato&#8221;.\u00a0O projeto \u00e9 desenvolvido no terreno, de posse da Ufpel, localizado na rua Conde de Porto Alegre, 65. Maiores detalhes do projeto, acesse aqui. Para acessar a autoriza\u00e7\u00e3o ambiental, clique aqui.<\/p>\n","protected":false},"author":821,"featured_media":0,"parent":1078,"menu_order":0,"comment_status":"closed","ping_status":"closed","template":"","meta":{"footnotes":""},"class_list":["post-2242","page","type-page","status-publish","hentry"],"_links":{"self":[{"href":"https:\/\/wp.ufpel.edu.br\/npa\/wp-json\/wp\/v2\/pages\/2242","targetHints":{"allow":["GET"]}}],"collection":[{"href":"https:\/\/wp.ufpel.edu.br\/npa\/wp-json\/wp\/v2\/pages"}],"about":[{"href":"https:\/\/wp.ufpel.edu.br\/npa\/wp-json\/wp\/v2\/types\/page"}],"author":[{"embeddable":true,"href":"https:\/\/wp.ufpel.edu.br\/npa\/wp-json\/wp\/v2\/users\/821"}],"replies":[{"embeddable":true,"href":"https:\/\/wp.ufpel.edu.br\/npa\/wp-json\/wp\/v2\/comments?post=2242"}],"version-history":[{"count":2,"href":"https:\/\/wp.ufpel.edu.br\/npa\/wp-json\/wp\/v2\/pages\/2242\/revisions"}],"predecessor-version":[{"id":2246,"href":"https:\/\/wp.ufpel.edu.br\/npa\/wp-json\/wp\/v2\/pages\/2242\/revisions\/2246"}],"up":[{"embeddable":true,"href":"https:\/\/wp.ufpel.edu.br\/npa\/wp-json\/wp\/v2\/pages\/1078"}],"wp:attachment":[{"href":"https:\/\/wp.ufpel.edu.br\/npa\/wp-json\/wp\/v2\/media?parent=2242"}],"curies":[{"name":"wp","href":"https:\/\/api.w.org\/{rel}","templated":true}]}}