{"id":2048,"date":"2025-04-04T14:14:46","date_gmt":"2025-04-04T17:14:46","guid":{"rendered":"https:\/\/wp.ufpel.edu.br\/npa\/?page_id=2048"},"modified":"2025-04-04T14:16:09","modified_gmt":"2025-04-04T17:16:09","slug":"legislacoes-vigentes","status":"publish","type":"page","link":"https:\/\/wp.ufpel.edu.br\/npa\/produtos-quimicos-controlados\/legislacoes-vigentes\/","title":{"rendered":"Legisla\u00e7\u00f5es vigentes &#8211; PQC"},"content":{"rendered":"\n<figure class=\"wp-block-image size-large\"><img width=\"1024\" height=\"82\" src=\"https:\/\/wp.ufpel.edu.br\/npa\/files\/2025\/04\/Materiais-para-controle-interno-de-estoque-conforme-previsto-na-Portaria-10662025-5-1024x82.png\" alt=\"\" class=\"wp-image-2042\" srcset=\"https:\/\/wp.ufpel.edu.br\/npa\/files\/2025\/04\/Materiais-para-controle-interno-de-estoque-conforme-previsto-na-Portaria-10662025-5-1024x82.png 1024w, https:\/\/wp.ufpel.edu.br\/npa\/files\/2025\/04\/Materiais-para-controle-interno-de-estoque-conforme-previsto-na-Portaria-10662025-5-400x32.png 400w, https:\/\/wp.ufpel.edu.br\/npa\/files\/2025\/04\/Materiais-para-controle-interno-de-estoque-conforme-previsto-na-Portaria-10662025-5-768x61.png 768w, https:\/\/wp.ufpel.edu.br\/npa\/files\/2025\/04\/Materiais-para-controle-interno-de-estoque-conforme-previsto-na-Portaria-10662025-5-1536x123.png 1536w, https:\/\/wp.ufpel.edu.br\/npa\/files\/2025\/04\/Materiais-para-controle-interno-de-estoque-conforme-previsto-na-Portaria-10662025-5-2048x164.png 2048w\" sizes=\"(max-width: 1024px) 100vw, 1024px\" \/><\/figure>\n\n\n\n<h2 class=\"wp-block-heading has-black-color has-text-color has-link-color wp-elements-1e24baf7a6664fe4fbd9abf292a2a5e4\">&#x1f4d8; Produtos Qu\u00edmicos Controlados pela <strong>Pol\u00edcia Federal<\/strong><\/h2>\n\n\n\n<p>Os <strong>Produtos Controlados pela Pol\u00edcia Federal<\/strong> s\u00e3o subst\u00e2ncias que, em raz\u00e3o de suas propriedades, <strong>podem ser utilizadas na fabrica\u00e7\u00e3o il\u00edcita de drogas, entorpecentes, psicotr\u00f3picos ou subst\u00e2ncias que causem depend\u00eancia f\u00edsica ou ps\u00edquica<\/strong>.<\/p>\n\n\n\n<p>A legisla\u00e7\u00e3o vigente exige que o uso, aquisi\u00e7\u00e3o, armazenamento e descarte desses produtos sejam rigorosamente monitorados pelas institui\u00e7\u00f5es p\u00fablicas e privadas que os utilizam.<\/p>\n\n\n\n<h4 class=\"wp-block-heading\">Legisla\u00e7\u00e3o Vigente:<\/h4>\n\n\n\n<ul class=\"wp-block-list\">\n<li>&#x1f4dc; <strong>Lei n\u00ba 10.357\/2001<\/strong> \u2013 Estabelece as normas de controle e fiscaliza\u00e7\u00e3o sobre produtos qu\u00edmicos que possam ser utilizados na fabrica\u00e7\u00e3o de entorpecentes ou subst\u00e2ncias psicotr\u00f3picas.<br>&#x1f517; <a href=\"https:\/\/www.planalto.gov.br\/ccivil_03\/Leis\/LEIS_2001\/L10357.htm\" rel=\"nofollow\">Acessar texto legal<\/a><br><\/li>\n\n\n\n<li>&#x1f4dc; <strong>Portaria MJSP n\u00ba 204\/2022<\/strong> \u2013 Define os procedimentos para o controle e a fiscaliza\u00e7\u00e3o desses produtos no \u00e2mbito nacional e <strong>apresenta a listagem oficial das subst\u00e2ncias sujeitas a controle pela PF<\/strong>.<br>&#x1f517; <a href=\"https:\/\/www.in.gov.br\/en\/web\/dou\/-\/portaria-mjsp-n-204-de-21-de-outubro-de-2022-438279876\" target=\"_blank\" rel=\"noreferrer noopener\">Acessar texto legal<\/a><\/li>\n<\/ul>\n\n\n\n<p>A fiscaliza\u00e7\u00e3o \u00e9 realizada por meio do sistema eletr\u00f4nico <strong>SIPROQUIM 2<\/strong>, no qual a UFPel \u00e9 obrigada a registrar todas as aquisi\u00e7\u00f5es, usos e descartes de produtos qu\u00edmicos controlados at\u00e9 o quinto dia \u00fatil de cada m\u00eas.<\/p>\n\n\n\n<hr class=\"wp-block-separator has-alpha-channel-opacity\"\/>\n\n\n\n<h2 class=\"wp-block-heading\">&#x1f6e1;&#xfe0f; Produtos Controlados pelo <strong>Ex\u00e9rcito Brasileiro<\/strong><\/h2>\n\n\n\n<p>Os <strong>Produtos Controlados pelo Ex\u00e9rcito<\/strong> s\u00e3o aqueles com potencial de uso <strong>em atividades b\u00e9licas, na fabrica\u00e7\u00e3o de explosivos ou subst\u00e2ncias de risco elevado \u00e0 seguran\u00e7a p\u00fablica<\/strong>. Por isso, a regulamenta\u00e7\u00e3o \u00e9 mais r\u00edgida e abrange n\u00e3o apenas reagentes qu\u00edmicos, mas tamb\u00e9m equipamentos e acess\u00f3rios.<\/p>\n\n\n\n<p>Na UFPel, o uso desses produtos \u00e9 permitido somente mediante autoriza\u00e7\u00e3o espec\u00edfica, em quantidades pr\u00e9-determinadas, conforme previsto nas normas do Comando Log\u00edstico (COLOG) do Ex\u00e9rcito.<\/p>\n\n\n\n<h4 class=\"wp-block-heading\">Legisla\u00e7\u00e3o Vigente:<\/h4>\n\n\n\n<ul class=\"wp-block-list\">\n<li>&#x1f4dc; <strong>Decreto n\u00ba 10.030\/2019<\/strong> \u2013 Aprova o Regulamento de Fiscaliza\u00e7\u00e3o de Produtos Controlados (R-105) no \u00e2mbito do Ex\u00e9rcito Brasileiro.<br>&#x1f517; <a href=\"https:\/\/www.planalto.gov.br\/ccivil_03\/_Ato2019-2022\/2019\/Decreto\/D10030.htm#art6\" target=\"_blank\" rel=\"noreferrer noopener\">Acessar texto legal<\/a><br><\/li>\n\n\n\n<li>&#x1f4dc; <strong>Portaria COLOG n\u00ba 118\/2019<\/strong> \u2013 Estabelece os procedimentos para o registro, licenciamento e fiscaliza\u00e7\u00e3o das atividades com produtos controlados.<br>&#x1f517; <a href=\"http:\/\/www.dfpc.eb.mil.br\/phocadownload\/Portarias_EB_COLOG\/Portarian118.pdf\" target=\"_blank\" rel=\"noreferrer noopener\">Acessar texto legal<\/a><\/li>\n<\/ul>\n\n\n\n<p>A gest\u00e3o \u00e9 feita junto ao Ex\u00e9rcito, onde a UFPel deve manter atualizadas suas autoriza\u00e7\u00f5es de compra, estoques e usos de cada item registrado em sua licen\u00e7a.<\/p>\n\n\n\n<p><\/p>\n","protected":false},"excerpt":{"rendered":"<p>&#x1f4d8; Produtos Qu\u00edmicos Controlados pela Pol\u00edcia Federal Os Produtos Controlados pela Pol\u00edcia Federal s\u00e3o subst\u00e2ncias que, em raz\u00e3o de suas propriedades, podem ser utilizadas na fabrica\u00e7\u00e3o il\u00edcita de drogas, entorpecentes, psicotr\u00f3picos ou subst\u00e2ncias que causem depend\u00eancia f\u00edsica ou ps\u00edquica. A legisla\u00e7\u00e3o vigente exige que o uso, aquisi\u00e7\u00e3o, armazenamento e descarte desses produtos sejam rigorosamente monitorados [&hellip;]<\/p>\n","protected":false},"author":821,"featured_media":0,"parent":1934,"menu_order":0,"comment_status":"closed","ping_status":"closed","template":"","meta":{"footnotes":""},"class_list":["post-2048","page","type-page","status-publish","hentry"],"_links":{"self":[{"href":"https:\/\/wp.ufpel.edu.br\/npa\/wp-json\/wp\/v2\/pages\/2048","targetHints":{"allow":["GET"]}}],"collection":[{"href":"https:\/\/wp.ufpel.edu.br\/npa\/wp-json\/wp\/v2\/pages"}],"about":[{"href":"https:\/\/wp.ufpel.edu.br\/npa\/wp-json\/wp\/v2\/types\/page"}],"author":[{"embeddable":true,"href":"https:\/\/wp.ufpel.edu.br\/npa\/wp-json\/wp\/v2\/users\/821"}],"replies":[{"embeddable":true,"href":"https:\/\/wp.ufpel.edu.br\/npa\/wp-json\/wp\/v2\/comments?post=2048"}],"version-history":[{"count":2,"href":"https:\/\/wp.ufpel.edu.br\/npa\/wp-json\/wp\/v2\/pages\/2048\/revisions"}],"predecessor-version":[{"id":2052,"href":"https:\/\/wp.ufpel.edu.br\/npa\/wp-json\/wp\/v2\/pages\/2048\/revisions\/2052"}],"up":[{"embeddable":true,"href":"https:\/\/wp.ufpel.edu.br\/npa\/wp-json\/wp\/v2\/pages\/1934"}],"wp:attachment":[{"href":"https:\/\/wp.ufpel.edu.br\/npa\/wp-json\/wp\/v2\/media?parent=2048"}],"curies":[{"name":"wp","href":"https:\/\/api.w.org\/{rel}","templated":true}]}}