{"id":1934,"date":"2025-03-14T14:31:01","date_gmt":"2025-03-14T17:31:01","guid":{"rendered":"https:\/\/wp.ufpel.edu.br\/npa\/?page_id=1934"},"modified":"2025-07-02T16:21:00","modified_gmt":"2025-07-02T19:21:00","slug":"produtos-quimicos-controlados","status":"publish","type":"page","link":"https:\/\/wp.ufpel.edu.br\/npa\/produtos-quimicos-controlados\/","title":{"rendered":"Produtos Qu\u00edmicos Controlados"},"content":{"rendered":"\n<div class=\"wp-block-group\"><div class=\"wp-block-group__inner-container is-layout-constrained wp-block-group-is-layout-constrained\">\n<div class=\"wp-block-group\"><div class=\"wp-block-group__inner-container is-layout-constrained wp-block-group-is-layout-constrained\">\n<div class=\"wp-block-columns is-layout-flex wp-container-core-columns-is-layout-9d6595d7 wp-block-columns-is-layout-flex\">\n<div class=\"wp-block-column is-vertically-aligned-center has-white-background-color has-background is-layout-flow wp-block-column-is-layout-flow\" style=\"flex-basis:100%\">\n<figure class=\"wp-block-image size-full\"><a href=\"https:\/\/wp.ufpel.edu.br\/npa\/files\/2025\/04\/Inicio-3.png\"><img width=\"648\" height=\"658\" src=\"https:\/\/wp.ufpel.edu.br\/npa\/files\/2025\/04\/Inicio-3.png\" alt=\"\" class=\"wp-image-2062\" srcset=\"https:\/\/wp.ufpel.edu.br\/npa\/files\/2025\/04\/Inicio-3.png 648w, https:\/\/wp.ufpel.edu.br\/npa\/files\/2025\/04\/Inicio-3-394x400.png 394w\" sizes=\"(max-width: 648px) 100vw, 648px\" \/><\/a><\/figure>\n<\/div>\n\n\n\n<div class=\"wp-block-column is-vertically-aligned-center is-layout-flow wp-block-column-is-layout-flow\" style=\"font-size:21px;flex-basis:100%\">\n<div class=\"wp-block-group is-vertical is-layout-flex wp-container-core-group-is-layout-8cf370e7 wp-block-group-is-layout-flex\">\n<figure class=\"wp-block-image size-full\"><a href=\"https:\/\/sippag.ufpel.edu.br\/portarias\/visualizar\/?pk=12473&amp;ano=2025&amp;numero=1066&amp;hash=8999b535dc4cdda2d804d8246173ab8f\"><img width=\"925\" height=\"200\" src=\"https:\/\/wp.ufpel.edu.br\/npa\/files\/2025\/04\/1-1.png\" alt=\"\" class=\"wp-image-1997\" srcset=\"https:\/\/wp.ufpel.edu.br\/npa\/files\/2025\/04\/1-1.png 925w, https:\/\/wp.ufpel.edu.br\/npa\/files\/2025\/04\/1-1-400x86.png 400w, https:\/\/wp.ufpel.edu.br\/npa\/files\/2025\/04\/1-1-768x166.png 768w\" sizes=\"(max-width: 925px) 100vw, 925px\" \/><\/a><\/figure>\n<\/div>\n\n\n\n<figure class=\"wp-block-image size-full\"><a href=\"https:\/\/wp.ufpel.edu.br\/npa\/produtos-quimicos-controlados\/legislacoes-vigentes\/\"><img width=\"925\" height=\"200\" src=\"https:\/\/wp.ufpel.edu.br\/npa\/files\/2025\/04\/2-4.png\" alt=\"\" class=\"wp-image-2053\" srcset=\"https:\/\/wp.ufpel.edu.br\/npa\/files\/2025\/04\/2-4.png 925w, https:\/\/wp.ufpel.edu.br\/npa\/files\/2025\/04\/2-4-400x86.png 400w, https:\/\/wp.ufpel.edu.br\/npa\/files\/2025\/04\/2-4-768x166.png 768w\" sizes=\"(max-width: 925px) 100vw, 925px\" \/><\/a><\/figure>\n\n\n\n<figure class=\"wp-block-image size-full\"><a href=\"https:\/\/wp.ufpel.edu.br\/npa\/files\/2025\/03\/Manual-SOLICITACAO-DE-AQUISICAO.pdf\" target=\"_blank\" rel=\" noreferrer noopener\"><img width=\"925\" height=\"200\" src=\"https:\/\/wp.ufpel.edu.br\/npa\/files\/2025\/04\/4-2.png\" alt=\"\" class=\"wp-image-2044\" srcset=\"https:\/\/wp.ufpel.edu.br\/npa\/files\/2025\/04\/4-2.png 925w, https:\/\/wp.ufpel.edu.br\/npa\/files\/2025\/04\/4-2-400x86.png 400w, https:\/\/wp.ufpel.edu.br\/npa\/files\/2025\/04\/4-2-768x166.png 768w\" sizes=\"(max-width: 925px) 100vw, 925px\" \/><\/a><\/figure>\n\n\n\n<figure class=\"wp-block-image size-full\"><a href=\"https:\/\/1drv.ms\/b\/c\/d934ff8c9781fa94\/EXF5iR55ilZCoEX4wGgZkcQBGXq0ofGbihIl2xkkghjv_w?e=qaphS7\" target=\"_blank\" rel=\" noreferrer noopener\"><img width=\"925\" height=\"200\" src=\"https:\/\/wp.ufpel.edu.br\/npa\/files\/2025\/04\/5-1.png\" alt=\"\" class=\"wp-image-2045\" srcset=\"https:\/\/wp.ufpel.edu.br\/npa\/files\/2025\/04\/5-1.png 925w, https:\/\/wp.ufpel.edu.br\/npa\/files\/2025\/04\/5-1-400x86.png 400w, https:\/\/wp.ufpel.edu.br\/npa\/files\/2025\/04\/5-1-768x166.png 768w\" sizes=\"(max-width: 925px) 100vw, 925px\" \/><\/a><\/figure>\n<\/div>\n<\/div>\n<\/div><\/div>\n<\/div><\/div>\n\n\n\n<figure class=\"wp-block-image size-large\"><a href=\"https:\/\/wp.ufpel.edu.br\/npa\/files\/2025\/07\/Materiais-para-controle-interno-de-estoque-conforme-previsto-na-Portaria-10662025.png\"><img width=\"1024\" height=\"82\" src=\"https:\/\/wp.ufpel.edu.br\/npa\/files\/2025\/07\/Materiais-para-controle-interno-de-estoque-conforme-previsto-na-Portaria-10662025-1024x82.png\" alt=\"\" class=\"wp-image-2147\" srcset=\"https:\/\/wp.ufpel.edu.br\/npa\/files\/2025\/07\/Materiais-para-controle-interno-de-estoque-conforme-previsto-na-Portaria-10662025-1024x82.png 1024w, https:\/\/wp.ufpel.edu.br\/npa\/files\/2025\/07\/Materiais-para-controle-interno-de-estoque-conforme-previsto-na-Portaria-10662025-400x32.png 400w, https:\/\/wp.ufpel.edu.br\/npa\/files\/2025\/07\/Materiais-para-controle-interno-de-estoque-conforme-previsto-na-Portaria-10662025-768x61.png 768w, https:\/\/wp.ufpel.edu.br\/npa\/files\/2025\/07\/Materiais-para-controle-interno-de-estoque-conforme-previsto-na-Portaria-10662025.png 1500w\" sizes=\"(max-width: 1024px) 100vw, 1024px\" \/><\/a><\/figure>\n\n\n\n<p><\/p>\n\n\n\n<details class=\"wp-block-details has-black-color has-text-color has-link-color wp-elements-978d243287d3d4b8b5ca010b7385435b is-layout-flow wp-block-details-is-layout-flow\" style=\"font-size:22px;font-style:normal;font-weight:600\"><summary>EX\u00b4\u00c9RCITO BRASILEIRO<\/summary>\n<div data-wp-interactive=\"core\/file\" class=\"wp-block-file\"><object data-wp-bind--hidden=\"!state.hasPdfPreview\" hidden class=\"wp-block-file__embed\" data=\"https:\/\/wp.ufpel.edu.br\/npa\/files\/2025\/07\/Lista_EB_atualizada.pdf\" type=\"application\/pdf\" style=\"width:100%;height:600px\" aria-label=\"Incorporado de Lista_EB.\"><\/object><a id=\"wp-block-file--media-9ababb51-be78-44c6-b194-450994d8d0a4\" href=\"https:\/\/wp.ufpel.edu.br\/npa\/files\/2025\/07\/Lista_EB_atualizada.pdf\">Lista_EB<\/a><a href=\"https:\/\/wp.ufpel.edu.br\/npa\/files\/2025\/07\/Lista_EB_atualizada.pdf\" class=\"wp-block-file__button wp-element-button\" download aria-describedby=\"wp-block-file--media-9ababb51-be78-44c6-b194-450994d8d0a4\">Baixar<\/a><\/div>\n<\/details>\n\n\n\n<hr class=\"wp-block-separator has-alpha-channel-opacity\"\/>\n\n\n\n<details class=\"wp-block-details has-large-font-size is-layout-flow wp-block-details-is-layout-flow\" style=\"font-style:normal;font-weight:600\"><summary>POL\u00cdCIA FEDERAL<\/summary>\n<div data-wp-interactive=\"core\/file\" class=\"wp-block-file\"><object data-wp-bind--hidden=\"!state.hasPdfPreview\" hidden class=\"wp-block-file__embed\" data=\"https:\/\/wp.ufpel.edu.br\/npa\/files\/2025\/07\/Lista_PF_atualizada.pdf\" type=\"application\/pdf\" style=\"width:100%;height:600px\" aria-label=\"Incorporado de Lista_PF.\"><\/object><a id=\"wp-block-file--media-a27abd20-61db-46af-9e63-78560888b872\" href=\"https:\/\/wp.ufpel.edu.br\/npa\/files\/2025\/07\/Lista_PF_atualizada.pdf\">Lista_PF<\/a><a href=\"https:\/\/wp.ufpel.edu.br\/npa\/files\/2025\/07\/Lista_PF_atualizada.pdf\" class=\"wp-block-file__button wp-element-button\" download aria-describedby=\"wp-block-file--media-a27abd20-61db-46af-9e63-78560888b872\">Baixar<\/a><\/div>\n\n\n\n<div class=\"wp-block-columns is-layout-flex wp-container-core-columns-is-layout-9d6595d7 wp-block-columns-is-layout-flex\">\n<div class=\"wp-block-column is-layout-flow wp-block-column-is-layout-flow\"><\/div>\n\n\n\n<div class=\"wp-block-column is-layout-flow wp-block-column-is-layout-flow\"><\/div>\n<\/div>\n<\/details>\n\n\n\n<hr class=\"wp-block-separator has-alpha-channel-opacity\"\/>\n\n\n\n<figure class=\"wp-block-image size-full\"><img width=\"1000\" height=\"80\" src=\"https:\/\/wp.ufpel.edu.br\/npa\/files\/2025\/04\/Materiais-para-controle-interno-de-estoque-conforme-previsto-na-Portaria-10662025-3.png\" alt=\"\" class=\"wp-image-2030\" srcset=\"https:\/\/wp.ufpel.edu.br\/npa\/files\/2025\/04\/Materiais-para-controle-interno-de-estoque-conforme-previsto-na-Portaria-10662025-3.png 1000w, https:\/\/wp.ufpel.edu.br\/npa\/files\/2025\/04\/Materiais-para-controle-interno-de-estoque-conforme-previsto-na-Portaria-10662025-3-400x32.png 400w, https:\/\/wp.ufpel.edu.br\/npa\/files\/2025\/04\/Materiais-para-controle-interno-de-estoque-conforme-previsto-na-Portaria-10662025-3-768x61.png 768w\" sizes=\"(max-width: 1000px) 100vw, 1000px\" \/><\/figure>\n\n\n\n<details class=\"wp-block-details has-large-font-size is-layout-flow wp-block-details-is-layout-flow\" style=\"font-style:normal;font-weight:600\"><summary>PLANILHAS PARA ENVIO DOS CONSUMOS MENSAIS<\/summary>\n<p class=\"has-regular-font-size\" style=\"font-style:normal;font-weight:100\">Art. 50. As pessoas jur\u00eddicas que exer\u00e7am atividades sujeitas a controle e fiscaliza\u00e7\u00e3o, assim como, de forma equiparada e em car\u00e1ter excepcional, as pessoas f\u00edsicas que desenvolvam atividade na \u00e1rea de pesquisa cient\u00edfica est\u00e3o <strong>obrigadas a fornecer mensalmente todas as informa\u00e7\u00f5es referentes \u00e0s atividades praticadas com produtos qu\u00edmicos no m\u00eas anterior, por meio dos respectivos mapas de controle<\/strong>.<\/p>\n\n\n\n<figure class=\"wp-block-image size-large\"><img width=\"1024\" height=\"170\" src=\"https:\/\/wp.ufpel.edu.br\/npa\/files\/2025\/04\/image-5-1024x170.png\" alt=\"\" class=\"wp-image-2037\" srcset=\"https:\/\/wp.ufpel.edu.br\/npa\/files\/2025\/04\/image-5-1024x170.png 1024w, https:\/\/wp.ufpel.edu.br\/npa\/files\/2025\/04\/image-5-400x66.png 400w, https:\/\/wp.ufpel.edu.br\/npa\/files\/2025\/04\/image-5-768x127.png 768w, https:\/\/wp.ufpel.edu.br\/npa\/files\/2025\/04\/image-5-1536x255.png 1536w, https:\/\/wp.ufpel.edu.br\/npa\/files\/2025\/04\/image-5.png 1750w\" sizes=\"(max-width: 1024px) 100vw, 1024px\" \/><\/figure>\n\n\n\n<div class=\"wp-block-group\"><div class=\"wp-block-group__inner-container is-layout-constrained wp-block-group-is-layout-constrained\">\n<h2 class=\"wp-block-heading has-small-font-size\"><\/h2>\n\n\n\n<hr class=\"wp-block-separator has-alpha-channel-opacity\"\/>\n<\/div><\/div>\n\n\n\n<div class=\"wp-block-columns is-layout-flex wp-container-core-columns-is-layout-9d6595d7 wp-block-columns-is-layout-flex\">\n<div class=\"wp-block-column is-layout-flow wp-block-column-is-layout-flow\">\n<div class=\"wp-block-buttons is-layout-flex wp-block-buttons-is-layout-flex\">\n<div class=\"wp-block-button has-custom-width wp-block-button__width-100 is-style-fill\"><a class=\"wp-block-button__link has-white-color has-text-color has-background has-link-color has-custom-font-size wp-element-button\" href=\"https:\/\/1drv.ms\/x\/s!ApT6gZeM_zTZgeFPPW1SHhhUHxsrfg?e=0CD6c4\" style=\"border-radius:0px;background-color:#79a63f;font-size:18px\" target=\"_blank\" rel=\" noreferrer noopener nofollow\"><strong>CONSUMO MENSAL<br><\/strong>PQC pela POL\u00cdCIA FEDERAL<\/a><\/div>\n<\/div>\n<\/div>\n\n\n\n<div class=\"wp-block-column is-layout-flow wp-block-column-is-layout-flow\">\n<div class=\"wp-block-buttons is-layout-flex wp-block-buttons-is-layout-flex\">\n<div class=\"wp-block-button has-custom-width wp-block-button__width-100\"><a class=\"wp-block-button__link has-white-color has-text-color has-background has-link-color has-custom-font-size wp-element-button\" href=\"https:\/\/1drv.ms\/x\/s!ApT6gZeM_zTZgeF7FAVPjf3Fu3d5MQ?e=lB6Zr5\" style=\"border-radius:0px;background-color:#79a63f;font-size:18px\" target=\"_blank\" rel=\" noreferrer noopener nofollow\"><strong>CONSUMO MENSAL<br><\/strong>PQC pelo EX\u00c9RCITO BRASILEIRO<\/a><\/div>\n<\/div>\n<\/div>\n<\/div>\n\n\n\n<div class=\"wp-block-columns is-layout-flex wp-container-core-columns-is-layout-9d6595d7 wp-block-columns-is-layout-flex\">\n<div class=\"wp-block-column is-layout-flow wp-block-column-is-layout-flow\"><\/div>\n\n\n\n<div class=\"wp-block-column is-layout-flow wp-block-column-is-layout-flow\"><\/div>\n<\/div>\n<\/details>\n\n\n\n<hr class=\"wp-block-separator has-alpha-channel-opacity\"\/>\n\n\n\n<details class=\"wp-block-details has-large-font-size is-layout-flow wp-block-details-is-layout-flow\" style=\"font-style:normal;font-weight:600\"><summary>ETIQUETAS PARA IDENTIFICA\u00c7\u00c3O DOS PQC EM ESTOQUE<\/summary>\n<p class=\"has-regular-font-size\" style=\"font-style:normal;font-weight:300\">Art. 37. Os r\u00f3tulos de embalagens dever\u00e3o conter, em local vis\u00edvel e de f\u00e1cil <strong>identifica\u00e7\u00e3o<\/strong>: I &#8211; informa\u00e7\u00f5es sobre a concentra\u00e7\u00e3o de cada produto qu\u00edmico; e II &#8211; a inscri\u00e7\u00e3o: PRODUTO CONTROLADO PELA POL\u00cdCIA FEDERAL (ou EX\u00c9RCITO BRASILEIRO).<\/p>\n\n\n\n<div class=\"wp-block-columns is-layout-flex wp-container-core-columns-is-layout-9d6595d7 wp-block-columns-is-layout-flex\">\n<div class=\"wp-block-column is-vertically-aligned-top is-layout-flow wp-block-column-is-layout-flow\">\n<figure class=\"wp-block-image size-full\"><a href=\"https:\/\/wp.ufpel.edu.br\/npa\/files\/2025\/03\/Etiquetas-PF.pdf\" target=\"_blank\" rel=\" noreferrer noopener\"><img width=\"832\" height=\"598\" src=\"https:\/\/wp.ufpel.edu.br\/npa\/files\/2025\/04\/image-2.png\" alt=\"\" class=\"wp-image-2025\" srcset=\"https:\/\/wp.ufpel.edu.br\/npa\/files\/2025\/04\/image-2.png 832w, https:\/\/wp.ufpel.edu.br\/npa\/files\/2025\/04\/image-2-400x288.png 400w, https:\/\/wp.ufpel.edu.br\/npa\/files\/2025\/04\/image-2-768x552.png 768w\" sizes=\"(max-width: 832px) 100vw, 832px\" \/><\/a><\/figure>\n<\/div>\n\n\n\n<div class=\"wp-block-column is-layout-flow wp-block-column-is-layout-flow\">\n<figure class=\"wp-block-image size-full\"><a href=\"https:\/\/wp.ufpel.edu.br\/npa\/files\/2025\/03\/Etiquetas-EB.pdf\" target=\"_blank\" rel=\" noreferrer noopener\"><img width=\"832\" height=\"598\" src=\"https:\/\/wp.ufpel.edu.br\/npa\/files\/2025\/04\/image-4.png\" alt=\"\" class=\"wp-image-2027\" srcset=\"https:\/\/wp.ufpel.edu.br\/npa\/files\/2025\/04\/image-4.png 832w, https:\/\/wp.ufpel.edu.br\/npa\/files\/2025\/04\/image-4-400x288.png 400w, https:\/\/wp.ufpel.edu.br\/npa\/files\/2025\/04\/image-4-768x552.png 768w\" sizes=\"(max-width: 832px) 100vw, 832px\" \/><\/a><\/figure>\n<\/div>\n<\/div>\n<\/details>\n\n\n\n<div style=\"height:13px\" aria-hidden=\"true\" class=\"wp-block-spacer\"><\/div>\n\n\n\n<figure class=\"wp-block-image size-large\"><a href=\"https:\/\/wp.ufpel.edu.br\/npa\/produtos-quimicos-controlados\/perguntas-frequentes-pqc\/\" target=\"_blank\" rel=\" noreferrer noopener\"><img width=\"1024\" height=\"82\" src=\"https:\/\/wp.ufpel.edu.br\/npa\/files\/2025\/04\/Materiais-para-controle-interno-de-estoque-conforme-previsto-na-Portaria-10662025-6-1024x82.png\" alt=\"\" class=\"wp-image-2063\" srcset=\"https:\/\/wp.ufpel.edu.br\/npa\/files\/2025\/04\/Materiais-para-controle-interno-de-estoque-conforme-previsto-na-Portaria-10662025-6-1024x82.png 1024w, https:\/\/wp.ufpel.edu.br\/npa\/files\/2025\/04\/Materiais-para-controle-interno-de-estoque-conforme-previsto-na-Portaria-10662025-6-400x32.png 400w, https:\/\/wp.ufpel.edu.br\/npa\/files\/2025\/04\/Materiais-para-controle-interno-de-estoque-conforme-previsto-na-Portaria-10662025-6-768x61.png 768w, https:\/\/wp.ufpel.edu.br\/npa\/files\/2025\/04\/Materiais-para-controle-interno-de-estoque-conforme-previsto-na-Portaria-10662025-6-1536x123.png 1536w, https:\/\/wp.ufpel.edu.br\/npa\/files\/2025\/04\/Materiais-para-controle-interno-de-estoque-conforme-previsto-na-Portaria-10662025-6.png 2000w\" sizes=\"(max-width: 1024px) 100vw, 1024px\" \/><\/a><\/figure>\n\n\n\n<figure class=\"wp-block-image size-full\"><img width=\"3840\" height=\"1368\" src=\"https:\/\/wp.ufpel.edu.br\/npa\/files\/2025\/04\/image-1.png\" alt=\"\" class=\"wp-image-2023\" srcset=\"https:\/\/wp.ufpel.edu.br\/npa\/files\/2025\/04\/image-1.png 3840w, https:\/\/wp.ufpel.edu.br\/npa\/files\/2025\/04\/image-1-400x143.png 400w, https:\/\/wp.ufpel.edu.br\/npa\/files\/2025\/04\/image-1-1024x365.png 1024w, https:\/\/wp.ufpel.edu.br\/npa\/files\/2025\/04\/image-1-768x274.png 768w, https:\/\/wp.ufpel.edu.br\/npa\/files\/2025\/04\/image-1-1536x547.png 1536w, https:\/\/wp.ufpel.edu.br\/npa\/files\/2025\/04\/image-1-2048x730.png 2048w\" sizes=\"(max-width: 3840px) 100vw, 3840px\" \/><\/figure>\n\n\n\n<div class=\"wp-block-buttons is-content-justification-center is-layout-flex wp-container-core-buttons-is-layout-16018d1d wp-block-buttons-is-layout-flex\">\n<div class=\"wp-block-button\"><a class=\"wp-block-button__link has-white-color has-text-color has-background has-link-color has-small-font-size has-custom-font-size wp-element-button\" href=\"https:\/\/wa.me\/555332843915\" style=\"background-color:#79a63f\" target=\"_blank\" rel=\"noreferrer noopener\">Clique para falar direto pelo <strong>Whatsapp<\/strong><\/a><\/div>\n<\/div>\n","protected":false},"excerpt":{"rendered":"","protected":false},"author":821,"featured_media":0,"parent":0,"menu_order":0,"comment_status":"closed","ping_status":"closed","template":"","meta":{"footnotes":""},"class_list":["post-1934","page","type-page","status-publish","hentry"],"_links":{"self":[{"href":"https:\/\/wp.ufpel.edu.br\/npa\/wp-json\/wp\/v2\/pages\/1934","targetHints":{"allow":["GET"]}}],"collection":[{"href":"https:\/\/wp.ufpel.edu.br\/npa\/wp-json\/wp\/v2\/pages"}],"about":[{"href":"https:\/\/wp.ufpel.edu.br\/npa\/wp-json\/wp\/v2\/types\/page"}],"author":[{"embeddable":true,"href":"https:\/\/wp.ufpel.edu.br\/npa\/wp-json\/wp\/v2\/users\/821"}],"replies":[{"embeddable":true,"href":"https:\/\/wp.ufpel.edu.br\/npa\/wp-json\/wp\/v2\/comments?post=1934"}],"version-history":[{"count":45,"href":"https:\/\/wp.ufpel.edu.br\/npa\/wp-json\/wp\/v2\/pages\/1934\/revisions"}],"predecessor-version":[{"id":2151,"href":"https:\/\/wp.ufpel.edu.br\/npa\/wp-json\/wp\/v2\/pages\/1934\/revisions\/2151"}],"wp:attachment":[{"href":"https:\/\/wp.ufpel.edu.br\/npa\/wp-json\/wp\/v2\/media?parent=1934"}],"curies":[{"name":"wp","href":"https:\/\/api.w.org\/{rel}","templated":true}]}}