{"id":1916,"date":"2024-12-17T11:50:34","date_gmt":"2024-12-17T14:50:34","guid":{"rendered":"https:\/\/wp.ufpel.edu.br\/npa\/?page_id=1916"},"modified":"2025-07-18T11:27:28","modified_gmt":"2025-07-18T14:27:28","slug":"politica-ambiental","status":"publish","type":"page","link":"https:\/\/wp.ufpel.edu.br\/npa\/politica-ambiental\/","title":{"rendered":"ELEI\u00c7\u00d5ES COMIT\u00ca ESTRAT\u00c9GICO"},"content":{"rendered":"<p>A Resolu\u00e7\u00e3o do Consun n\u00b0 119, de 03 de dezembro de 2024 institui a <a href=\"https:\/\/wp.ufpel.edu.br\/npa\/files\/2024\/12\/POLITICA_AMBIENTAL.pdf\">Pol\u00edtica Ambiental\u00a0<\/a> da UFPEL.<\/p>\r\n\r\n<div class=\"wp-block-columns is-layout-flex wp-container-core-columns-is-layout-9d6595d7 wp-block-columns-is-layout-flex\">\r\n<div class=\"wp-block-column is-layout-flow wp-block-column-is-layout-flow\">\r\n<figure class=\"wp-block-image size-large\"><a href=\"https:\/\/wp.ufpel.edu.br\/npa\/files\/2025\/05\/1.png\"><img width=\"576\" height=\"1024\" class=\"wp-image-2091\" src=\"https:\/\/wp.ufpel.edu.br\/npa\/files\/2025\/05\/1-576x1024.png\" alt=\"\" srcset=\"https:\/\/wp.ufpel.edu.br\/npa\/files\/2025\/05\/1-576x1024.png 576w, https:\/\/wp.ufpel.edu.br\/npa\/files\/2025\/05\/1-225x400.png 225w, https:\/\/wp.ufpel.edu.br\/npa\/files\/2025\/05\/1-768x1365.png 768w, https:\/\/wp.ufpel.edu.br\/npa\/files\/2025\/05\/1-864x1536.png 864w, https:\/\/wp.ufpel.edu.br\/npa\/files\/2025\/05\/1.png 1080w\" sizes=\"(max-width: 576px) 100vw, 576px\" \/><\/a><\/figure>\r\n<\/div>\r\n\r\n\r\n\r\n<div class=\"wp-block-column is-layout-flow wp-block-column-is-layout-flow\">\r\n<figure class=\"wp-block-image size-large\"><a href=\"https:\/\/wp.ufpel.edu.br\/npa\/files\/2025\/05\/Comite-estrategico-PA-1.png\"><img width=\"576\" height=\"1024\" class=\"wp-image-2075\" src=\"https:\/\/wp.ufpel.edu.br\/npa\/files\/2025\/05\/Comite-estrategico-PA-1-576x1024.png\" alt=\"\" srcset=\"https:\/\/wp.ufpel.edu.br\/npa\/files\/2025\/05\/Comite-estrategico-PA-1-576x1024.png 576w, https:\/\/wp.ufpel.edu.br\/npa\/files\/2025\/05\/Comite-estrategico-PA-1-225x400.png 225w, https:\/\/wp.ufpel.edu.br\/npa\/files\/2025\/05\/Comite-estrategico-PA-1-768x1365.png 768w, https:\/\/wp.ufpel.edu.br\/npa\/files\/2025\/05\/Comite-estrategico-PA-1-864x1536.png 864w, https:\/\/wp.ufpel.edu.br\/npa\/files\/2025\/05\/Comite-estrategico-PA-1.png 1080w\" sizes=\"(max-width: 576px) 100vw, 576px\" \/><\/a><\/figure>\r\n<\/div>\r\n<\/div>\r\n\r\n\r\n\r\n<p class=\"has-text-align-left\"><mark class=\"has-inline-color\" style=\"background-color: rgba(0, 0, 0, 0); color: #17399d;\"><strong>ELEI\u00c7\u00c3O PARA ESCOLHA DOS REPRESENTANTES DA COMUNIDADE ACAD\u00caMICA NO COMIT\u00ca ESTRAT\u00c9GICO DO SISTEMA DE GEST\u00c3O AMBIENTAL<\/strong><\/mark><\/p>\r\n\r\n<p>Processo Administrativo: SEI <a href=\"https:\/\/sei.ufpel.edu.br\/sei\/controlador.php?acao=procedimento_trabalhar&amp;acao_origem=procedimento_controlar&amp;acao_retorno=procedimento_controlar&amp;id_procedimento=3395565&amp;infra_sistema=100000100&amp;infra_unidade_atual=110000610&amp;infra_hash=b1d6b70b72f5a35b89306a928c80a9d1034ed7e90d9666a6c9c75f5c19df22fa\">23110.013490\/2025-29<\/a><\/p>\r\n<p>&nbsp;<\/p>\r\n<p>&nbsp;<\/p>\r\n<p>Confira abaixo todos os eventos do Processo Eleitoral:<\/p>\r\n<p><a href=\"https:\/\/wp.ufpel.edu.br\/npa\/files\/2025\/05\/SEI_23110.013490_2025_29.pdf\">Edital 001\/2025 &#8211; Elei\u00e7\u00f5es para representantes da comunidade acad\u00eamica no Comit\u00ea Estrat\u00e9gico<\/a><\/p>\r\n<p><a href=\"https:\/\/wp.ufpel.edu.br\/npa\/files\/2025\/05\/CEPA_Alunos_PUB.pdf\">Listagem de eleitores discentes<\/a><\/p>\r\n<p><a href=\"https:\/\/wp.ufpel.edu.br\/npa\/files\/2025\/05\/CEPA_Profs_PUB.pdf\">Listagem de Eleitores Docentes<\/a><\/p>\r\n<p><a href=\"https:\/\/wp.ufpel.edu.br\/npa\/files\/2025\/05\/CEPA_TAEs_PUB.pdf\">Listagem de Eleitores T\u00e9cnico-administrativos<\/a><\/p>\r\n<p><a href=\"https:\/\/wp.ufpel.edu.br\/npa\/files\/2025\/06\/SEI_23110.013490_2025_29.pdf\">Edital 002\/2025 &#8211; edital de retifica\u00e7\u00e3o (prorroga\u00e7\u00e3o de inscri\u00e7\u00f5es e altera\u00e7\u00e3o do cronograma)<\/a><\/p>\r\n<p><a href=\"https:\/\/wp.ufpel.edu.br\/npa\/files\/2025\/06\/SEI_23110.013490_2025_29-1.pdf\">Resultado da Homologa\u00e7\u00e3o das Inscri\u00e7\u00f5es<\/a><\/p>\r\n<p><a href=\"https:\/\/wp.ufpel.edu.br\/npa\/files\/2025\/06\/SEI_23110.013490_2025_29-3.pdf\">Resultado Final das Inscri\u00e7\u00f5es<\/a><\/p>\r\n<p><strong>Link para sala de apura\u00e7\u00e3o, \u00e0s 14:30:\u00a0 <\/strong><a href=\"https:\/\/webconf.ufpel.edu.br\/b\/luc-apy-jcj-bnj\">https:\/\/webconf.ufpel.edu.br\/b\/luc-apy-jcj-bnj<\/a><\/p>\r\n<p><a href=\"https:\/\/wp.ufpel.edu.br\/npa\/files\/2025\/06\/SEI_3120882_Ata_de_Reuniao-2.pdf\">Resultado das Elei\u00e7\u00f5es do Comit\u00ea Estrat\u00e9gico do SGA<\/a><\/p>\r\n<p><a href=\"https:\/\/wp.ufpel.edu.br\/npa\/files\/2025\/06\/SEI_3124741_Despacho.pdf\">Resultado Final (ap\u00f3s prazo de recursos)<\/a><\/p>\r\n<p>&nbsp;<\/p>\r\n<p>&nbsp;<\/p>","protected":false},"excerpt":{"rendered":"<p>A Resolu\u00e7\u00e3o do Consun n\u00b0 119, de 03 de dezembro de 2024 institui a Pol\u00edtica Ambiental\u00a0 da UFPEL. ELEI\u00c7\u00c3O PARA ESCOLHA DOS REPRESENTANTES DA COMUNIDADE ACAD\u00caMICA NO COMIT\u00ca ESTRAT\u00c9GICO DO SISTEMA DE GEST\u00c3O AMBIENTAL Processo Administrativo: SEI 23110.013490\/2025-29 &nbsp; &nbsp; Confira abaixo todos os eventos do Processo Eleitoral: Edital 001\/2025 &#8211; Elei\u00e7\u00f5es para representantes da [&hellip;]<\/p>\n","protected":false},"author":821,"featured_media":0,"parent":0,"menu_order":0,"comment_status":"closed","ping_status":"closed","template":"","meta":{"footnotes":""},"class_list":["post-1916","page","type-page","status-publish","hentry"],"_links":{"self":[{"href":"https:\/\/wp.ufpel.edu.br\/npa\/wp-json\/wp\/v2\/pages\/1916","targetHints":{"allow":["GET"]}}],"collection":[{"href":"https:\/\/wp.ufpel.edu.br\/npa\/wp-json\/wp\/v2\/pages"}],"about":[{"href":"https:\/\/wp.ufpel.edu.br\/npa\/wp-json\/wp\/v2\/types\/page"}],"author":[{"embeddable":true,"href":"https:\/\/wp.ufpel.edu.br\/npa\/wp-json\/wp\/v2\/users\/821"}],"replies":[{"embeddable":true,"href":"https:\/\/wp.ufpel.edu.br\/npa\/wp-json\/wp\/v2\/comments?post=1916"}],"version-history":[{"count":27,"href":"https:\/\/wp.ufpel.edu.br\/npa\/wp-json\/wp\/v2\/pages\/1916\/revisions"}],"predecessor-version":[{"id":2162,"href":"https:\/\/wp.ufpel.edu.br\/npa\/wp-json\/wp\/v2\/pages\/1916\/revisions\/2162"}],"wp:attachment":[{"href":"https:\/\/wp.ufpel.edu.br\/npa\/wp-json\/wp\/v2\/media?parent=1916"}],"curies":[{"name":"wp","href":"https:\/\/api.w.org\/{rel}","templated":true}]}}