{"id":1909,"date":"2024-11-26T17:45:09","date_gmt":"2024-11-26T20:45:09","guid":{"rendered":"https:\/\/wp.ufpel.edu.br\/npa\/?page_id=1909"},"modified":"2025-08-22T15:24:16","modified_gmt":"2025-08-22T18:24:16","slug":"licenca-ambiental-de-operacao-agencia-de-desenvolvimento-da-bacia-da-lagoa-mirim","status":"publish","type":"page","link":"https:\/\/wp.ufpel.edu.br\/npa\/licenca-ambiental-de-operacao-agencia-de-desenvolvimento-da-bacia-da-lagoa-mirim\/","title":{"rendered":"Licen\u00e7a Ambiental de Opera\u00e7\u00e3o &#8211; Ag\u00eancia de Desenvolvimento da Bacia da Lagoa Mirim"},"content":{"rendered":"<p>A renova\u00e7\u00e3o da Licen\u00e7a Ambiental da Ag\u00eancia de Desenvolvimento da Bacia da Lagoa Mirim foi obtida em 21 de agosto de 2025,\u00a0 com validade at\u00e9 20 de agosto de 2029.<\/p>\n<p>Clique <a href=\"https:\/\/wp.ufpel.edu.br\/npa\/files\/2025\/08\/Licenca-ate-2029.pdf\">aqui<\/a> e acesse a licen\u00e7a ambiental em vigor.<\/p>\n","protected":false},"excerpt":{"rendered":"<p>A renova\u00e7\u00e3o da Licen\u00e7a Ambiental da Ag\u00eancia de Desenvolvimento da Bacia da Lagoa Mirim foi obtida em 21 de agosto de 2025,\u00a0 com validade at\u00e9 20 de agosto de 2029. Clique aqui e acesse a licen\u00e7a ambiental em vigor.<\/p>\n","protected":false},"author":821,"featured_media":0,"parent":0,"menu_order":0,"comment_status":"closed","ping_status":"closed","template":"","meta":{"footnotes":""},"class_list":["post-1909","page","type-page","status-publish","hentry"],"_links":{"self":[{"href":"https:\/\/wp.ufpel.edu.br\/npa\/wp-json\/wp\/v2\/pages\/1909","targetHints":{"allow":["GET"]}}],"collection":[{"href":"https:\/\/wp.ufpel.edu.br\/npa\/wp-json\/wp\/v2\/pages"}],"about":[{"href":"https:\/\/wp.ufpel.edu.br\/npa\/wp-json\/wp\/v2\/types\/page"}],"author":[{"embeddable":true,"href":"https:\/\/wp.ufpel.edu.br\/npa\/wp-json\/wp\/v2\/users\/821"}],"replies":[{"embeddable":true,"href":"https:\/\/wp.ufpel.edu.br\/npa\/wp-json\/wp\/v2\/comments?post=1909"}],"version-history":[{"count":3,"href":"https:\/\/wp.ufpel.edu.br\/npa\/wp-json\/wp\/v2\/pages\/1909\/revisions"}],"predecessor-version":[{"id":2208,"href":"https:\/\/wp.ufpel.edu.br\/npa\/wp-json\/wp\/v2\/pages\/1909\/revisions\/2208"}],"wp:attachment":[{"href":"https:\/\/wp.ufpel.edu.br\/npa\/wp-json\/wp\/v2\/media?parent=1909"}],"curies":[{"name":"wp","href":"https:\/\/api.w.org\/{rel}","templated":true}]}}