{"id":1892,"date":"2024-11-26T11:07:38","date_gmt":"2024-11-26T14:07:38","guid":{"rendered":"https:\/\/wp.ufpel.edu.br\/npa\/?page_id=1892"},"modified":"2024-11-26T11:07:38","modified_gmt":"2024-11-26T14:07:38","slug":"licenca-ambiental-de-operacao-centro-de-pesquisas-em-saude-dr-amilcar-gigante","status":"publish","type":"page","link":"https:\/\/wp.ufpel.edu.br\/npa\/licenca-ambiental-de-operacao-centro-de-pesquisas-em-saude-dr-amilcar-gigante\/","title":{"rendered":"Licen\u00e7a Ambiental de Opera\u00e7\u00e3o &#8211; Centro de Pesquisas em Sa\u00fade Dr. Amilcar Gigante"},"content":{"rendered":"<p>A Licen\u00e7a Ambiental do Centro de Pesquisas em Sa\u00fade Dr. Amilcar Gigante foi obtida em 11 de novembro de 2024, com validade at\u00e9 06 de novembro de 2028.<\/p>\n<p>Clique\u00a0<a href=\"https:\/\/wp.ufpel.edu.br\/npa\/files\/2024\/11\/02-a_licenca_ambiental_-_documento_de_deferimento-1910_2024-38838-Visualizacao-1732027222.pdf\">aqui\u00a0<\/a>e acesse a Licen\u00e7a Ambiental de Opera\u00e7\u00e3o do Centro de Pesquisas em Sa\u00fade.<\/p>\n","protected":false},"excerpt":{"rendered":"<p>A Licen\u00e7a Ambiental do Centro de Pesquisas em Sa\u00fade Dr. Amilcar Gigante foi obtida em 11 de novembro de 2024, com validade at\u00e9 06 de novembro de 2028. Clique\u00a0aqui\u00a0e acesse a Licen\u00e7a Ambiental de Opera\u00e7\u00e3o do Centro de Pesquisas em Sa\u00fade.<\/p>\n","protected":false},"author":821,"featured_media":0,"parent":0,"menu_order":0,"comment_status":"closed","ping_status":"closed","template":"","meta":{"footnotes":""},"class_list":["post-1892","page","type-page","status-publish","hentry"],"_links":{"self":[{"href":"https:\/\/wp.ufpel.edu.br\/npa\/wp-json\/wp\/v2\/pages\/1892","targetHints":{"allow":["GET"]}}],"collection":[{"href":"https:\/\/wp.ufpel.edu.br\/npa\/wp-json\/wp\/v2\/pages"}],"about":[{"href":"https:\/\/wp.ufpel.edu.br\/npa\/wp-json\/wp\/v2\/types\/page"}],"author":[{"embeddable":true,"href":"https:\/\/wp.ufpel.edu.br\/npa\/wp-json\/wp\/v2\/users\/821"}],"replies":[{"embeddable":true,"href":"https:\/\/wp.ufpel.edu.br\/npa\/wp-json\/wp\/v2\/comments?post=1892"}],"version-history":[{"count":2,"href":"https:\/\/wp.ufpel.edu.br\/npa\/wp-json\/wp\/v2\/pages\/1892\/revisions"}],"predecessor-version":[{"id":1895,"href":"https:\/\/wp.ufpel.edu.br\/npa\/wp-json\/wp\/v2\/pages\/1892\/revisions\/1895"}],"wp:attachment":[{"href":"https:\/\/wp.ufpel.edu.br\/npa\/wp-json\/wp\/v2\/media?parent=1892"}],"curies":[{"name":"wp","href":"https:\/\/api.w.org\/{rel}","templated":true}]}}