{"id":1876,"date":"2024-11-22T11:48:10","date_gmt":"2024-11-22T14:48:10","guid":{"rendered":"https:\/\/wp.ufpel.edu.br\/npa\/?page_id=1876"},"modified":"2024-11-26T11:15:22","modified_gmt":"2024-11-26T14:15:22","slug":"licenca-ambiental-de-operacao-da-faculdade-de-odontologia","status":"publish","type":"page","link":"https:\/\/wp.ufpel.edu.br\/npa\/licenca-ambiental-de-operacao-da-faculdade-de-odontologia\/","title":{"rendered":"Licen\u00e7a Ambiental de Opera\u00e7\u00e3o da Faculdade de Odontologia"},"content":{"rendered":"<p>A Licen\u00e7a Ambiental de Opera\u00e7\u00e3o (LAO) da Faculdade de Odontologia\u00a0 foi renovada e est\u00e1 em vig\u00eancia desde o dia 07 de novembro de 2024, com validade at\u00e9 06 de novembro de 2026.<\/p>\r\n<!-- \/wp:post-content -->\r\n\r\n<!-- wp:paragraph \/-->\r\n\r\n<!-- wp:paragraph -->\r\n<p>Clique <a href=\"https:\/\/wp.ufpel.edu.br\/npa\/files\/2024\/11\/Licenca-Ambiental.pdf\">aqui <\/a>e acesse a LAO.<\/p>","protected":false},"excerpt":{"rendered":"<p>A Licen\u00e7a Ambiental de Opera\u00e7\u00e3o (LAO) da Faculdade de Odontologia\u00a0 foi renovada e est\u00e1 em vig\u00eancia desde o dia 07 de novembro de 2024, com validade at\u00e9 06 de novembro de 2026. Clique aqui e acesse a LAO.<\/p>\n","protected":false},"author":821,"featured_media":0,"parent":0,"menu_order":0,"comment_status":"closed","ping_status":"closed","template":"","meta":{"footnotes":""},"class_list":["post-1876","page","type-page","status-publish","hentry"],"_links":{"self":[{"href":"https:\/\/wp.ufpel.edu.br\/npa\/wp-json\/wp\/v2\/pages\/1876","targetHints":{"allow":["GET"]}}],"collection":[{"href":"https:\/\/wp.ufpel.edu.br\/npa\/wp-json\/wp\/v2\/pages"}],"about":[{"href":"https:\/\/wp.ufpel.edu.br\/npa\/wp-json\/wp\/v2\/types\/page"}],"author":[{"embeddable":true,"href":"https:\/\/wp.ufpel.edu.br\/npa\/wp-json\/wp\/v2\/users\/821"}],"replies":[{"embeddable":true,"href":"https:\/\/wp.ufpel.edu.br\/npa\/wp-json\/wp\/v2\/comments?post=1876"}],"version-history":[{"count":3,"href":"https:\/\/wp.ufpel.edu.br\/npa\/wp-json\/wp\/v2\/pages\/1876\/revisions"}],"predecessor-version":[{"id":1880,"href":"https:\/\/wp.ufpel.edu.br\/npa\/wp-json\/wp\/v2\/pages\/1876\/revisions\/1880"}],"wp:attachment":[{"href":"https:\/\/wp.ufpel.edu.br\/npa\/wp-json\/wp\/v2\/media?parent=1876"}],"curies":[{"name":"wp","href":"https:\/\/api.w.org\/{rel}","templated":true}]}}