{"id":1819,"date":"2024-04-19T15:03:44","date_gmt":"2024-04-19T18:03:44","guid":{"rendered":"https:\/\/wp.ufpel.edu.br\/npa\/?page_id=1819"},"modified":"2024-04-19T15:03:44","modified_gmt":"2024-04-19T18:03:44","slug":"licenciamento-ambiental-campus-anglo","status":"publish","type":"page","link":"https:\/\/wp.ufpel.edu.br\/npa\/licenciamento-ambiental-campus-anglo\/","title":{"rendered":"Licenciamento Ambiental &#8211; Campus Anglo"},"content":{"rendered":"\n<p>A Licen\u00e7a Ambiental do Campus Anglo foi obtida em 04 de junho de 2019, com validade at\u00e9 03 de junho de 2023. <\/p>\n\n\n\n<p>Cumprindo com as exig\u00eancias da Secretaria, a Ufpel enviou anteriormente ao t\u00e9rmino da Licen\u00e7a os documentos necess\u00e1rios para a renova\u00e7\u00e3o e, de acordo com o Art. 14\u00ba \u00a7 4 da <a href=\"https:\/\/www.planalto.gov.br\/ccivil_03\/leis\/lcp\/lcp140.htm\">Lei Complementar n\u00b0 140<\/a>, de 08 de dezembro de 2011, quando a renova\u00e7\u00e3o for requerida anteriormente ao prazo de validade, a licen\u00e7a fica automaticamente <strong>prorrogada<\/strong> at\u00e9 a manifesta\u00e7\u00e3o definitiva do \u00f3rg\u00e3o ambiental. <\/p>\n\n\n\n<p>Clique <a href=\"https:\/\/wp.ufpel.edu.br\/npa\/files\/2024\/04\/Licenca-Ambiental-533_2019.pdf\">aqui <\/a>e acesse a Licen\u00e7a Ambiental do Campus Anglo.<\/p>\n","protected":false},"excerpt":{"rendered":"<p>A Licen\u00e7a Ambiental do Campus Anglo foi obtida em 04 de junho de 2019, com validade at\u00e9 03 de junho de 2023. Cumprindo com as exig\u00eancias da Secretaria, a Ufpel enviou anteriormente ao t\u00e9rmino da Licen\u00e7a os documentos necess\u00e1rios para a renova\u00e7\u00e3o e, de acordo com o Art. 14\u00ba \u00a7 4 da Lei Complementar n\u00b0 [&hellip;]<\/p>\n","protected":false},"author":821,"featured_media":0,"parent":0,"menu_order":0,"comment_status":"closed","ping_status":"closed","template":"","meta":{"footnotes":""},"class_list":["post-1819","page","type-page","status-publish","hentry"],"_links":{"self":[{"href":"https:\/\/wp.ufpel.edu.br\/npa\/wp-json\/wp\/v2\/pages\/1819","targetHints":{"allow":["GET"]}}],"collection":[{"href":"https:\/\/wp.ufpel.edu.br\/npa\/wp-json\/wp\/v2\/pages"}],"about":[{"href":"https:\/\/wp.ufpel.edu.br\/npa\/wp-json\/wp\/v2\/types\/page"}],"author":[{"embeddable":true,"href":"https:\/\/wp.ufpel.edu.br\/npa\/wp-json\/wp\/v2\/users\/821"}],"replies":[{"embeddable":true,"href":"https:\/\/wp.ufpel.edu.br\/npa\/wp-json\/wp\/v2\/comments?post=1819"}],"version-history":[{"count":4,"href":"https:\/\/wp.ufpel.edu.br\/npa\/wp-json\/wp\/v2\/pages\/1819\/revisions"}],"predecessor-version":[{"id":1825,"href":"https:\/\/wp.ufpel.edu.br\/npa\/wp-json\/wp\/v2\/pages\/1819\/revisions\/1825"}],"wp:attachment":[{"href":"https:\/\/wp.ufpel.edu.br\/npa\/wp-json\/wp\/v2\/media?parent=1819"}],"curies":[{"name":"wp","href":"https:\/\/api.w.org\/{rel}","templated":true}]}}