{"id":1769,"date":"2024-03-20T15:21:01","date_gmt":"2024-03-20T18:21:01","guid":{"rendered":"https:\/\/wp.ufpel.edu.br\/npa\/?page_id=1769"},"modified":"2024-11-14T11:06:14","modified_gmt":"2024-11-14T14:06:14","slug":"rotulagem","status":"publish","type":"page","link":"https:\/\/wp.ufpel.edu.br\/npa\/rotulagem\/","title":{"rendered":"Rotulagem"},"content":{"rendered":"\r\n<p>Para que seja efetuada a coleta, todos os res\u00edduos qu\u00edmicos devem estar devidamente segregados conforme orientado no MR-02 e rotulados com as etiquetas disponibilizadas no link abaixo:<\/p>\r\n\r\n\r\n\r\n<p><a href=\"https:\/\/wp.ufpel.edu.br\/npa\/files\/2024\/11\/ROTULO-SISTEMA-PROVISORIO.pdf\">R\u00d3TULO FRASCOS DE RES\u00cdDUOS QUI\u00cdMICOS<\/a><\/p>\r\n\r\n\r\n\r\n<p><strong>Os sacos e as caixas para perfurocortantes de cor laranja (T\u00f3xico) <\/strong><strong>n\u00e3o<\/strong><strong> necessitam de rotulagem.<\/strong><\/p>\r\n\r\n\r\n\r\n<p>Reagentes que n\u00e3o s\u00e3o mais de interesse do laborat\u00f3rio, mas em condi\u00e7\u00f5es de uso, <strong>n\u00e3o devem<\/strong> ser descartados e sim disponibilizados no <a href=\"https:\/\/wp.ufpel.edu.br\/npa\/re-partilhar\/\">Re.partilhar<\/a>. J\u00e1 os deteriorados ou sem condi\u00e7\u00e3o de uso, devem ser descartados nas embalagens originais. Aqueles que n\u00e3o possuem ou que estejam com a identifica\u00e7\u00e3o original prejudicada, devem ser identificados com o r\u00f3tulo dispon\u00edvel na p\u00e1gina do NPA.<\/p>\r\n","protected":false},"excerpt":{"rendered":"<p>Para que seja efetuada a coleta, todos os res\u00edduos qu\u00edmicos devem estar devidamente segregados conforme orientado no MR-02 e rotulados com as etiquetas disponibilizadas no link abaixo: R\u00d3TULO FRASCOS DE RES\u00cdDUOS QUI\u00cdMICOS Os sacos e as caixas para perfurocortantes de cor laranja (T\u00f3xico) n\u00e3o necessitam de rotulagem. Reagentes que n\u00e3o s\u00e3o mais de interesse do [&hellip;]<\/p>\n","protected":false},"author":821,"featured_media":0,"parent":0,"menu_order":0,"comment_status":"closed","ping_status":"closed","template":"","meta":{"footnotes":""},"class_list":["post-1769","page","type-page","status-publish","hentry"],"_links":{"self":[{"href":"https:\/\/wp.ufpel.edu.br\/npa\/wp-json\/wp\/v2\/pages\/1769","targetHints":{"allow":["GET"]}}],"collection":[{"href":"https:\/\/wp.ufpel.edu.br\/npa\/wp-json\/wp\/v2\/pages"}],"about":[{"href":"https:\/\/wp.ufpel.edu.br\/npa\/wp-json\/wp\/v2\/types\/page"}],"author":[{"embeddable":true,"href":"https:\/\/wp.ufpel.edu.br\/npa\/wp-json\/wp\/v2\/users\/821"}],"replies":[{"embeddable":true,"href":"https:\/\/wp.ufpel.edu.br\/npa\/wp-json\/wp\/v2\/comments?post=1769"}],"version-history":[{"count":6,"href":"https:\/\/wp.ufpel.edu.br\/npa\/wp-json\/wp\/v2\/pages\/1769\/revisions"}],"predecessor-version":[{"id":1867,"href":"https:\/\/wp.ufpel.edu.br\/npa\/wp-json\/wp\/v2\/pages\/1769\/revisions\/1867"}],"wp:attachment":[{"href":"https:\/\/wp.ufpel.edu.br\/npa\/wp-json\/wp\/v2\/media?parent=1769"}],"curies":[{"name":"wp","href":"https:\/\/api.w.org\/{rel}","templated":true}]}}