{"id":1766,"date":"2024-03-20T15:21:10","date_gmt":"2024-03-20T18:21:10","guid":{"rendered":"https:\/\/wp.ufpel.edu.br\/npa\/?page_id=1766"},"modified":"2025-02-28T10:57:31","modified_gmt":"2025-02-28T13:57:31","slug":"manuais","status":"publish","type":"page","link":"https:\/\/wp.ufpel.edu.br\/npa\/manuais\/","title":{"rendered":"Manuais"},"content":{"rendered":"\r\n<p><span style=\"font-size: 14pt; font-family: helvetica, arial, sans-serif;\">O NPA elaborou Manuais R\u00e1pidos (MR) que s\u00e3o normativos e orientadores de todo o processo de Gerenciamento dos Res\u00edduos Qu\u00edmicos na UFPel. Acesse cada um deles, clicando nos links abaixo:<\/span><\/p>\r\n\r\n\r\n\r\n<p><span style=\"font-size: 14pt; font-family: helvetica, arial, sans-serif; color: #ff9900;\"><strong><span style=\"color: #ff6600;\"><a style=\"color: #ff6600;\" href=\"https:\/\/wp.ufpel.edu.br\/npa\/files\/2025\/02\/MR-01-versao-2-Gerenciamento-de-Residuos-Quimicos-etapas-do-manejo-1.pdf\">MR 01 <\/a>\u00a0&#8211; Gerenciamento dos Res\u00edduos Qu\u00edmicos na UFPel: etapas do manejo<\/span><\/strong><\/span><\/p>\r\n\r\n\r\n\r\n<p><span style=\"color: #ff6600; font-family: helvetica, arial, sans-serif;\"><strong><span style=\"font-size: 14pt;\"><a style=\"color: #ff6600;\" href=\"https:\/\/wp.ufpel.edu.br\/npa\/files\/2022\/10\/MR-02-Segregacao-e-Identificacao-de-Residuos-Quimicos.pdf\">MR 02 <\/a>&#8211; Segrega\u00e7\u00e3o dos Res\u00edduos Qu\u00edmicos<\/span><\/strong><\/span><\/p>\r\n\r\n\r\n\r\n<p><span style=\"font-size: 14pt; font-family: helvetica, arial, sans-serif; color: #ff6600;\"><strong><a style=\"color: #ff6600;\" href=\"https:\/\/wp.ufpel.edu.br\/npa\/files\/2022\/10\/MR-03.pdf\">MR 03<\/a> &#8211; Roteiro para Identifica\u00e7\u00e3o de Passivos Qu\u00edmicos L\u00edquidos<\/strong><\/span><\/p>\r\n","protected":false},"excerpt":{"rendered":"<p>O NPA elaborou Manuais R\u00e1pidos (MR) que s\u00e3o normativos e orientadores de todo o processo de Gerenciamento dos Res\u00edduos Qu\u00edmicos na UFPel. Acesse cada um deles, clicando nos links abaixo: MR 01 \u00a0&#8211; Gerenciamento dos Res\u00edduos Qu\u00edmicos na UFPel: etapas do manejo MR 02 &#8211; Segrega\u00e7\u00e3o dos Res\u00edduos Qu\u00edmicos MR 03 &#8211; Roteiro para Identifica\u00e7\u00e3o [&hellip;]<\/p>\n","protected":false},"author":821,"featured_media":0,"parent":0,"menu_order":0,"comment_status":"closed","ping_status":"closed","template":"","meta":{"footnotes":""},"class_list":["post-1766","page","type-page","status-publish","hentry"],"_links":{"self":[{"href":"https:\/\/wp.ufpel.edu.br\/npa\/wp-json\/wp\/v2\/pages\/1766","targetHints":{"allow":["GET"]}}],"collection":[{"href":"https:\/\/wp.ufpel.edu.br\/npa\/wp-json\/wp\/v2\/pages"}],"about":[{"href":"https:\/\/wp.ufpel.edu.br\/npa\/wp-json\/wp\/v2\/types\/page"}],"author":[{"embeddable":true,"href":"https:\/\/wp.ufpel.edu.br\/npa\/wp-json\/wp\/v2\/users\/821"}],"replies":[{"embeddable":true,"href":"https:\/\/wp.ufpel.edu.br\/npa\/wp-json\/wp\/v2\/comments?post=1766"}],"version-history":[{"count":4,"href":"https:\/\/wp.ufpel.edu.br\/npa\/wp-json\/wp\/v2\/pages\/1766\/revisions"}],"predecessor-version":[{"id":1932,"href":"https:\/\/wp.ufpel.edu.br\/npa\/wp-json\/wp\/v2\/pages\/1766\/revisions\/1932"}],"wp:attachment":[{"href":"https:\/\/wp.ufpel.edu.br\/npa\/wp-json\/wp\/v2\/media?parent=1766"}],"curies":[{"name":"wp","href":"https:\/\/api.w.org\/{rel}","templated":true}]}}