{"id":1747,"date":"2024-03-20T15:20:30","date_gmt":"2024-03-20T18:20:30","guid":{"rendered":"https:\/\/wp.ufpel.edu.br\/npa\/?page_id=1747"},"modified":"2024-03-25T08:36:02","modified_gmt":"2024-03-25T11:36:02","slug":"residuos-quimicos-perigosos","status":"publish","type":"page","link":"https:\/\/wp.ufpel.edu.br\/npa\/residuos-quimicos-perigosos\/","title":{"rendered":"Res\u00edduos Qu\u00edmicos Perigosos"},"content":{"rendered":"\n<p class=\"has-black-color has-text-color has-link-color wp-elements-699f971caa03d085994aa11e5bc0efe5\"><strong>Res\u00edduos Qu\u00edmicos <\/strong>s\u00e3o aqueles que cont\u00eam subst\u00e2ncias qu\u00edmicas que conferem risco \u00e0 sa\u00fade p\u00fablica ou ao meio ambiente dependendo de suas caracter\u00edsticas de inflamabilidade, corrosividade, reatividade e toxicidade. S\u00e3o classificados pela ANVISA, por meio da Resolu\u00e7\u00e3o da Diretoria Colegiada 222\/2018, como Res\u00edduos de Servi\u00e7o da Sa\u00fade (RSS) do grupo B.<\/p>\n\n\n\n<p>Quanto \u00e0 periculosidade destes res\u00edduos, a Norma Brasileira da Associa\u00e7\u00e3o Brasileira de Normas T\u00e9cnicas, NBR 10004 (ABNT, 2004) tamb\u00e9m os classifica como res\u00edduos Classe I &#8211; perigosos, pois apresentam risco potencial ao meio ambiente e \u00e0 sa\u00fade p\u00fablica.<\/p>\n\n\n\n<p>Nos Campi da UFPel, estes res\u00edduos s\u00e3o gerados, em sua maioria, nos diversos laborat\u00f3rios de ensino, pesquisa e extens\u00e3o. A universidade possui inteira responsabilidade pelo gerenciamento destes, cabendo ao gerador &#8211; verdadeiro conhecedor do res\u00edduo &#8211; a responsabilidade pelo correto acondicionamento, identifica\u00e7\u00e3o e armazenamento at\u00e9 coleta para destina\u00e7\u00e3o final ambientalmente adequada. O gerador deve atuar conforme determina as diretrizes da Pol\u00edtica Nacional de Res\u00edduos S\u00f3lidos (Lei n\u00ba 12.305\/2010-Art. 9), observando a seguinte ordem de prioridade na gest\u00e3o e gerenciamento dos res\u00edduos:<\/p>\n\n\n\n<figure class=\"wp-block-image\"><a href=\"https:\/\/wp.ufpel.edu.br\/npa\/files\/2022\/10\/2.png\"><img width=\"1920\" height=\"1080\" src=\"https:\/\/wp.ufpel.edu.br\/npa\/files\/2022\/10\/2.png\" alt=\"\" class=\"wp-image-1504\" srcset=\"https:\/\/wp.ufpel.edu.br\/npa\/files\/2022\/10\/2.png 1920w, https:\/\/wp.ufpel.edu.br\/npa\/files\/2022\/10\/2-400x225.png 400w, https:\/\/wp.ufpel.edu.br\/npa\/files\/2022\/10\/2-1024x576.png 1024w, https:\/\/wp.ufpel.edu.br\/npa\/files\/2022\/10\/2-768x432.png 768w, https:\/\/wp.ufpel.edu.br\/npa\/files\/2022\/10\/2-1536x864.png 1536w\" sizes=\"(max-width: 1920px) 100vw, 1920px\" \/><\/a><\/figure>\n\n\n\n<p>Abaixo voc\u00ea encontra os manuais que orientam os procedimentos a serem adotados em todas as etapas do manejo dos res\u00edduos qu\u00edmicos, os r\u00f3tulos que devem ser utilizados e os pontos de coleta  na UFPel:<\/p>\n\n\n\n<div class=\"wp-block-columns is-layout-flex wp-container-core-columns-is-layout-9d6595d7 wp-block-columns-is-layout-flex\">\n<div class=\"wp-block-column is-layout-flow wp-block-column-is-layout-flow\"><div class=\"wp-block-image\">\n<figure class=\"aligncenter size-full is-resized\"><a href=\"https:\/\/wp.ufpel.edu.br\/npa\/?page_id=1766\"><img width=\"512\" height=\"512\" src=\"https:\/\/wp.ufpel.edu.br\/npa\/files\/2024\/03\/seo-3.png\" alt=\"\" class=\"wp-image-1762\" style=\"width:200px\" srcset=\"https:\/\/wp.ufpel.edu.br\/npa\/files\/2024\/03\/seo-3.png 512w, https:\/\/wp.ufpel.edu.br\/npa\/files\/2024\/03\/seo-3-400x400.png 400w, https:\/\/wp.ufpel.edu.br\/npa\/files\/2024\/03\/seo-3-200x200.png 200w\" sizes=\"(max-width: 512px) 100vw, 512px\" \/><\/a><figcaption class=\"wp-element-caption\">Manuais <\/figcaption><\/figure>\n<\/div><\/div>\n\n\n\n<div class=\"wp-block-column is-layout-flow wp-block-column-is-layout-flow\"><div class=\"wp-block-image\">\n<figure class=\"aligncenter size-full is-resized\"><a href=\"https:\/\/wp.ufpel.edu.br\/npa\/?page_id=1769\"><img width=\"512\" height=\"512\" src=\"https:\/\/wp.ufpel.edu.br\/npa\/files\/2024\/03\/rotulo-1-3.png\" alt=\"\" class=\"wp-image-1763\" style=\"width:200px\" srcset=\"https:\/\/wp.ufpel.edu.br\/npa\/files\/2024\/03\/rotulo-1-3.png 512w, https:\/\/wp.ufpel.edu.br\/npa\/files\/2024\/03\/rotulo-1-3-400x400.png 400w, https:\/\/wp.ufpel.edu.br\/npa\/files\/2024\/03\/rotulo-1-3-200x200.png 200w\" sizes=\"(max-width: 512px) 100vw, 512px\" \/><\/a><figcaption class=\"wp-element-caption\">R\u00f3tulos<\/figcaption><\/figure>\n<\/div><\/div>\n\n\n\n<div class=\"wp-block-column is-layout-flow wp-block-column-is-layout-flow\"><div class=\"wp-block-image\">\n<figure class=\"aligncenter size-full is-resized\"><a href=\"https:\/\/wp.ufpel.edu.br\/npa\/?page_id=1772\"><img width=\"512\" height=\"512\" src=\"https:\/\/wp.ufpel.edu.br\/npa\/files\/2024\/03\/caminhao-de-lixo-2.png\" alt=\"\" class=\"wp-image-1764\" style=\"width:200px\" srcset=\"https:\/\/wp.ufpel.edu.br\/npa\/files\/2024\/03\/caminhao-de-lixo-2.png 512w, https:\/\/wp.ufpel.edu.br\/npa\/files\/2024\/03\/caminhao-de-lixo-2-400x400.png 400w, https:\/\/wp.ufpel.edu.br\/npa\/files\/2024\/03\/caminhao-de-lixo-2-200x200.png 200w\" sizes=\"(max-width: 512px) 100vw, 512px\" \/><\/a><figcaption class=\"wp-element-caption\">Pontos de Coleta<\/figcaption><\/figure>\n<\/div><\/div>\n<\/div>\n\n\n\n<p><sup>*\u00edcones dispon\u00edveis em flaticons.com<\/sup><\/p>\n\n\n\n<p><\/p>\n","protected":false},"excerpt":{"rendered":"<p>Res\u00edduos Qu\u00edmicos s\u00e3o aqueles que cont\u00eam subst\u00e2ncias qu\u00edmicas que conferem risco \u00e0 sa\u00fade p\u00fablica ou ao meio ambiente dependendo de suas caracter\u00edsticas de inflamabilidade, corrosividade, reatividade e toxicidade. S\u00e3o classificados pela ANVISA, por meio da Resolu\u00e7\u00e3o da Diretoria Colegiada 222\/2018, como Res\u00edduos de Servi\u00e7o da Sa\u00fade (RSS) do grupo B. Quanto \u00e0 periculosidade destes res\u00edduos, [&hellip;]<\/p>\n","protected":false},"author":821,"featured_media":0,"parent":0,"menu_order":0,"comment_status":"closed","ping_status":"closed","template":"","meta":{"footnotes":""},"class_list":["post-1747","page","type-page","status-publish","hentry"],"_links":{"self":[{"href":"https:\/\/wp.ufpel.edu.br\/npa\/wp-json\/wp\/v2\/pages\/1747","targetHints":{"allow":["GET"]}}],"collection":[{"href":"https:\/\/wp.ufpel.edu.br\/npa\/wp-json\/wp\/v2\/pages"}],"about":[{"href":"https:\/\/wp.ufpel.edu.br\/npa\/wp-json\/wp\/v2\/types\/page"}],"author":[{"embeddable":true,"href":"https:\/\/wp.ufpel.edu.br\/npa\/wp-json\/wp\/v2\/users\/821"}],"replies":[{"embeddable":true,"href":"https:\/\/wp.ufpel.edu.br\/npa\/wp-json\/wp\/v2\/comments?post=1747"}],"version-history":[{"count":9,"href":"https:\/\/wp.ufpel.edu.br\/npa\/wp-json\/wp\/v2\/pages\/1747\/revisions"}],"predecessor-version":[{"id":1788,"href":"https:\/\/wp.ufpel.edu.br\/npa\/wp-json\/wp\/v2\/pages\/1747\/revisions\/1788"}],"wp:attachment":[{"href":"https:\/\/wp.ufpel.edu.br\/npa\/wp-json\/wp\/v2\/media?parent=1747"}],"curies":[{"name":"wp","href":"https:\/\/api.w.org\/{rel}","templated":true}]}}