{"id":1494,"date":"2022-10-26T13:30:27","date_gmt":"2022-10-26T16:30:27","guid":{"rendered":"https:\/\/wp.ufpel.edu.br\/npa\/?page_id=1494"},"modified":"2024-11-25T09:15:44","modified_gmt":"2024-11-25T12:15:44","slug":"residuos-infectantes","status":"publish","type":"page","link":"https:\/\/wp.ufpel.edu.br\/npa\/residuos-infectantes\/","title":{"rendered":"Res\u00edduos Biol\u00f3gicos ou Infectantes"},"content":{"rendered":"\r\n<h2 class=\"wp-block-heading\">Defini\u00e7\u00e3o e classifica\u00e7\u00e3o<\/h2>\r\n\r\n\r\n\r\n<p><span style=\"color: #ff6600;\"><strong><span style=\"font-size: 14pt;\">Res\u00edduos Biol\u00f3gicos ou Potencialmente Infectantes<\/span><\/strong><\/span> ou, ainda, res\u00edduos de servi\u00e7o de sa\u00fade que apresentam risco biol\u00f3gico, s\u00e3o aqueles res\u00edduos que apresentam possibilidade de estarem contaminados com agentes biol\u00f3gicos, tais como: bact\u00e9rias, fungos, v\u00edrus, microplasmas, pr\u00edons, parasitas, linhagens celulares e toxinas.<\/p>\r\n\r\n\r\n\r\n<p>A\u00a0 <a href=\"https:\/\/wp.ufpel.edu.br\/npa\/files\/2022\/10\/rdc0222_28_03_2018.pdf\">RDC 222_28_03_2018<\/a> da Anvisa classifica os res\u00edduos perigosos do grupo A (Infectantes) em cinco subgrupos: A1, A2, A3, A4 e A5. Res\u00edduos perfurocortantes (Grupo E) tamb\u00e9m podem estar contaminados com material possivelmente infectante. Confira a seguir uma rela\u00e7\u00e3o dos tipos de res\u00edduos que se encaixam em cada classifica\u00e7\u00e3o:<\/p>\r\n\r\n\r\n\r\n<figure class=\"wp-block-image\"><a href=\"https:\/\/wp.ufpel.edu.br\/npa\/files\/2022\/10\/tabela-1.png\"><img width=\"1654\" height=\"2339\" class=\"wp-image-1535\" src=\"https:\/\/wp.ufpel.edu.br\/npa\/files\/2022\/10\/tabela-1.png\" alt=\"\" srcset=\"https:\/\/wp.ufpel.edu.br\/npa\/files\/2022\/10\/tabela-1.png 1654w, https:\/\/wp.ufpel.edu.br\/npa\/files\/2022\/10\/tabela-1-283x400.png 283w, https:\/\/wp.ufpel.edu.br\/npa\/files\/2022\/10\/tabela-1-724x1024.png 724w, https:\/\/wp.ufpel.edu.br\/npa\/files\/2022\/10\/tabela-1-768x1086.png 768w, https:\/\/wp.ufpel.edu.br\/npa\/files\/2022\/10\/tabela-1-1086x1536.png 1086w, https:\/\/wp.ufpel.edu.br\/npa\/files\/2022\/10\/tabela-1-1448x2048.png 1448w\" sizes=\"(max-width: 1654px) 100vw, 1654px\" \/><\/a><\/figure>\r\n\r\n\r\n\r\n<h2 class=\"wp-block-heading\">Manejo dos Res\u00edduos Biol\u00f3gicos<\/h2>\r\n\r\n\r\n\r\n<p><strong><span style=\"font-size: 18pt; color: #ff6600;\">Etapas do Manejo dos Res\u00edduos Biol\u00f3gicos ou Infectantes na UFPEL\u00a0<\/span><\/strong><\/p>\r\n\r\n\r\n\r\n<figure class=\"wp-block-image\"><a href=\"https:\/\/wp.ufpel.edu.br\/npa\/files\/2022\/10\/3.png\"><img width=\"1920\" height=\"1080\" class=\"wp-image-1509\" src=\"https:\/\/wp.ufpel.edu.br\/npa\/files\/2022\/10\/3.png\" alt=\"\" srcset=\"https:\/\/wp.ufpel.edu.br\/npa\/files\/2022\/10\/3.png 1920w, https:\/\/wp.ufpel.edu.br\/npa\/files\/2022\/10\/3-400x225.png 400w, https:\/\/wp.ufpel.edu.br\/npa\/files\/2022\/10\/3-1024x576.png 1024w, https:\/\/wp.ufpel.edu.br\/npa\/files\/2022\/10\/3-768x432.png 768w, https:\/\/wp.ufpel.edu.br\/npa\/files\/2022\/10\/3-1536x864.png 1536w\" sizes=\"(max-width: 1920px) 100vw, 1920px\" \/><\/a><\/figure>\r\n\r\n\r\n<hr class=\"wp-block-separator has-text-color has-luminous-vivid-orange-color has-alpha-channel-opacity has-luminous-vivid-orange-background-color has-background is-style-wide\" \/>\r\n\r\n\r\n<h2 class=\"wp-block-heading\">Manuais para Gerenciamento de Res\u00edduos Biol\u00f3gicos<\/h2>\r\n\r\n\r\n\r\n<p>Um resumo com todas as etapas do Gerenciamento dos Res\u00edduos Biol\u00f3gicos ou Infectantes na UFPel pode ser encontrado no <span style=\"color: #ff9900;\"><strong><mark class=\"has-inline-color has-luminous-vivid-orange-color\" style=\"background-color: rgba(0, 0, 0, 0);\"><a style=\"color: #ff9900;\" href=\"https:\/\/wp.ufpel.edu.br\/npa\/files\/2022\/10\/MR-04-Gerenciamento-RSS-A-e-E.pdf\"><span style=\"color: #ff6600;\">Manual R\u00e1pido<\/span><\/a>.<\/mark><\/strong><\/span><\/p>\r\n\r\n\r\n\r\n<p>O Manual completo, com a descri\u00e7\u00e3o de todas etapas e maiores informa\u00e7\u00f5es pode ser acessado<span style=\"color: #ff6600;\"><strong> <a style=\"color: #ff6600;\" href=\"https:\/\/wp.ufpel.edu.br\/npa\/files\/2023\/08\/Manual-RSS-completo.pdf\" target=\"_blank\" rel=\"noopener\">aqui.<\/a><\/strong><\/span><\/p>\r\n\r\n\r\n<hr class=\"wp-block-separator has-text-color has-luminous-vivid-orange-color has-alpha-channel-opacity has-luminous-vivid-orange-background-color has-background is-style-default\" \/>\r\n\r\n\r\n<h2 class=\"wp-block-heading\">Pontos de Coleta<\/h2>\r\n\r\n\r\n\r\n<p><span style=\"color: #ff6600; font-size: 14pt; font-family: helvetica, arial, sans-serif;\"><strong>PONTOS DE COLETA<\/strong><\/span><\/p>\r\n\r\n\r\n\r\n<p><span style=\"font-family: helvetica, arial, sans-serif;\">O <span style=\"color: #ff6600;\"><strong>armazenamento tempor\u00e1rio<\/strong><\/span>\u00a0\u00e9 o local onde o res\u00edduo, previamente segregado, acondicionado e identificado, aguardar\u00e1 a coleta da empresa especializada que ocorre sob fiscaliza\u00e7\u00e3o do NPA.\u00a0<\/span><\/p>\r\n\r\n\r\n\r\n<p><span style=\"font-family: helvetica, arial, sans-serif;\">Cada unidade ter\u00e1 um local destinado ao armazenamento tempor\u00e1rio dos res\u00edduos (ponto de coleta), onde cada gerador far\u00e1 a entrega do res\u00edduo. Quando a unidade possui setores muito descentralizados, \u00e9 poss\u00edvel que a unidade possua mais de um ponto de coleta. Atualmente temos armazenamento tempor\u00e1rio de res\u00edduos biol\u00f3gicos e infectantes nos seguintes locais:<\/span><\/p>\r\n\r\n\r\n\r\n<p>&nbsp;<\/p>\r\n\r\n\r\n\r\n<p><span style=\"font-family: helvetica, arial, sans-serif; color: #ff6600;\"><strong><u>Campus Cap\u00e3o do Le\u00e3o<\/u><\/strong><\/span><\/p>\r\n\r\n\r\n\r\n<p><span style=\"font-family: helvetica, arial, sans-serif;\">1. Faculdade de Veterin\u00e1ria (Pr\u00e9dio 01)<\/span><\/p>\r\n\r\n\r\n\r\n<p><span style=\"font-family: helvetica, arial, sans-serif;\">2. Hospital Veterin\u00e1rio\u00a0<\/span><\/p>\r\n\r\n\r\n\r\n<p><span style=\"font-family: helvetica, arial, sans-serif;\">3. Faculdade de Agronomia (Pr\u00e9dio 2) <\/span><\/p>\r\n\r\n\r\n\r\n<p>3. <span style=\"font-family: helvetica, arial, sans-serif;\">Centro de Ci\u00eancias Qu\u00edmicas, Farmac\u00eauticas e de Alimentos (Pr\u00e9dio 5)<\/span><\/p>\r\n\r\n\r\n\r\n<p><span style=\"font-family: helvetica, arial, sans-serif;\">5. Instituto de Biologia (Pr\u00e9dio 22)<\/span><\/p>\r\n\r\n\r\n\r\n<p><span style=\"font-family: helvetica, arial, sans-serif;\">6. Centro de Desenvolvimento Tecnol\u00f3gico (Pr\u00e9dio 19)<\/span><\/p>\r\n\r\n\r\n\r\n<p><span style=\"font-family: helvetica, arial, sans-serif;\">7. <span style=\"color: #222222;\">Centro de Controle de Zoonoses (Pr\u00e9dio 42)<\/span><\/span><\/p>\r\n\r\n\r\n\r\n<p>8. NURFS<\/p>\r\n\r\n\r\n\r\n<p>9. BIOT\u00c9RIO<\/p>\r\n\r\n\r\n\r\n<p>10. Posto M\u00e9dico<\/p>\r\n\r\n\r\n\r\n<p><span style=\"font-family: helvetica, arial, sans-serif; color: #ff6600;\"><strong><u>Cidade de Pelotas<\/u><\/strong><\/span><\/p>\r\n\r\n\r\n\r\n<p><span style=\"font-family: helvetica, arial, sans-serif;\">1. Faculdade de Odontologia<\/span><\/p>\r\n\r\n\r\n\r\n<p><span style=\"font-family: helvetica, arial, sans-serif;\">2. <\/span><span style=\"font-family: helvetica, arial, sans-serif;\">Faculdade de Nutri\u00e7\u00e3o (Anglo)<\/span><\/p>\r\n\r\n\r\n\r\n<p>3. Faculdade de Enfermagem<\/p>\r\n\r\n\r\n\r\n<p><span style=\"font-family: helvetica, arial, sans-serif;\">4. Ambulat\u00f3rio Veterin\u00e1rio (Conde de PoA)<\/span><\/p>\r\n\r\n\r\n\r\n<p><span style=\"font-family: helvetica, arial, sans-serif;\">5. Centro de Engenharias (Pr\u00e9dio da antiga Cotada)<\/span><\/p>\r\n\r\n\r\n\r\n<p><span style=\"font-family: helvetica, arial, sans-serif;\">6. Faculdade de Medicina <\/span><\/p>\r\n\r\n\r\n\r\n<p><span style=\"font-family: helvetica, arial, sans-serif;\">7. <\/span><span style=\"font-family: helvetica, arial, sans-serif;\">Centro de Pesquisas Amilcar Gigante<\/span><\/p>\r\n\r\n\r\n\r\n<p>8. UBS Vila Municipal<\/p>\r\n\r\n\r\n\r\n<p>9. UBS Centro Social Urbano<\/p>\r\n\r\n\r\n\r\n<p>10. UBS Areal Leste<\/p>\r\n\r\n\r\n\r\n<p><span style=\"font-family: helvetica, arial, sans-serif;\">Todos os geradores de res\u00edduos infectantes\u00a0 vinculados a esses pontos de coleta devem buscar junto \u00e0 dire\u00e7\u00e3o da Unidade a localiza\u00e7\u00e3o e o respons\u00e1vel pelo armazenamento tempor\u00e1rio, bem como as orienta\u00e7\u00f5es da Unidade sobre a organiza\u00e7\u00e3o interna para acesso e entrega dos res\u00edduos no local (podem haver dias e hor\u00e1rios espec\u00edficos, de acordo com a organiza\u00e7\u00e3o de cada Unidade).<\/span><\/p>\r\n\r\n\r\n\r\n<p><span style=\"font-family: helvetica, arial, sans-serif;\">Se houver necessidade de inclus\u00e3o de novo ponto de coleta, enviar e-mail para <span style=\"color: #ff6600;\"><strong>gestaoambiental@ufpel.edu.br.<\/strong><\/span><\/span><\/p>\r\n\r\n\r\n\r\n<h2 class=\"wp-block-heading\">Coleta dos Res\u00edduos<\/h2>\r\n\r\n\r\n\r\n<p class=\"has-text-align-left\"><span style=\"font-size: 14pt; color: #ff6600; font-family: helvetica, arial, sans-serif;\"><strong>COLETA DOS RES\u00cdDUOS BIOLOGICOS OU INFECTANTES<\/strong><\/span><\/p>\r\n\r\n\r\n\r\n<p><span style=\"font-family: georgia, palatino, serif;\">A coleta dos Res\u00edduos de Servi\u00e7o de Sa\u00fade \u2013 Classe A e E \u2013 Biol\u00f3gicos ou Infectantes ocorrem quinzenalmente nas unidades geradoras, nas quartas-feiras pela manh\u00e3, alternado entre pontos de\u00a0 Pelotas e no Campus Cap\u00e3o do Le\u00e3o.<\/span><\/p>\r\n\r\n\r\n\r\n<p><span style=\"font-family: georgia, palatino, serif;\"> O servi\u00e7o \u00e9 realizado atrav\u00e9s da contrata\u00e7\u00e3o de empresa especializada para coleta, transporte, tratamento e disposi\u00e7\u00e3o final por meio do <a href=\"https:\/\/wp.ufpel.edu.br\/npa\/files\/2022\/10\/SEI_23110.045836_2019_18-2.pdf\">Contrato 03\/2020<\/a> \u00a0<span style=\"font-size: medium;\">cuja regula\u00e7\u00e3o ocorre atrav\u00e9s do N\u00facleo de Planejamento Ambiental da UFPel,\u00a0 com fiscaliza\u00e7\u00e3o segundo a <\/span>portaria <a href=\"https:\/\/wp.ufpel.edu.br\/npa\/files\/2022\/10\/Portaria-1281.pdf\">Portaria 1281\/2022<\/a>.<\/span><\/p>\r\n\r\n\r\n\r\n<h2 class=\"wp-block-heading\">Ciclo do Res\u00edduo Biol\u00f3gico na Ufpel<\/h2>\r\n\r\n\r\n\r\n<figure class=\"wp-block-image\"><a href=\"https:\/\/wp.ufpel.edu.br\/npa\/files\/2022\/10\/4.png\"><img width=\"1920\" height=\"1080\" class=\"wp-image-1508\" src=\"https:\/\/wp.ufpel.edu.br\/npa\/files\/2022\/10\/4.png\" alt=\"\" srcset=\"https:\/\/wp.ufpel.edu.br\/npa\/files\/2022\/10\/4.png 1920w, https:\/\/wp.ufpel.edu.br\/npa\/files\/2022\/10\/4-400x225.png 400w, https:\/\/wp.ufpel.edu.br\/npa\/files\/2022\/10\/4-1024x576.png 1024w, https:\/\/wp.ufpel.edu.br\/npa\/files\/2022\/10\/4-768x432.png 768w, https:\/\/wp.ufpel.edu.br\/npa\/files\/2022\/10\/4-1536x864.png 1536w\" sizes=\"(max-width: 1920px) 100vw, 1920px\" \/><\/a><\/figure>\r\n\r\n\r\n\r\n<p>&nbsp;<\/p>\r\n","protected":false},"excerpt":{"rendered":"<p>Defini\u00e7\u00e3o e classifica\u00e7\u00e3o Res\u00edduos Biol\u00f3gicos ou Potencialmente Infectantes ou, ainda, res\u00edduos de servi\u00e7o de sa\u00fade que apresentam risco biol\u00f3gico, s\u00e3o aqueles res\u00edduos que apresentam possibilidade de estarem contaminados com agentes biol\u00f3gicos, tais como: bact\u00e9rias, fungos, v\u00edrus, microplasmas, pr\u00edons, parasitas, linhagens celulares e toxinas. A\u00a0 RDC 222_28_03_2018 da Anvisa classifica os res\u00edduos perigosos do grupo A [&hellip;]<\/p>\n","protected":false},"author":821,"featured_media":0,"parent":0,"menu_order":0,"comment_status":"closed","ping_status":"closed","template":"","meta":{"footnotes":""},"class_list":["post-1494","page","type-page","status-publish","hentry"],"_links":{"self":[{"href":"https:\/\/wp.ufpel.edu.br\/npa\/wp-json\/wp\/v2\/pages\/1494","targetHints":{"allow":["GET"]}}],"collection":[{"href":"https:\/\/wp.ufpel.edu.br\/npa\/wp-json\/wp\/v2\/pages"}],"about":[{"href":"https:\/\/wp.ufpel.edu.br\/npa\/wp-json\/wp\/v2\/types\/page"}],"author":[{"embeddable":true,"href":"https:\/\/wp.ufpel.edu.br\/npa\/wp-json\/wp\/v2\/users\/821"}],"replies":[{"embeddable":true,"href":"https:\/\/wp.ufpel.edu.br\/npa\/wp-json\/wp\/v2\/comments?post=1494"}],"version-history":[{"count":18,"href":"https:\/\/wp.ufpel.edu.br\/npa\/wp-json\/wp\/v2\/pages\/1494\/revisions"}],"predecessor-version":[{"id":1883,"href":"https:\/\/wp.ufpel.edu.br\/npa\/wp-json\/wp\/v2\/pages\/1494\/revisions\/1883"}],"wp:attachment":[{"href":"https:\/\/wp.ufpel.edu.br\/npa\/wp-json\/wp\/v2\/media?parent=1494"}],"curies":[{"name":"wp","href":"https:\/\/api.w.org\/{rel}","templated":true}]}}