{"id":1414,"date":"2022-10-18T16:53:19","date_gmt":"2022-10-18T19:53:19","guid":{"rendered":"https:\/\/wp.ufpel.edu.br\/npa\/?page_id=1414"},"modified":"2026-01-06T09:05:43","modified_gmt":"2026-01-06T12:05:43","slug":"residuos-de-eletroeletronicos-e-seus-perifericos","status":"publish","type":"page","link":"https:\/\/wp.ufpel.edu.br\/npa\/residuos-de-eletroeletronicos-e-seus-perifericos\/","title":{"rendered":"Res\u00edduos Eletroeletr\u00f4nicos n\u00e3o &#8211; patrimoni\u00e1veis"},"content":{"rendered":"<p><span class=\"fontstyle0\" style=\"font-family: georgia, palatino, serif;\">Os equipamentos eletroeletr\u00f4nicos possuem constituintes que apresentam uma s\u00e9rie de elementos qu\u00edmicos, dentre os quais, diversos metais pesados como chumbo, ars\u00eanio, cobre, c\u00e1dmio, zinco e merc\u00fario, cuja disposi\u00e7\u00e3o inadequada pode causar preju\u00edzos \u00e0 sa\u00fade e ao ambiente. S\u00e3o exemplos de res\u00edduos eletroeletr\u00f4nicos e seus perif\u00e9ricos os computadores, notebooks, monitores, mouses, teclados, projetores (l\u00e2mpadas com vapor de merc\u00fario) aparelhos celulares, entre outros.<\/span><\/p>\n<p><span style=\"font-family: georgia, palatino, serif;\">A UFPEL gera dois tipos de &#8220;res\u00edduos&#8221; de eletroeletr\u00f4nicos:<\/span><\/p>\n<p><span class=\"fontstyle0\" style=\"font-family: georgia, palatino, serif;\"><span style=\"color: #ff6600;\"><strong>Eletroeletr\u00f4nicos patrimoni\u00e1veis<\/strong><\/span>, ou seja, bens permanente que possuem registro patrimonial (mesmo que a etiqueta do patrim\u00f4nio n\u00e3o esteja mais afixada no bem), que n\u00e3o s\u00e3o mais de interesse da unidade de origem, independente da obsolesc\u00eancia ou de suas condi\u00e7\u00f5es de funcionamento.\u00a0<\/span><\/p>\n<p><span class=\"fontstyle0\" style=\"font-family: georgia, palatino, serif;\">Estes devem ser encaminhados para o N\u00facleo de Patrim\u00f4nio (NUPAT) da Pr\u00f3-Reitoria Administrativa, observando os procedimentos operacionais padr\u00f5es estabelecidos pela PRA para o controle de bens permanente. Maiores orienta\u00e7\u00f5es voc\u00ea encontra junto ao NUPAT.<\/span><\/p>\n<p><span style=\"font-family: georgia, palatino, serif;\"><span style=\"color: #ff6600;\"><strong>Eletroeletr\u00f4nicos n\u00e3o patrimoni\u00e1veis<\/strong><\/span>, tais como mouses, teclados, cabos, tonners e demais perif\u00e9ricos de equipamentos eletroeletr\u00f4nicos, etc. Estes ser\u00e3o destinados atrav\u00e9s de uma parceria da UFPEL com o Programa Sustentare, sob supervis\u00e3o e gerenciamento do N\u00facleo de Gest\u00e3o Ambiental (NGA).<\/span><\/p>\n<p>&nbsp;<\/p>\n<p><span style=\"font-size: 14pt;\"><strong><span style=\"background-color: #ffffff; color: #ff6600;\">COMO \u00c9 FEITA\u00a0 A COLETA DE ELETROELETR\u00d4NICOS N\u00c3O PATRIMONI\u00c1VEIS NA UFPEL<\/span><\/strong><\/span><\/p>\n<p><span style=\"font-family: georgia, palatino, serif;\">A UFPel aderiu ao Programa\u00a0 Sustentare <span style=\"font-weight: 400; font-family: georgia, palatino, serif;\">institu\u00eddo pelo Decreto 53.307\/16, um programa do Governo do estado,\u00a0 que trata da destina\u00e7\u00e3o e do descarte de ativos eletroeletr\u00f4nicos de \u00f3rg\u00e3os e de entidades do Estado do Rio Grande do Sul, sem custo para as institui\u00e7\u00f5es.<\/span><\/span><\/p>\n<p><span style=\"font-family: georgia, palatino, serif;\">A coleta de eletroeletr\u00f4nicos n\u00e3o patrimoni\u00e1veis \u00e9 feita <strong>1 vez ao ano.<\/strong> Isso porque, em se tratando de uma coleta e destina\u00e7\u00e3o totalmente sem custo para a institui\u00e7\u00e3o, \u00e9 necess\u00e1rio termos uma quantidade significativa do material, de modo a justificar a vinda da empresa que faz a coleta pelo Programa.\u00a0<\/span><\/p>\n<p><span style=\"font-family: georgia, palatino, serif;\">O gerador deve armazenar esse tipo de res\u00edduo, enquanto aguardam coleta, em caixas de papel\u00e3o, identificadas externamente com o nome da Unidade, n\u00famero da caixa,\u00a0 quantidade e descri\u00e7\u00e3o dos itens. Essas informa\u00e7\u00f5es dever\u00e3o ir para uma tabela conforme <strong><span style=\"color: #ff6600;\"><a style=\"color: #ff6600;\" href=\"https:\/\/wp.ufpel.edu.br\/npa\/files\/2025\/02\/sustentare.pdf\">modelo,<\/a><\/span><\/strong>\u00a0 a qual ser\u00e1 solicitada quando marcada a coleta.<\/span>\u200b<\/p>\n<table class=\" aligncenter\" style=\"width: 100%; border-collapse: collapse;\" border=\"0\">\n<tbody>\n<tr style=\"height: 71px;\">\n<td style=\"width: 55.5892%; border-style: outset; text-align: center; height: 71px;\"><strong><span style=\"background-color: #ffffff; color: #ff6600;\">Confira a lista dos materiais eletroeletr\u00f4nicos <\/span><\/strong><strong><span style=\"background-color: #ffffff; color: #ff6600;\">n\u00e3o patrimoni\u00e1veis <\/span><\/strong><strong><span style=\"background-color: #ffffff; color: #ff6600;\">que podem ser descartados <\/span><\/strong><strong><span style=\"background-color: #ffffff; color: #ff6600;\">pelo Programa Sustentare<\/span><\/strong><\/td>\n<td style=\"width: 13.5952%; height: 71px;\">\u00a0<img class=\"wp-image-2223 alignnone\" style=\"text-align: justify;\" src=\"https:\/\/wp.ufpel.edu.br\/npa\/files\/2025\/10\/WhatsApp-Image-2025-10-08-at-09.46.53.jpeg\" alt=\"\" width=\"78\" height=\"42\" \/><\/td>\n<td style=\"width: 33.0815%; text-align: center; height: 71px;\"><span style=\"color: #ff6600;\"><strong><span style=\"background-color: #ffffff;\"><a style=\"color: #ff6600;\" href=\"https:\/\/wp.ufpel.edu.br\/npa\/files\/2025\/10\/Lista-de-eletroeletronicos-de-consumo-para-o-Sustentare.pdf\">Lista de eletroeletr\u00f4nicos<\/a><\/span><span style=\"background-color: #ffffff;\"><a style=\"color: #ff6600;\" href=\"https:\/\/wp.ufpel.edu.br\/npa\/files\/2025\/10\/Lista-de-eletroeletronicos-de-consumo-para-o-Sustentare.pdf\">\u00a0<\/a><\/span><\/strong><\/span><\/td>\n<\/tr>\n<\/tbody>\n<\/table>\n<p>&nbsp;<\/p>\n<p><span style=\"font-family: georgia, palatino, serif;\">A data da coleta anual \u00e9 informada \u00e0s unidades atrav\u00e9s de processo SEI para as secretarias das dire\u00e7\u00f5es de unidades, que s\u00e3o respons\u00e1veis por fazer a informa\u00e7\u00e3o chegar a todos os setores da unidade. O N\u00facleo tamb\u00e9m divulga a coleta anual na p\u00e1gina do NGA e da UFPel.<\/span><\/p>\n<p>&nbsp;<\/p>\n<p>Confira abaixo as datas em que ocorreram as coletas anuais de eletroeletr\u00f4nicos de consumo (sem condi\u00e7\u00f5es de uso):<\/p>\n<p>&nbsp;<\/p>\n<ul>\n<li>06 dez \/ 2022 &#8211; Unidades da Cidade de Pelotas &#8211; processo SEI <a id=\"anchor1988080\" class=\"infraArvoreNo\" title=\"Administra\u00e7\u00e3o Geral: Comunicados e Informes\" href=\"https:\/\/sei.ufpel.edu.br\/sei\/controlador.php?acao=arvore_visualizar&amp;acao_origem=procedimento_visualizar&amp;id_procedimento=1988080&amp;infra_sistema=100000100&amp;infra_unidade_atual=110000610&amp;infra_hash=28619983d0cc42a3cd512aca5242f103e88a2f55fc642009d6cccaec717f3deb\" target=\"ifrVisualizacao\"><span id=\"span1988080\" class=\"noVisitado\">23110.024149\/2022-56<\/span><\/a><\/li>\n<li><span style=\"font-size: 12pt;\">17 mar \/ 2023 &#8211; Unidades do Campus Cap\u00e3o do Le\u00e3o -processo SEI <a id=\"anchor1988080\" class=\"infraArvoreNo\" title=\"Administra\u00e7\u00e3o Geral: Comunicados e Informes\" href=\"https:\/\/sei.ufpel.edu.br\/sei\/controlador.php?acao=arvore_visualizar&amp;acao_origem=procedimento_visualizar&amp;id_procedimento=1988080&amp;infra_sistema=100000100&amp;infra_unidade_atual=110000610&amp;infra_hash=28619983d0cc42a3cd512aca5242f103e88a2f55fc642009d6cccaec717f3deb\" target=\"ifrVisualizacao\"><span id=\"span1988080\" class=\"noVisitado\">23110.024149\/2022-56<\/span><\/a><\/span><\/li>\n<li>20 ago\/ 2024 &#8211; Todas as unidades da UFPEL &#8211; processo SEI <a id=\"anchor2988571\" class=\"infraArvoreNo\" title=\"Administra\u00e7\u00e3o Geral: Comunicados e Informes\" href=\"https:\/\/sei.ufpel.edu.br\/sei\/controlador.php?acao=arvore_visualizar&amp;acao_origem=procedimento_visualizar&amp;id_procedimento=2988571&amp;infra_sistema=100000100&amp;infra_unidade_atual=110000610&amp;infra_hash=b2d16b6d37589a1f2b7e6b35f3932689e39704854f2a89b101989a03d8842bde\" target=\"ifrVisualizacao\"><span id=\"span2988571\" class=\"noVisitado\">23110.019257\/2024-79<\/span><\/a><\/li>\n<li><strong>27 nov \/ 2025 &#8211; Todas as unidades da UFPEL &#8211; processo SEI <a id=\"anchor3804485\" class=\"infraArvoreNo\" title=\"Administra\u00e7\u00e3o Geral: Comunicados e Informes\" href=\"https:\/\/sei.ufpel.edu.br\/sei\/controlador.php?acao=arvore_visualizar&amp;acao_origem=procedimento_visualizar&amp;id_procedimento=3804485&amp;infra_sistema=100000100&amp;infra_unidade_atual=110000610&amp;infra_hash=137bf8cac1a41d43748b7b385c727f9580e3c337cadd344ed7494fb6188964db\" target=\"ifrVisualizacao\"><span id=\"span3804485\" class=\"noVisitado\">23110.039781\/2025-47<\/span><\/a><\/strong><\/li>\n<\/ul>\n<p class=\"Texto_Justificado_Recuo_Primeira_Linha\"><span style=\"color: #ff6600;\"><strong><span style=\"font-family: georgia, palatino, serif;\">Refor\u00e7amos que:<\/span><\/strong><\/span><\/p>\n<p class=\"Texto_Justificado_Recuo_Primeira_Linha\"><span style=\"font-family: georgia, palatino, serif;\">1.\u00a0 \u00a0A coleta e o recebimento de <strong>eletroeletr\u00f4nicos patrimon\u00edaveis<\/strong>\u00a0\u00e9 de responsabilidade da Unidade de Recolhimento e Desfazimento de Bens\/PRA;<\/span><\/p>\n<p class=\"Texto_Justificado_Recuo_Primeira_Linha\"><span style=\"font-family: georgia, palatino, serif;\">2. O NGA far\u00e1 o recolhimento de<strong> eletroeletr\u00f4nicos n\u00e3o patrimoni\u00e1veis, que n\u00e3o podem ser recuperados ou recondicionados,<\/strong>\u00a0das unidades acad\u00eamicas e administrativas.<\/span><\/p>\n<p><span style=\"font-family: georgia, palatino, serif;\">D\u00favidas podem ser enviadas via e-mail \u2013\u00a0<a href=\"mailto:gestaoambiental@ufpel.edu.br\" target=\"_blank\" rel=\"noopener\">gestaoambiental@ufpel.edu.br<\/a><\/span><\/p>\n","protected":false},"excerpt":{"rendered":"<p>Os equipamentos eletroeletr\u00f4nicos possuem constituintes que apresentam uma s\u00e9rie de elementos qu\u00edmicos, dentre os quais, diversos metais pesados como chumbo, ars\u00eanio, cobre, c\u00e1dmio, zinco e merc\u00fario, cuja disposi\u00e7\u00e3o inadequada pode causar preju\u00edzos \u00e0 sa\u00fade e ao ambiente. S\u00e3o exemplos de res\u00edduos eletroeletr\u00f4nicos e seus perif\u00e9ricos os computadores, notebooks, monitores, mouses, teclados, projetores (l\u00e2mpadas com vapor [&hellip;]<\/p>\n","protected":false},"author":821,"featured_media":0,"parent":0,"menu_order":0,"comment_status":"closed","ping_status":"closed","template":"","meta":{"footnotes":""},"class_list":["post-1414","page","type-page","status-publish","hentry"],"_links":{"self":[{"href":"https:\/\/wp.ufpel.edu.br\/npa\/wp-json\/wp\/v2\/pages\/1414","targetHints":{"allow":["GET"]}}],"collection":[{"href":"https:\/\/wp.ufpel.edu.br\/npa\/wp-json\/wp\/v2\/pages"}],"about":[{"href":"https:\/\/wp.ufpel.edu.br\/npa\/wp-json\/wp\/v2\/types\/page"}],"author":[{"embeddable":true,"href":"https:\/\/wp.ufpel.edu.br\/npa\/wp-json\/wp\/v2\/users\/821"}],"replies":[{"embeddable":true,"href":"https:\/\/wp.ufpel.edu.br\/npa\/wp-json\/wp\/v2\/comments?post=1414"}],"version-history":[{"count":4,"href":"https:\/\/wp.ufpel.edu.br\/npa\/wp-json\/wp\/v2\/pages\/1414\/revisions"}],"predecessor-version":[{"id":2261,"href":"https:\/\/wp.ufpel.edu.br\/npa\/wp-json\/wp\/v2\/pages\/1414\/revisions\/2261"}],"wp:attachment":[{"href":"https:\/\/wp.ufpel.edu.br\/npa\/wp-json\/wp\/v2\/media?parent=1414"}],"curies":[{"name":"wp","href":"https:\/\/api.w.org\/{rel}","templated":true}]}}