{"id":1396,"date":"2022-10-18T14:17:25","date_gmt":"2022-10-18T17:17:25","guid":{"rendered":"https:\/\/wp.ufpel.edu.br\/npa\/?page_id=1396"},"modified":"2022-10-26T22:25:50","modified_gmt":"2022-10-27T01:25:50","slug":"pilhas-e-baterias","status":"publish","type":"page","link":"https:\/\/wp.ufpel.edu.br\/npa\/pilhas-e-baterias\/","title":{"rendered":"Pilhas e Baterias"},"content":{"rendered":"<p style=\"text-align: left;\"><span class=\"fontstyle0\">As pilhas e baterias s\u00e3o consideradas res\u00edduos perigosos, pois em sua composi\u00e7\u00e3o cont\u00e9m metais pesados que, quando descartados incorretamente, podem contaminar o meio ambiente.<\/span><\/p>\n<p style=\"text-align: left;\"><span class=\"fontstyle0\"><br \/>\nNa UFPEL o descarte das pilhas e baterias institucionais deve ser feito diretamente na secretaria da Unidade, nos coletores entregues pelo N\u00facleo de Planejamento Ambiental para esta finalidade. Quando o coletor estiver pr\u00f3ximo do limite de 2\/3 de sua capacidade, a secretaria da Unidade dever\u00e1 enviar email para <strong>gestaoambiental@ufpel.edu.br<\/strong>, com o assunto &#8220;<strong>solicita\u00e7\u00e3o de coleta de pilhas institucionais<\/strong>&#8220;. <\/span><\/p>\n<p style=\"text-align: left;\"><span class=\"fontstyle0\">O N\u00facleo de Planejamento Ambiental <strong>n\u00e3o\u00a0<\/strong>far\u00e1 a coleta de pilhas e baterias que n\u00e3o estejam acondicionadas nos coletores das secretarias das unidades.\u00a0<\/span><\/p>\n<p style=\"text-align: left;\"><span class=\"fontstyle0\">O NPA supervisiona a coleta interna do material at\u00e9 o encaminhamento ao local de guarda tempor\u00e1ria, para posterior destina\u00e7\u00e3o final adequada.\u00a0<\/span><\/p>\n<p style=\"text-align: left;\"><span class=\"fontstyle0\"><br \/>\n<\/span><span class=\"fontstyle2\">IMPORTANTE: o descarte dom\u00e9stico de pilhas n\u00e3o deve ser feito nos coletores da UFPEL<\/span><span class=\"fontstyle0\">, visto que o acordo setorial para a Log\u00edstica Reversa de pilhas n\u00e3o contempla os grandes geradores (a UFPEL \u00e9 considerada uma grande geradora) e, desta forma, a UFPEL tem custos com esta log\u00edstica e destina\u00e7\u00e3o. J\u00e1 para o consumidor dom\u00e9stico ela \u00e9 gratuita, devendo ele entregar seus res\u00edduos nos diversos pontos de coleta em estabelecimentos da cidade, credenciados pela empresa gestora. <\/span><\/p>\n<p style=\"text-align: center;\"><span style=\"color: #ff6600;\"><strong>CICLO DE DESCARTE DAS PILHAS E BATERIAIS INSTITUCIONAIS<\/strong><\/span><\/p>\n<p><a href=\"https:\/\/wp.ufpel.edu.br\/npa\/files\/2022\/10\/ciclo-de-descarte-pilhas.png\"><img class=\"aligncenter wp-image-1398 size-full\" src=\"https:\/\/wp.ufpel.edu.br\/npa\/files\/2022\/10\/ciclo-de-descarte-pilhas.png\" alt=\"\" width=\"707\" height=\"707\" srcset=\"https:\/\/wp.ufpel.edu.br\/npa\/files\/2022\/10\/ciclo-de-descarte-pilhas.png 707w, https:\/\/wp.ufpel.edu.br\/npa\/files\/2022\/10\/ciclo-de-descarte-pilhas-400x400.png 400w, https:\/\/wp.ufpel.edu.br\/npa\/files\/2022\/10\/ciclo-de-descarte-pilhas-200x200.png 200w\" sizes=\"(max-width: 707px) 100vw, 707px\" \/><\/a><\/p>\n","protected":false},"excerpt":{"rendered":"<p>As pilhas e baterias s\u00e3o consideradas res\u00edduos perigosos, pois em sua composi\u00e7\u00e3o cont\u00e9m metais pesados que, quando descartados incorretamente, podem contaminar o meio ambiente. Na UFPEL o descarte das pilhas e baterias institucionais deve ser feito diretamente na secretaria da Unidade, nos coletores entregues pelo N\u00facleo de Planejamento Ambiental para esta finalidade. Quando o coletor [&hellip;]<\/p>\n","protected":false},"author":821,"featured_media":0,"parent":0,"menu_order":0,"comment_status":"closed","ping_status":"closed","template":"","meta":{"footnotes":""},"class_list":["post-1396","page","type-page","status-publish","hentry"],"_links":{"self":[{"href":"https:\/\/wp.ufpel.edu.br\/npa\/wp-json\/wp\/v2\/pages\/1396","targetHints":{"allow":["GET"]}}],"collection":[{"href":"https:\/\/wp.ufpel.edu.br\/npa\/wp-json\/wp\/v2\/pages"}],"about":[{"href":"https:\/\/wp.ufpel.edu.br\/npa\/wp-json\/wp\/v2\/types\/page"}],"author":[{"embeddable":true,"href":"https:\/\/wp.ufpel.edu.br\/npa\/wp-json\/wp\/v2\/users\/821"}],"replies":[{"embeddable":true,"href":"https:\/\/wp.ufpel.edu.br\/npa\/wp-json\/wp\/v2\/comments?post=1396"}],"version-history":[{"count":6,"href":"https:\/\/wp.ufpel.edu.br\/npa\/wp-json\/wp\/v2\/pages\/1396\/revisions"}],"predecessor-version":[{"id":1571,"href":"https:\/\/wp.ufpel.edu.br\/npa\/wp-json\/wp\/v2\/pages\/1396\/revisions\/1571"}],"wp:attachment":[{"href":"https:\/\/wp.ufpel.edu.br\/npa\/wp-json\/wp\/v2\/media?parent=1396"}],"curies":[{"name":"wp","href":"https:\/\/api.w.org\/{rel}","templated":true}]}}