{"id":1330,"date":"2022-10-06T16:55:57","date_gmt":"2022-10-06T19:55:57","guid":{"rendered":"https:\/\/wp.ufpel.edu.br\/npa\/?page_id=1330"},"modified":"2024-03-20T15:57:17","modified_gmt":"2024-03-20T18:57:17","slug":"residuos-quimicos","status":"publish","type":"page","link":"https:\/\/wp.ufpel.edu.br\/npa\/residuos-quimicos\/","title":{"rendered":"Res\u00edduos Qu\u00edmicos"},"content":{"rendered":"<p><span style=\"font-family: helvetica, arial, sans-serif;\"><span style=\"font-size: 14pt; color: #ff6600;\"><strong>Res\u00edduos Qu\u00edmicos <\/strong><\/span>s\u00e3o aqueles que cont\u00eam subst\u00e2ncias qu\u00edmicas que conferem risco \u00e0 sa\u00fade p\u00fablica ou ao meio ambiente dependendo de suas caracter\u00edsticas de inflamabilidade, corrosividade, reatividade e toxicidade. S\u00e3o classificados pela ANVISA, por meio da Resolu\u00e7\u00e3o da Diretoria Colegiada 222\/2018, como Res\u00edduos de Servi\u00e7o da Sa\u00fade (RSS) do grupo B.<\/span><\/p>\n<p><span style=\"font-family: helvetica, arial, sans-serif;\">Quanto \u00e0 periculosidade destes res\u00edduos, a Norma Brasileira da Associa\u00e7\u00e3o Brasileira de Normas T\u00e9cnicas, NBR 10004 (ABNT, 2004) tamb\u00e9m os classifica como res\u00edduos Classe I &#8211; perigosos, pois apresentam risco potencial ao meio ambiente e \u00e0 sa\u00fade p\u00fablica.<\/span><\/p>\n<p><span style=\"font-family: helvetica, arial, sans-serif;\">Nos Campi da UFPel, estes res\u00edduos s\u00e3o gerados, em sua maioria, nos diversos laborat\u00f3rios de ensino, pesquisa e extens\u00e3o. A universidade possui inteira responsabilidade pelo gerenciamento destes, cabendo ao gerador &#8211; verdadeiro conhecedor do res\u00edduo &#8211; a responsabilidade pelo correto acondicionamento, identifica\u00e7\u00e3o e armazenamento at\u00e9 coleta para destina\u00e7\u00e3o final ambientalmente adequada. O gerador deve atuar conforme determina as diretrizes da Pol\u00edtica Nacional de Res\u00edduos S\u00f3lidos (Lei n\u00ba 12.305\/2010-Art. 9), observando a seguinte ordem de prioridade na gest\u00e3o e gerenciamento dos res\u00edduos:<\/span><\/p>\n<p><a href=\"https:\/\/wp.ufpel.edu.br\/npa\/files\/2022\/10\/2.png\"><img class=\"alignnone wp-image-1504 size-full\" src=\"https:\/\/wp.ufpel.edu.br\/npa\/files\/2022\/10\/2.png\" alt=\"\" width=\"1920\" height=\"1080\" srcset=\"https:\/\/wp.ufpel.edu.br\/npa\/files\/2022\/10\/2.png 1920w, https:\/\/wp.ufpel.edu.br\/npa\/files\/2022\/10\/2-400x225.png 400w, https:\/\/wp.ufpel.edu.br\/npa\/files\/2022\/10\/2-1024x576.png 1024w, https:\/\/wp.ufpel.edu.br\/npa\/files\/2022\/10\/2-768x432.png 768w, https:\/\/wp.ufpel.edu.br\/npa\/files\/2022\/10\/2-1536x864.png 1536w\" sizes=\"(max-width: 1920px) 100vw, 1920px\" \/><\/a><\/p>\n<p><span style=\"font-size: 14pt; font-family: helvetica, arial, sans-serif; color: #ff6600;\"><strong>1. SEGREGA\u00c7\u00c3O DOS RES\u00cdDUOS QU\u00cdMICOS NA UFPEL<\/strong><\/span><\/p>\n<ul>\n<li style=\"text-align: left;\"><span style=\"color: #ff6600;\"><strong>RES\u00cdDUOS QU\u00cdMICOS L\u00cdQUIDOS<\/strong><\/span><\/li>\n<\/ul>\n<p><a href=\"https:\/\/wp.ufpel.edu.br\/npa\/files\/2022\/10\/8.png\"><img class=\"alignnone wp-image-1505 size-full\" src=\"https:\/\/wp.ufpel.edu.br\/npa\/files\/2022\/10\/8.png\" alt=\"\" width=\"1920\" height=\"1080\" srcset=\"https:\/\/wp.ufpel.edu.br\/npa\/files\/2022\/10\/8.png 1920w, https:\/\/wp.ufpel.edu.br\/npa\/files\/2022\/10\/8-400x225.png 400w, https:\/\/wp.ufpel.edu.br\/npa\/files\/2022\/10\/8-1024x576.png 1024w, https:\/\/wp.ufpel.edu.br\/npa\/files\/2022\/10\/8-768x432.png 768w, https:\/\/wp.ufpel.edu.br\/npa\/files\/2022\/10\/8-1536x864.png 1536w\" sizes=\"(max-width: 1920px) 100vw, 1920px\" \/><\/a><\/p>\n<ul>\n<li><span style=\"color: #ff6600; font-family: helvetica, arial, sans-serif;\"><strong>RES\u00cdDUOS QU\u00cdMICOS S\u00d3LIDOS<\/strong><\/span><\/li>\n<\/ul>\n<p><a href=\"https:\/\/wp.ufpel.edu.br\/npa\/files\/2022\/10\/9.png\"><img class=\"alignnone wp-image-1506 size-full\" src=\"https:\/\/wp.ufpel.edu.br\/npa\/files\/2022\/10\/9.png\" alt=\"\" width=\"1920\" height=\"1080\" srcset=\"https:\/\/wp.ufpel.edu.br\/npa\/files\/2022\/10\/9.png 1920w, https:\/\/wp.ufpel.edu.br\/npa\/files\/2022\/10\/9-400x225.png 400w, https:\/\/wp.ufpel.edu.br\/npa\/files\/2022\/10\/9-1024x576.png 1024w, https:\/\/wp.ufpel.edu.br\/npa\/files\/2022\/10\/9-768x432.png 768w, https:\/\/wp.ufpel.edu.br\/npa\/files\/2022\/10\/9-1536x864.png 1536w\" sizes=\"(max-width: 1920px) 100vw, 1920px\" \/><\/a><\/p>\n<p><span style=\"font-size: 14pt; color: #ff6600; font-family: helvetica, arial, sans-serif;\"><strong>2. ACONDICINAMENTO DOS RES\u00cdDUOS QU\u00cdMICOS NA UFPEL<\/strong><\/span><\/p>\n<p><a href=\"https:\/\/wp.ufpel.edu.br\/npa\/files\/2022\/10\/7.png\"><img class=\"alignnone wp-image-1501 size-full\" src=\"https:\/\/wp.ufpel.edu.br\/npa\/files\/2022\/10\/7.png\" alt=\"\" width=\"1920\" height=\"1080\" srcset=\"https:\/\/wp.ufpel.edu.br\/npa\/files\/2022\/10\/7.png 1920w, https:\/\/wp.ufpel.edu.br\/npa\/files\/2022\/10\/7-400x225.png 400w, https:\/\/wp.ufpel.edu.br\/npa\/files\/2022\/10\/7-1024x576.png 1024w, https:\/\/wp.ufpel.edu.br\/npa\/files\/2022\/10\/7-768x432.png 768w, https:\/\/wp.ufpel.edu.br\/npa\/files\/2022\/10\/7-1536x864.png 1536w\" sizes=\"(max-width: 1920px) 100vw, 1920px\" \/><\/a><\/p>\n<p align=\"justify\">\n<p align=\"justify\"><a style=\"font-size: revert; font-family: var(--fonte-corpo);\" href=\"https:\/\/wp.ufpel.edu.br\/npa\/files\/2022\/10\/10.png\"><img class=\"alignnone wp-image-1502 size-full\" src=\"https:\/\/wp.ufpel.edu.br\/npa\/files\/2022\/10\/10.png\" alt=\"\" width=\"1920\" height=\"1080\" srcset=\"https:\/\/wp.ufpel.edu.br\/npa\/files\/2022\/10\/10.png 1920w, https:\/\/wp.ufpel.edu.br\/npa\/files\/2022\/10\/10-400x225.png 400w, https:\/\/wp.ufpel.edu.br\/npa\/files\/2022\/10\/10-1024x576.png 1024w, https:\/\/wp.ufpel.edu.br\/npa\/files\/2022\/10\/10-768x432.png 768w, https:\/\/wp.ufpel.edu.br\/npa\/files\/2022\/10\/10-1536x864.png 1536w\" sizes=\"(max-width: 1920px) 100vw, 1920px\" \/><\/a><\/p>\n<p align=\"justify\">\n","protected":false},"excerpt":{"rendered":"<p>Res\u00edduos Qu\u00edmicos s\u00e3o aqueles que cont\u00eam subst\u00e2ncias qu\u00edmicas que conferem risco \u00e0 sa\u00fade p\u00fablica ou ao meio ambiente dependendo de suas caracter\u00edsticas de inflamabilidade, corrosividade, reatividade e toxicidade. S\u00e3o classificados pela ANVISA, por meio da Resolu\u00e7\u00e3o da Diretoria Colegiada 222\/2018, como Res\u00edduos de Servi\u00e7o da Sa\u00fade (RSS) do grupo B. Quanto \u00e0 periculosidade destes res\u00edduos, [&hellip;]<\/p>\n","protected":false},"author":821,"featured_media":0,"parent":0,"menu_order":0,"comment_status":"closed","ping_status":"closed","template":"","meta":{"footnotes":""},"class_list":["post-1330","page","type-page","status-publish","hentry"],"_links":{"self":[{"href":"https:\/\/wp.ufpel.edu.br\/npa\/wp-json\/wp\/v2\/pages\/1330","targetHints":{"allow":["GET"]}}],"collection":[{"href":"https:\/\/wp.ufpel.edu.br\/npa\/wp-json\/wp\/v2\/pages"}],"about":[{"href":"https:\/\/wp.ufpel.edu.br\/npa\/wp-json\/wp\/v2\/types\/page"}],"author":[{"embeddable":true,"href":"https:\/\/wp.ufpel.edu.br\/npa\/wp-json\/wp\/v2\/users\/821"}],"replies":[{"embeddable":true,"href":"https:\/\/wp.ufpel.edu.br\/npa\/wp-json\/wp\/v2\/comments?post=1330"}],"version-history":[{"count":41,"href":"https:\/\/wp.ufpel.edu.br\/npa\/wp-json\/wp\/v2\/pages\/1330\/revisions"}],"predecessor-version":[{"id":1781,"href":"https:\/\/wp.ufpel.edu.br\/npa\/wp-json\/wp\/v2\/pages\/1330\/revisions\/1781"}],"wp:attachment":[{"href":"https:\/\/wp.ufpel.edu.br\/npa\/wp-json\/wp\/v2\/media?parent=1330"}],"curies":[{"name":"wp","href":"https:\/\/api.w.org\/{rel}","templated":true}]}}