{"id":1326,"date":"2022-10-13T15:13:09","date_gmt":"2022-10-13T18:13:09","guid":{"rendered":"https:\/\/wp.ufpel.edu.br\/npa\/?page_id=1326"},"modified":"2024-08-14T17:04:19","modified_gmt":"2024-08-14T20:04:19","slug":"gerenciamento-de-residuos","status":"publish","type":"page","link":"https:\/\/wp.ufpel.edu.br\/npa\/gerenciamento-de-residuos\/","title":{"rendered":"RES\u00cdDUOS"},"content":{"rendered":"\n<p>O N\u00facleo de Planejamento Ambiental da UFPEL (NPA) \u00e9 o \u00f3rg\u00e3o interno respons\u00e1vel por planejar, fiscalizar, monitorar e avaliar a gest\u00e3o de res\u00edduos gerados nas atividades universit\u00e1rias, al\u00e9m de orientar sua execu\u00e7\u00e3o nas unidades administrativas e acad\u00eamicas, visando garantir que o manejo interno dos res\u00edduos ocorra de forma adequada, desde a gera\u00e7\u00e3o at\u00e9 o descarte, a fim de minimizar a gera\u00e7\u00e3o, reduzir os riscos associados e dar os destinos ambientalmente adequados aos res\u00edduos gerados.<\/p>\n\n\n\n<p>Clique nos \u00edcones espec\u00edficos de cada res\u00edduo para conhecer como se d\u00e1 o processo de gerenciamento de cada um deles.<\/p>\n\n\n\n<div class=\"wp-block-columns is-layout-flex wp-container-core-columns-is-layout-9d6595d7 wp-block-columns-is-layout-flex\">\n<div class=\"wp-block-column is-layout-flow wp-block-column-is-layout-flow\">\n<figure class=\"wp-block-image size-full\"><a href=\"https:\/\/wp.ufpel.edu.br\/npa\/residuos-quimicos-perigosos\/\"><img width=\"171\" height=\"204\" src=\"https:\/\/wp.ufpel.edu.br\/npa\/files\/2022\/11\/Resiuduos-Quimicos.png\" alt=\"\" class=\"wp-image-1598\"\/><\/a><\/figure>\n<\/div>\n\n\n\n<div class=\"wp-block-column is-layout-flow wp-block-column-is-layout-flow\">\n<figure class=\"wp-block-image size-full is-resized\"><a href=\"residuos-infectantes\"><img width=\"171\" height=\"204\" src=\"https:\/\/wp.ufpel.edu.br\/npa\/files\/2022\/11\/Residuos-Biologicos.png\" alt=\"\" class=\"wp-image-1600\" style=\"width:171px;height:204px\"\/><\/a><\/figure>\n<\/div>\n\n\n\n<div class=\"wp-block-column is-layout-flow wp-block-column-is-layout-flow\">\n<figure class=\"wp-block-image size-full\"><a href=\"residuos-organicos-reciclaveis-e-rejeitos\"><img width=\"171\" height=\"204\" src=\"https:\/\/wp.ufpel.edu.br\/npa\/files\/2022\/10\/Reciclaveis-organicos-e-rejeitos-1.png\" alt=\"\" class=\"wp-image-1526\"\/><\/a><\/figure>\n<\/div>\n<\/div>\n\n\n\n<p>&nbsp;<\/p>\n\n\n\n<div class=\"wp-block-columns is-layout-flex wp-container-core-columns-is-layout-9d6595d7 wp-block-columns-is-layout-flex\">\n<div class=\"wp-block-column is-layout-flow wp-block-column-is-layout-flow\">\n<figure class=\"wp-block-image size-full is-resized\"><a href=\"pilhas-e-baterias\"><img width=\"141\" height=\"152\" src=\"https:\/\/wp.ufpel.edu.br\/npa\/files\/2022\/10\/Pilhas-e-Baterias.png\" alt=\"\" class=\"wp-image-1174\" style=\"width:171px;height:204px\"\/><\/a><\/figure>\n<\/div>\n\n\n\n<div class=\"wp-block-column is-layout-flow wp-block-column-is-layout-flow\">\n<figure class=\"wp-block-image size-full is-resized\"><a href=\"lampadas-de-vapor-de-mercurio\"><img src=\"https:\/\/wp.ufpel.edu.br\/npa\/files\/2022\/10\/Lampadas-1.png\" alt=\"\" class=\"wp-image-1489\" style=\"width:171px;height:204px\"\/><\/a><\/figure>\n<\/div>\n\n\n\n<div class=\"wp-block-column is-layout-flow wp-block-column-is-layout-flow\">\n<figure class=\"wp-block-image size-full is-resized\"><a href=\"residuos-de-eletroeletronicos-e-seus-perifericos\"><img src=\"https:\/\/wp.ufpel.edu.br\/npa\/files\/2022\/10\/Sustentare-1.png\" alt=\"\" class=\"wp-image-1488\" style=\"width:171px;height:204px\"\/><\/a><\/figure>\n<\/div>\n<\/div>\n\n\n<\/p>\n\n\n<p><\/p>\n\n\n\n<div class=\"wp-block-columns is-layout-flex wp-container-core-columns-is-layout-9d6595d7 wp-block-columns-is-layout-flex\"><\/div>\n","protected":false},"excerpt":{"rendered":"<p>O N\u00facleo de Planejamento Ambiental da UFPEL (NPA) \u00e9 o \u00f3rg\u00e3o interno respons\u00e1vel por planejar, fiscalizar, monitorar e avaliar a gest\u00e3o de res\u00edduos gerados nas atividades universit\u00e1rias, al\u00e9m de orientar sua execu\u00e7\u00e3o nas unidades administrativas e acad\u00eamicas, visando garantir que o manejo interno dos res\u00edduos ocorra de forma adequada, desde a gera\u00e7\u00e3o at\u00e9 o descarte, [&hellip;]<\/p>\n","protected":false},"author":821,"featured_media":0,"parent":0,"menu_order":0,"comment_status":"closed","ping_status":"closed","template":"","meta":{"footnotes":""},"class_list":["post-1326","page","type-page","status-publish","hentry"],"_links":{"self":[{"href":"https:\/\/wp.ufpel.edu.br\/npa\/wp-json\/wp\/v2\/pages\/1326","targetHints":{"allow":["GET"]}}],"collection":[{"href":"https:\/\/wp.ufpel.edu.br\/npa\/wp-json\/wp\/v2\/pages"}],"about":[{"href":"https:\/\/wp.ufpel.edu.br\/npa\/wp-json\/wp\/v2\/types\/page"}],"author":[{"embeddable":true,"href":"https:\/\/wp.ufpel.edu.br\/npa\/wp-json\/wp\/v2\/users\/821"}],"replies":[{"embeddable":true,"href":"https:\/\/wp.ufpel.edu.br\/npa\/wp-json\/wp\/v2\/comments?post=1326"}],"version-history":[{"count":42,"href":"https:\/\/wp.ufpel.edu.br\/npa\/wp-json\/wp\/v2\/pages\/1326\/revisions"}],"predecessor-version":[{"id":1858,"href":"https:\/\/wp.ufpel.edu.br\/npa\/wp-json\/wp\/v2\/pages\/1326\/revisions\/1858"}],"wp:attachment":[{"href":"https:\/\/wp.ufpel.edu.br\/npa\/wp-json\/wp\/v2\/media?parent=1326"}],"curies":[{"name":"wp","href":"https:\/\/api.w.org\/{rel}","templated":true}]}}