{"id":1249,"date":"2022-07-28T16:36:00","date_gmt":"2022-07-28T19:36:00","guid":{"rendered":"https:\/\/wp.ufpel.edu.br\/npa\/?page_id=1249"},"modified":"2025-06-17T17:24:45","modified_gmt":"2025-06-17T20:24:45","slug":"acompanhamento-dos-processos-de-manejos","status":"publish","type":"page","link":"https:\/\/wp.ufpel.edu.br\/npa\/acompanhamento-dos-processos-de-manejos\/","title":{"rendered":"Mapa digital &#8220;\u00c1rvores da UFPel&#8221;"},"content":{"rendered":"<p>O desenvolvimento do \u00c1rvores da UFPel \u00e9 uma a\u00e7\u00e3o do projeto de ensino &#8220;Planejando A\u00e7\u00f5es Ambiental na UFPel&#8221; que visa o mapeamento das \u00e1reas verdes que fazem parte da Universidade e tamb\u00e9m a apresenta\u00e7\u00e3o das esp\u00e9cies arb\u00f3reas encontradas nos campi.\u00a0<\/p>\n<p>Clique <a href=\"https:\/\/www.google.com\/maps\/d\/edit?mid=12mHpV6cjWkFQASLLrWcr-i2pyTpN5nM&amp;usp=sharing\">aqui<\/a> e acesse o visualizador do mapa digital das \u00e1rvores presentes em \u00e1reas verdes da Universidade.<\/p>\n<p>Para interagir com o mapa, adicionando as \u00e1rvores do seu campus clique <a href=\"https:\/\/www.google.com\/maps\/d\/edit?mid=1RsIpvmI1Z-VyK7spQ1JSRkZ-w24ZT5E&amp;usp=sharing\">aqui.<\/a><\/p>\n<p>Para acessar um tutorial de como interagir com o mapa, clique neste <a href=\"https:\/\/drive.google.com\/file\/d\/1YhMZKIWWYQdIlnGt6j6-MuOlahQcuO43\/view?usp=sharing\">link.<\/a><\/p>\n\n\n<p><\/p>\n","protected":false},"excerpt":{"rendered":"<p>O desenvolvimento do \u00c1rvores da UFPel \u00e9 uma a\u00e7\u00e3o do projeto de ensino &#8220;Planejando A\u00e7\u00f5es Ambiental na UFPel&#8221; que visa o mapeamento das \u00e1reas verdes que fazem parte da Universidade e tamb\u00e9m a apresenta\u00e7\u00e3o das esp\u00e9cies arb\u00f3reas encontradas nos campi.\u00a0 Clique aqui e acesse o visualizador do mapa digital das \u00e1rvores presentes em \u00e1reas verdes [&hellip;]<\/p>\n","protected":false},"author":821,"featured_media":0,"parent":0,"menu_order":0,"comment_status":"closed","ping_status":"closed","template":"","meta":{"footnotes":""},"class_list":["post-1249","page","type-page","status-publish","hentry"],"_links":{"self":[{"href":"https:\/\/wp.ufpel.edu.br\/npa\/wp-json\/wp\/v2\/pages\/1249","targetHints":{"allow":["GET"]}}],"collection":[{"href":"https:\/\/wp.ufpel.edu.br\/npa\/wp-json\/wp\/v2\/pages"}],"about":[{"href":"https:\/\/wp.ufpel.edu.br\/npa\/wp-json\/wp\/v2\/types\/page"}],"author":[{"embeddable":true,"href":"https:\/\/wp.ufpel.edu.br\/npa\/wp-json\/wp\/v2\/users\/821"}],"replies":[{"embeddable":true,"href":"https:\/\/wp.ufpel.edu.br\/npa\/wp-json\/wp\/v2\/comments?post=1249"}],"version-history":[{"count":3,"href":"https:\/\/wp.ufpel.edu.br\/npa\/wp-json\/wp\/v2\/pages\/1249\/revisions"}],"predecessor-version":[{"id":2133,"href":"https:\/\/wp.ufpel.edu.br\/npa\/wp-json\/wp\/v2\/pages\/1249\/revisions\/2133"}],"wp:attachment":[{"href":"https:\/\/wp.ufpel.edu.br\/npa\/wp-json\/wp\/v2\/media?parent=1249"}],"curies":[{"name":"wp","href":"https:\/\/api.w.org\/{rel}","templated":true}]}}