{"id":1128,"date":"2021-08-10T16:23:21","date_gmt":"2021-08-10T19:23:21","guid":{"rendered":"https:\/\/wp.ufpel.edu.br\/npa\/?page_id=1128"},"modified":"2022-07-22T15:29:42","modified_gmt":"2022-07-22T18:29:42","slug":"relatorio-anual-de-atividades-potencialmente-poluidoras-raap","status":"publish","type":"page","link":"https:\/\/wp.ufpel.edu.br\/npa\/ctf-ibama\/relatorio-anual-de-atividades-potencialmente-poluidoras-raap\/","title":{"rendered":"Relat\u00f3rio Anual de Atividades Potencialmente Poluidoras (RAAP)"},"content":{"rendered":"<p>As atividades das categorias de 1 a 20 da <a href=\"https:\/\/www.ibama.gov.br\/cadastros\/ctf\/ctf-app\/ftes#tabelacompleta\">Tabela de Atividades<\/a>\u00a0est\u00e3o obrigadas \u00e0 entrega do <a href=\"http:\/\/ibama.gov.br\/relatorios\/atividades-poluidoras\/relatorio-de-atividades-potencialmente-poluidoras-e-utilizadoras-de-recursos-ambientais-rapp\"><strong>Relat\u00f3rio Anual de Atividades Potencialmente Poluidoras (RAPP)<\/strong><\/a>. Esse relat\u00f3rio deve ser encaminhado todos os anos ao IBAMA at\u00e9 o final de mar\u00e7o. O envio do relat\u00f3rio ser\u00e1 de responsabilidade do NPA, mas, para tanto, \u00e9 necess\u00e1rio que o respons\u00e1vel pela atividade espec\u00edfica encaminhe as informa\u00e7\u00f5es solicitadas pelo NPA at\u00e9 o dia 5 de mar\u00e7o, anualmente.<\/p>\n<p>O cadastro \u00e9 feito utilizando-se do CNPJ da UFPel, portanto todas as atividades sujeitas ao cadastro, que necessitem de RAPP, devem faz\u00ea-lo at\u00e9 a data supracitada. Caso contr\u00e1rio a Universidade, em sua totalidade, se tornar\u00e1 irregular e nenhuma certid\u00e3o negativa poder\u00e1 ser emitida.<\/p>\n<p><strong>\u00a0<\/strong><\/p>\n<p><strong>Aten\u00e7\u00e3o!<\/strong> As informa\u00e7\u00f5es cadastradas no sistema s\u00e3o de inteira responsabilidade do requerente, uma vez comprovado que o NPA cadastrou tal qual o informado. Qualquer informa\u00e7\u00e3o incorreta ou omiss\u00e3o por parte do requerente ser\u00e3o de sua responsabilidade.<\/p>\n","protected":false},"excerpt":{"rendered":"<p>As atividades das categorias de 1 a 20 da Tabela de Atividades\u00a0est\u00e3o obrigadas \u00e0 entrega do Relat\u00f3rio Anual de Atividades Potencialmente Poluidoras (RAPP). Esse relat\u00f3rio deve ser encaminhado todos os anos ao IBAMA at\u00e9 o final de mar\u00e7o. O envio do relat\u00f3rio ser\u00e1 de responsabilidade do NPA, mas, para tanto, \u00e9 necess\u00e1rio que o respons\u00e1vel [&hellip;]<\/p>\n","protected":false},"author":821,"featured_media":0,"parent":1106,"menu_order":0,"comment_status":"closed","ping_status":"closed","template":"","meta":{"footnotes":""},"class_list":["post-1128","page","type-page","status-publish","hentry"],"_links":{"self":[{"href":"https:\/\/wp.ufpel.edu.br\/npa\/wp-json\/wp\/v2\/pages\/1128","targetHints":{"allow":["GET"]}}],"collection":[{"href":"https:\/\/wp.ufpel.edu.br\/npa\/wp-json\/wp\/v2\/pages"}],"about":[{"href":"https:\/\/wp.ufpel.edu.br\/npa\/wp-json\/wp\/v2\/types\/page"}],"author":[{"embeddable":true,"href":"https:\/\/wp.ufpel.edu.br\/npa\/wp-json\/wp\/v2\/users\/821"}],"replies":[{"embeddable":true,"href":"https:\/\/wp.ufpel.edu.br\/npa\/wp-json\/wp\/v2\/comments?post=1128"}],"version-history":[{"count":5,"href":"https:\/\/wp.ufpel.edu.br\/npa\/wp-json\/wp\/v2\/pages\/1128\/revisions"}],"predecessor-version":[{"id":1191,"href":"https:\/\/wp.ufpel.edu.br\/npa\/wp-json\/wp\/v2\/pages\/1128\/revisions\/1191"}],"up":[{"embeddable":true,"href":"https:\/\/wp.ufpel.edu.br\/npa\/wp-json\/wp\/v2\/pages\/1106"}],"wp:attachment":[{"href":"https:\/\/wp.ufpel.edu.br\/npa\/wp-json\/wp\/v2\/media?parent=1128"}],"curies":[{"name":"wp","href":"https:\/\/api.w.org\/{rel}","templated":true}]}}