{"id":1122,"date":"2021-07-30T11:18:06","date_gmt":"2021-07-30T14:18:06","guid":{"rendered":"https:\/\/wp.ufpel.edu.br\/npa\/?page_id=1122"},"modified":"2022-07-22T15:28:29","modified_gmt":"2022-07-22T18:28:29","slug":"como-me-cadastrar-no-ctf","status":"publish","type":"page","link":"https:\/\/wp.ufpel.edu.br\/npa\/ctf-ibama\/como-me-cadastrar-no-ctf\/","title":{"rendered":"O que fazer para se cadastrar no CTF?"},"content":{"rendered":"<p>O N\u00facleo de Planejamento Ambiental (NPA) \u00e9 o setor respons\u00e1vel na Institui\u00e7\u00e3o por manter os cadastros regularizados junto ao IBAMA. Portanto, \u00e9 o NPA que realizar\u00e1 o cadastro, <strong>mediante <\/strong><strong>solicita\u00e7\u00e3o do respons\u00e1vel <\/strong>pela atividade pass\u00edvel de registro e envio das informa\u00e7\u00f5es solicitadas.<\/p>\n<p>Assim, caso verifique o enquadramento da (s) sua (a) atividade(s) em um dos cadastros (CTF\/APP ou CTF\/AIDA), dever\u00e1 encaminhar a demanda ao NPA, atrav\u00e9s dos procedimentos:<\/p>\n<ol>\n<li style=\"list-style-type: none;\">\n<ol>\n<li>Iniciar um processo no SEI do tipo Organiza\u00e7\u00e3o e Funcionamento: Cadastro T\u00e9cnico Federal (CTF\/APP) e (CTF\/\/AIDA). No campo especifica\u00e7\u00e3o, descrever resumidamente a atividade ou instrumento e o nome da Unidade do respons\u00e1vel;<\/li>\n<li>Incluir no processo o documento PROPLAN &#8211; solicita\u00e7\u00e3o de cadastro no CTF;<\/li>\n<li>Ap\u00f3s preenchido, salvar e assinar o formul\u00e1rio, o qual deve ser assinado tamb\u00e9m pelo chefe imediato e pela dire\u00e7\u00e3o da Unidade (as chefias podem apenas dar ci\u00eancia);<\/li>\n<li>Ap\u00f3s assinado, enviar o formul\u00e1rio ao NPA;<\/li>\n<li>O NPA analisar\u00e1 a solicita\u00e7\u00e3o verificando a real necessidade de cadastro. Nessa fase poder\u00e3o ser solicitadas mais informa\u00e7\u00f5es ao requerente ou consulta ao \u00f3rg\u00e3o ambiental competente.<\/li>\n<li>O NPA solicitar\u00e1 os documentos e informa\u00e7\u00f5es necess\u00e1rias para a realiza\u00e7\u00e3o do cadastro ao requerente do registro, pelo processo SEI.<\/li>\n<li>O requerente devolve o processo ao NPA respondendo as informa\u00e7\u00f5es solicitadas, inclusive com anexo de documentos, se for o caso;<\/li>\n<li>De posse dessas informa\u00e7\u00f5es o Cadastro ser\u00e1 realizado pelo NPA num prazo estimado de 10 dias \u00fateis;<\/li>\n<li>A Certid\u00e3o Negativa do Cadastro T\u00e9cnico Federal ser\u00e1 encaminhada para o requerente via SEI e estar\u00e1 dispon\u00edvel no site do NPA, al\u00e9m de ser de acesso p\u00fablico no site do IBAMA, atrav\u00e9s de consulta ao CNPJ da Universidade.<\/li>\n<\/ol>\n<\/li>\n<\/ol>\n<p>&nbsp;<\/p>\n<p>Mapeamento do Processo no SEI:<\/p>\n<p><a href=\"https:\/\/wp.ufpel.edu.br\/npa\/files\/2021\/08\/mapeamento-do-processo.png\"><img class=\"alignleft size-medium wp-image-1148\" src=\"https:\/\/wp.ufpel.edu.br\/npa\/files\/2021\/08\/mapeamento-do-processo-400x184.png\" alt=\"\" width=\"400\" height=\"184\" srcset=\"https:\/\/wp.ufpel.edu.br\/npa\/files\/2021\/08\/mapeamento-do-processo-400x184.png 400w, https:\/\/wp.ufpel.edu.br\/npa\/files\/2021\/08\/mapeamento-do-processo-1024x471.png 1024w, https:\/\/wp.ufpel.edu.br\/npa\/files\/2021\/08\/mapeamento-do-processo-768x353.png 768w, https:\/\/wp.ufpel.edu.br\/npa\/files\/2021\/08\/mapeamento-do-processo-1536x706.png 1536w, https:\/\/wp.ufpel.edu.br\/npa\/files\/2021\/08\/mapeamento-do-processo-2048x942.png 2048w\" sizes=\"(max-width: 400px) 100vw, 400px\" \/><\/a><\/p>\n","protected":false},"excerpt":{"rendered":"<p>O N\u00facleo de Planejamento Ambiental (NPA) \u00e9 o setor respons\u00e1vel na Institui\u00e7\u00e3o por manter os cadastros regularizados junto ao IBAMA. Portanto, \u00e9 o NPA que realizar\u00e1 o cadastro, mediante solicita\u00e7\u00e3o do respons\u00e1vel pela atividade pass\u00edvel de registro e envio das informa\u00e7\u00f5es solicitadas. Assim, caso verifique o enquadramento da (s) sua (a) atividade(s) em um dos [&hellip;]<\/p>\n","protected":false},"author":821,"featured_media":0,"parent":1106,"menu_order":0,"comment_status":"closed","ping_status":"closed","template":"","meta":{"footnotes":""},"class_list":["post-1122","page","type-page","status-publish","hentry"],"_links":{"self":[{"href":"https:\/\/wp.ufpel.edu.br\/npa\/wp-json\/wp\/v2\/pages\/1122","targetHints":{"allow":["GET"]}}],"collection":[{"href":"https:\/\/wp.ufpel.edu.br\/npa\/wp-json\/wp\/v2\/pages"}],"about":[{"href":"https:\/\/wp.ufpel.edu.br\/npa\/wp-json\/wp\/v2\/types\/page"}],"author":[{"embeddable":true,"href":"https:\/\/wp.ufpel.edu.br\/npa\/wp-json\/wp\/v2\/users\/821"}],"replies":[{"embeddable":true,"href":"https:\/\/wp.ufpel.edu.br\/npa\/wp-json\/wp\/v2\/comments?post=1122"}],"version-history":[{"count":6,"href":"https:\/\/wp.ufpel.edu.br\/npa\/wp-json\/wp\/v2\/pages\/1122\/revisions"}],"predecessor-version":[{"id":1125,"href":"https:\/\/wp.ufpel.edu.br\/npa\/wp-json\/wp\/v2\/pages\/1122\/revisions\/1125"}],"up":[{"embeddable":true,"href":"https:\/\/wp.ufpel.edu.br\/npa\/wp-json\/wp\/v2\/pages\/1106"}],"wp:attachment":[{"href":"https:\/\/wp.ufpel.edu.br\/npa\/wp-json\/wp\/v2\/media?parent=1122"}],"curies":[{"name":"wp","href":"https:\/\/api.w.org\/{rel}","templated":true}]}}