{"id":11,"date":"2013-11-08T11:03:03","date_gmt":"2013-11-08T13:03:03","guid":{"rendered":"https:\/\/wp.ufpel.edu.br\/cga\/?page_id=11"},"modified":"2025-09-15T10:13:51","modified_gmt":"2025-09-15T13:13:51","slug":"equipe","status":"publish","type":"page","link":"https:\/\/wp.ufpel.edu.br\/npa\/equipe\/","title":{"rendered":"EQUIPE T\u00c9CNICA"},"content":{"rendered":"<p><strong>Tatiane Lotufo Leite (Chefe de N\u00facleo)<\/strong><\/p>\n<p>T\u00e9cnica em Qu\u00edmica na UFPel desde 2015. Graduada em Saneamento Ambiental pelo Instituto Federal de Ci\u00eancia, Educa\u00e7\u00e3o e Tecnologia do Rio Grande do Sul (2004). Licenciatura e Bacharelado em Qu\u00edmica (2005) e Mestre em Biotecnologia (2010) pela Universidade Federal de Pelotas.<\/p>\n<p>Contato: tatiane.leite@ufpel.edu.br<\/p>\n<p>&nbsp;<\/p>\n<p><strong>Daniele Martin Sampaio ( Engenheira Qu\u00edmica)<\/strong><\/p>\n<p>Doutoranda e mestra (fev\/2023) em Recursos H\u00eddricos pelo Programa de P\u00f3s-Gradua\u00e7\u00e3o em Recursos H\u00eddricos da Universidade Federal de Pelotas (UFPel). Engenharia Qu\u00edmica (fev\/2020) e T\u00e9cnica em Qu\u00edmica (ago\/2014) pelo Instituto Federal Sul-rio-grandense (IFSul).<\/p>\n<p>Contato: daniele.sampaio@ufpel.edu.br<\/p>\n<p>&nbsp;<\/p>\n<p><strong>Franco Goulart Knuth (T\u00e9cnico em Saneamento)<\/strong><\/p>\n<p>Gestor Ambiental pelo Instituto Federal de Ci\u00eancia, Educa\u00e7\u00e3o e Tecnologia do Rio Grande do Sul, Gestor P\u00fablico e Bi\u00f3logo pela Universidade Federal de Pelotas. Mestre em Gerenciamento Costeiro pela Funda\u00e7\u00e3o Universidade de Rio Grande. Atua na elabora\u00e7\u00e3o, implanta\u00e7\u00e3o, execu\u00e7\u00e3o e avalia\u00e7\u00e3o das pol\u00edticas, programas ou a\u00e7\u00f5es institucionais em gest\u00e3o ambiental e sustentabilidade universit\u00e1ria.<\/p>\n<p>Contato: franco.knuth@gmail.com<\/p>\n<p><strong>Raphaela Lobo Barbosa de Jezus (Engenheira Agr\u00f4noma)<\/strong><\/p>\n<p>Engenheira Agr\u00f4noma pela Universidade Federal de Pelotas (2021). Atua no N\u00facleo de Planejamento Ambiental\u00a0 com manejo de \u00e1reas verdes da UFPel.<\/p>\n<p>Contato: rlbjezus@ufpel.edu.br<\/p>\n<p><strong>Tatiana Nunes Diesel (Engenheira Ambiental)<\/strong><\/p>\n<p>Engenheira Ambiental pelo Centro Universit\u00e1rio Franciscano; P\u00f3s-graduada em Engenharia de Seguran\u00e7a do Trabalho pelo Centro Universit\u00e1rio Franciscano; Mestre em Ci\u00eancias Ambientais do Centro de Engenharias UFPel. Atua no N\u00facleo de Planejamento Ambiental na anu\u00eancia ambiental da UFPel atrav\u00e9s dos processos de licenciamento ambiental.<\/p>\n<p>Contato: engambdiesel@gmail.com<\/p>\n<p><strong>Ver\u00f4nica Caldeira Leite Christino (T\u00e9cnica em Qu\u00edmica)<\/strong><\/p>\n<p>Graduada em Bacharelado e Licenciatura em Qu\u00edmica pela Universidade Federal de Pelotas (2004), Mestre em Educa\u00e7\u00e3o (2013). \u00c9 t\u00e9cnica em qu\u00edmica na UFPel desde 2005. Atua no N\u00facleo de Planejamento Ambiental no \u00e2mbito do gerenciamento de res\u00edduos.<\/p>\n<p>Contato: vcleite@ufpel.edu.br<\/p>\n<p>&nbsp;<\/p>\n<p>&nbsp;<\/p>\n","protected":false},"excerpt":{"rendered":"<p>Tatiane Lotufo Leite (Chefe de N\u00facleo) T\u00e9cnica em Qu\u00edmica na UFPel desde 2015. Graduada em Saneamento Ambiental pelo Instituto Federal de Ci\u00eancia, Educa\u00e7\u00e3o e Tecnologia do Rio Grande do Sul (2004). Licenciatura e Bacharelado em Qu\u00edmica (2005) e Mestre em Biotecnologia (2010) pela Universidade Federal de Pelotas. Contato: tatiane.leite@ufpel.edu.br &nbsp; Daniele Martin Sampaio ( Engenheira [&hellip;]<\/p>\n","protected":false},"author":821,"featured_media":0,"parent":0,"menu_order":0,"comment_status":"closed","ping_status":"closed","template":"","meta":{"footnotes":""},"class_list":["post-11","page","type-page","status-publish","hentry"],"_links":{"self":[{"href":"https:\/\/wp.ufpel.edu.br\/npa\/wp-json\/wp\/v2\/pages\/11","targetHints":{"allow":["GET"]}}],"collection":[{"href":"https:\/\/wp.ufpel.edu.br\/npa\/wp-json\/wp\/v2\/pages"}],"about":[{"href":"https:\/\/wp.ufpel.edu.br\/npa\/wp-json\/wp\/v2\/types\/page"}],"author":[{"embeddable":true,"href":"https:\/\/wp.ufpel.edu.br\/npa\/wp-json\/wp\/v2\/users\/821"}],"replies":[{"embeddable":true,"href":"https:\/\/wp.ufpel.edu.br\/npa\/wp-json\/wp\/v2\/comments?post=11"}],"version-history":[{"count":3,"href":"https:\/\/wp.ufpel.edu.br\/npa\/wp-json\/wp\/v2\/pages\/11\/revisions"}],"predecessor-version":[{"id":2219,"href":"https:\/\/wp.ufpel.edu.br\/npa\/wp-json\/wp\/v2\/pages\/11\/revisions\/2219"}],"wp:attachment":[{"href":"https:\/\/wp.ufpel.edu.br\/npa\/wp-json\/wp\/v2\/media?parent=11"}],"curies":[{"name":"wp","href":"https:\/\/api.w.org\/{rel}","templated":true}]}}