{"id":1060,"date":"2020-11-20T16:20:28","date_gmt":"2020-11-20T19:20:28","guid":{"rendered":"https:\/\/wp.ufpel.edu.br\/npa\/?page_id=1060"},"modified":"2020-11-20T16:58:27","modified_gmt":"2020-11-20T19:58:27","slug":"manual-de-gerenciamento-de-residuos-perigosos-grupos-a-b-e-e","status":"publish","type":"page","link":"https:\/\/wp.ufpel.edu.br\/npa\/9-gestao-de-residuos-perigosos__trashed\/manual-de-gerenciamento-de-residuos-perigosos-grupos-a-b-e-e\/","title":{"rendered":"Manual de Gerenciamento de Res\u00edduos Perigosos (Grupos A, B e E)"},"content":{"rendered":"<p>Em subs\u00eddio\u00a0 elabora\u00e7\u00e3o dos Planos de Gerenciamento de Res\u00edduos Perigosos, o N\u00facleo de Planejamento Ambiental\u00a0 elaborou o Manual de Gerenciamento de Res\u00edduos Perigosos (Grupos A, B e E).<\/p>\n<p>O Manual est\u00e1 dispon\u00edvel no link abaixo:<\/p>\n<p><a href=\"https:\/\/wp.ufpel.edu.br\/npa\/files\/2018\/05\/MANUAL-GRP-vers%C3%A3o-final-para-o-site.pdf\">MANUAL de Gerenciamento de Res\u00edduos Perigosos<\/a><\/p>\n<p>&nbsp;<\/p>\n<p>&nbsp;<\/p>\n","protected":false},"excerpt":{"rendered":"<p>Em subs\u00eddio\u00a0 elabora\u00e7\u00e3o dos Planos de Gerenciamento de Res\u00edduos Perigosos, o N\u00facleo de Planejamento Ambiental\u00a0 elaborou o Manual de Gerenciamento de Res\u00edduos Perigosos (Grupos A, B e E). O Manual est\u00e1 dispon\u00edvel no link abaixo: MANUAL de Gerenciamento de Res\u00edduos Perigosos &nbsp; &nbsp;<\/p>\n","protected":false},"author":821,"featured_media":0,"parent":180,"menu_order":0,"comment_status":"closed","ping_status":"closed","template":"","meta":{"footnotes":""},"class_list":["post-1060","page","type-page","status-publish","hentry"],"_links":{"self":[{"href":"https:\/\/wp.ufpel.edu.br\/npa\/wp-json\/wp\/v2\/pages\/1060","targetHints":{"allow":["GET"]}}],"collection":[{"href":"https:\/\/wp.ufpel.edu.br\/npa\/wp-json\/wp\/v2\/pages"}],"about":[{"href":"https:\/\/wp.ufpel.edu.br\/npa\/wp-json\/wp\/v2\/types\/page"}],"author":[{"embeddable":true,"href":"https:\/\/wp.ufpel.edu.br\/npa\/wp-json\/wp\/v2\/users\/821"}],"replies":[{"embeddable":true,"href":"https:\/\/wp.ufpel.edu.br\/npa\/wp-json\/wp\/v2\/comments?post=1060"}],"version-history":[{"count":2,"href":"https:\/\/wp.ufpel.edu.br\/npa\/wp-json\/wp\/v2\/pages\/1060\/revisions"}],"predecessor-version":[{"id":1076,"href":"https:\/\/wp.ufpel.edu.br\/npa\/wp-json\/wp\/v2\/pages\/1060\/revisions\/1076"}],"up":[{"embeddable":true,"href":"https:\/\/wp.ufpel.edu.br\/npa\/wp-json\/wp\/v2\/pages\/180"}],"wp:attachment":[{"href":"https:\/\/wp.ufpel.edu.br\/npa\/wp-json\/wp\/v2\/media?parent=1060"}],"curies":[{"name":"wp","href":"https:\/\/api.w.org\/{rel}","templated":true}]}}