{"id":1010,"date":"2020-01-17T10:05:36","date_gmt":"2020-01-17T13:05:36","guid":{"rendered":"https:\/\/wp.ufpel.edu.br\/npa\/?page_id=1010"},"modified":"2022-07-22T15:12:04","modified_gmt":"2022-07-22T18:12:04","slug":"identificacao-de-passivos-quimicos","status":"publish","type":"page","link":"https:\/\/wp.ufpel.edu.br\/npa\/9-gestao-de-residuos-perigosos__trashed\/identificacao-de-passivos-quimicos\/","title":{"rendered":"Identifica\u00e7\u00e3o de Passivos Qu\u00edmicos"},"content":{"rendered":"<p>Os passivos qu\u00edmicos podem, desde que identificados minimamente, serem encaminhados juntamente com a coleta semanal de RSS.<br \/>\nA import\u00e2ncia da identifica\u00e7\u00e3o \u00e9 tanto para fins de transporte quanto de seguran\u00e7a. Tamb\u00e9m na identifica\u00e7\u00e3o, procura-se o contato m\u00ednimo do t\u00e9cnico que manipular\u00e1 os res\u00edduos desconhecidos e tamb\u00e9m afirma-se a responsabilidade da UFPel em destinar adequadamente esses passivos. O NPA desenvolveu uma metodologia simplificada para identifica\u00e7\u00e3o dos res\u00edduos qu\u00edmicos.<br \/>\nOs res\u00edduos inclu\u00eddos neste procedimento s\u00e3o os <em>res\u00edduos qu\u00edmicos l\u00edquidos<\/em>.<br \/>\nO procedimento completo (<a href=\"https:\/\/wp.ufpel.edu.br\/npa\/files\/2020\/01\/POP-4-Identificacao-de-Passivos-Quimicos-Liquidos.pdf\">Identifica\u00e7\u00e3o de Passivos L\u00edquidos<\/a>) visa caracterizar os res\u00edduos referente as suas caracter\u00edsticas como: aquosos ou org\u00e2nicos, pH, inflamabilidade e incompatibilidade ( entre res\u00edduos e com os frascos).<\/p>\n<p>\u00c9 importante salientar que essa classifica\u00e7\u00e3o se aplica somente a PASSIVOS QU\u00cdMICOS. Para res\u00edduos gerados ao longo das atividades universit\u00e1rias, a classifica\u00e7\u00e3o\u00a0 permanece a do Manual de Gerenciamento de Res\u00edduos Perigosos.<\/p>\n<p>&nbsp;<\/p>\n","protected":false},"excerpt":{"rendered":"<p>Os passivos qu\u00edmicos podem, desde que identificados minimamente, serem encaminhados juntamente com a coleta semanal de RSS. A import\u00e2ncia da identifica\u00e7\u00e3o \u00e9 tanto para fins de transporte quanto de seguran\u00e7a. Tamb\u00e9m na identifica\u00e7\u00e3o, procura-se o contato m\u00ednimo do t\u00e9cnico que manipular\u00e1 os res\u00edduos desconhecidos e tamb\u00e9m afirma-se a responsabilidade da UFPel em destinar adequadamente esses [&hellip;]<\/p>\n","protected":false},"author":821,"featured_media":0,"parent":180,"menu_order":1,"comment_status":"closed","ping_status":"closed","template":"","meta":{"footnotes":""},"class_list":["post-1010","page","type-page","status-publish","hentry"],"_links":{"self":[{"href":"https:\/\/wp.ufpel.edu.br\/npa\/wp-json\/wp\/v2\/pages\/1010","targetHints":{"allow":["GET"]}}],"collection":[{"href":"https:\/\/wp.ufpel.edu.br\/npa\/wp-json\/wp\/v2\/pages"}],"about":[{"href":"https:\/\/wp.ufpel.edu.br\/npa\/wp-json\/wp\/v2\/types\/page"}],"author":[{"embeddable":true,"href":"https:\/\/wp.ufpel.edu.br\/npa\/wp-json\/wp\/v2\/users\/821"}],"replies":[{"embeddable":true,"href":"https:\/\/wp.ufpel.edu.br\/npa\/wp-json\/wp\/v2\/comments?post=1010"}],"version-history":[{"count":5,"href":"https:\/\/wp.ufpel.edu.br\/npa\/wp-json\/wp\/v2\/pages\/1010\/revisions"}],"predecessor-version":[{"id":1183,"href":"https:\/\/wp.ufpel.edu.br\/npa\/wp-json\/wp\/v2\/pages\/1010\/revisions\/1183"}],"up":[{"embeddable":true,"href":"https:\/\/wp.ufpel.edu.br\/npa\/wp-json\/wp\/v2\/pages\/180"}],"wp:attachment":[{"href":"https:\/\/wp.ufpel.edu.br\/npa\/wp-json\/wp\/v2\/media?parent=1010"}],"curies":[{"name":"wp","href":"https:\/\/api.w.org\/{rel}","templated":true}]}}