{"id":95,"date":"2015-08-24T14:27:56","date_gmt":"2015-08-24T17:27:56","guid":{"rendered":"https:\/\/wp.ufpel.edu.br\/novostalentos\/?page_id=95"},"modified":"2015-08-24T14:27:56","modified_gmt":"2015-08-24T17:27:56","slug":"selecionados-curso-formacao-de-professores-novos-talentos","status":"publish","type":"page","link":"https:\/\/wp.ufpel.edu.br\/novostalentos\/selecionados-curso-formacao-de-professores-novos-talentos\/","title":{"rendered":"SELECIONADOS CURSO FORMA\u00c7\u00c3O DE PROFESSORES NOVOS TALENTOS"},"content":{"rendered":"<h2 style=\"text-align: center\">ATEN\u00c7\u00c3O:<\/h2>\n<h2 style=\"text-align: center\">SELECIONADOS PARA O CURSO<\/h2>\n<h2 style=\"text-align: center\">FORMA\u00c7\u00c3O DE PROFESSORES DO ENSINO DE CI\u00caNCIAS\/BIOLOGIA<\/h2>\n<h2 style=\"text-align: center\">E<\/h2>\n<h2 style=\"text-align: center\">FORMA\u00c7\u00c3O DE PROFESSORES DO ENSINO DE MATEM\u00c1TICA<\/h2>\n<ol>\n<li>Andrea da Silveira Dobke<\/li>\n<li>Carla da Silva Moraes Dutra<\/li>\n<li>C\u00e1tia Beatriz Ramson Fonseca<\/li>\n<li>Cristina Voss Gimenes<\/li>\n<li>Daniel Duarte Silveira<\/li>\n<li>Eliz\u00e2ngela Macedo Torres<\/li>\n<li>Emeline Pereira Gusm\u00e3o<\/li>\n<li>Fabricia Rabassa Brahm<\/li>\n<li>Gabriela Rodrigues Manzke<\/li>\n<li>Gabriele Dachi Silveira<\/li>\n<li>Gillan Garcia Oliveira<\/li>\n<li>Giuliana Mezacasa<\/li>\n<li>Janice Pinto Duarte<\/li>\n<li>Kelen Bitencourt Ribeiro<\/li>\n<li>M\u00e1rcia Torchelsen Casarin<\/li>\n<li>Maria Arita Madruga Garcia<\/li>\n<li>Raquel Massot Siqueira<\/li>\n<li>Ricardo Rios Oliveira<\/li>\n<li>Sabrina Rodrigues Quadro de Freitas<\/li>\n<li>Satiel Tatiane Duarte Silva<\/li>\n<li>Zaida Cristina dos Santos Leitzke<\/li>\n<\/ol>\n<p>ATEN\u00c7\u00c3O:<\/p>\n<p>AINDA H\u00c1 VAGAS.\u00a0A INSCRI\u00c7\u00c3O PODER\u00c1 SER REALIZADA NO LOCAL DO CURSO.<\/p>\n<p>LOCAL DO ENCONTRO: SALA DA P\u00d3S-GRADUA\u00c7\u00c3O EM PARASITOLOGIA &#8211; DEPARTAMENTO DE MICROBIOLOGIA &#8211; PR\u00c9DIO 25 &#8211; INSTITUTO DE BIOLOGIA &#8211; CAP\u00c3O DO LE\u00c3O &#8211; UFPEL<\/p>\n<p>IN\u00cdCIO: 13:30H<\/p>\n<p>&nbsp;<\/p>\n","protected":false},"excerpt":{"rendered":"<p>ATEN\u00c7\u00c3O: SELECIONADOS PARA O CURSO FORMA\u00c7\u00c3O DE PROFESSORES DO ENSINO DE CI\u00caNCIAS\/BIOLOGIA E FORMA\u00c7\u00c3O DE PROFESSORES DO ENSINO DE MATEM\u00c1TICA Andrea da Silveira Dobke Carla da Silva Moraes Dutra C\u00e1tia Beatriz Ramson Fonseca Cristina Voss Gimenes Daniel Duarte Silveira Eliz\u00e2ngela &hellip; <a href=\"https:\/\/wp.ufpel.edu.br\/novostalentos\/selecionados-curso-formacao-de-professores-novos-talentos\/\">Continue lendo <span class=\"meta-nav\">&rarr;<\/span><\/a><\/p>\n","protected":false},"author":116,"featured_media":0,"parent":0,"menu_order":0,"comment_status":"closed","ping_status":"closed","template":"","meta":{"footnotes":""},"class_list":["post-95","page","type-page","status-publish","hentry"],"_links":{"self":[{"href":"https:\/\/wp.ufpel.edu.br\/novostalentos\/wp-json\/wp\/v2\/pages\/95","targetHints":{"allow":["GET"]}}],"collection":[{"href":"https:\/\/wp.ufpel.edu.br\/novostalentos\/wp-json\/wp\/v2\/pages"}],"about":[{"href":"https:\/\/wp.ufpel.edu.br\/novostalentos\/wp-json\/wp\/v2\/types\/page"}],"author":[{"embeddable":true,"href":"https:\/\/wp.ufpel.edu.br\/novostalentos\/wp-json\/wp\/v2\/users\/116"}],"replies":[{"embeddable":true,"href":"https:\/\/wp.ufpel.edu.br\/novostalentos\/wp-json\/wp\/v2\/comments?post=95"}],"version-history":[{"count":1,"href":"https:\/\/wp.ufpel.edu.br\/novostalentos\/wp-json\/wp\/v2\/pages\/95\/revisions"}],"predecessor-version":[{"id":96,"href":"https:\/\/wp.ufpel.edu.br\/novostalentos\/wp-json\/wp\/v2\/pages\/95\/revisions\/96"}],"wp:attachment":[{"href":"https:\/\/wp.ufpel.edu.br\/novostalentos\/wp-json\/wp\/v2\/media?parent=95"}],"curies":[{"name":"wp","href":"https:\/\/api.w.org\/{rel}","templated":true}]}}