{"id":88,"date":"2015-08-11T13:37:54","date_gmt":"2015-08-11T16:37:54","guid":{"rendered":"https:\/\/wp.ufpel.edu.br\/novostalentos\/?page_id=88"},"modified":"2015-08-11T13:37:54","modified_gmt":"2015-08-11T16:37:54","slug":"divulgacao-curso-cienciasbiologia","status":"publish","type":"page","link":"https:\/\/wp.ufpel.edu.br\/novostalentos\/divulgacao-curso-cienciasbiologia\/","title":{"rendered":"Divulga\u00e7\u00e3o curso Ci\u00eancias\/Biologia"},"content":{"rendered":"<p><a href=\"https:\/\/wp.ufpel.edu.br\/novostalentos\/files\/2015\/08\/Novos-Talentos-Ciencias-Biologia-2015.jpg\"><img loading=\"lazy\" decoding=\"async\" class=\"alignnone size-medium wp-image-89\" src=\"https:\/\/wp.ufpel.edu.br\/novostalentos\/files\/2015\/08\/Novos-Talentos-Ciencias-Biologia-2015-218x300.jpg\" alt=\"Novos Talentos Ciencias Biologia 2015\" width=\"218\" height=\"300\" srcset=\"https:\/\/wp.ufpel.edu.br\/novostalentos\/files\/2015\/08\/Novos-Talentos-Ciencias-Biologia-2015-218x300.jpg 218w, https:\/\/wp.ufpel.edu.br\/novostalentos\/files\/2015\/08\/Novos-Talentos-Ciencias-Biologia-2015-743x1024.jpg 743w, https:\/\/wp.ufpel.edu.br\/novostalentos\/files\/2015\/08\/Novos-Talentos-Ciencias-Biologia-2015.jpg 1523w\" sizes=\"auto, (max-width: 218px) 100vw, 218px\" \/><\/a><\/p>\n","protected":false},"excerpt":{"rendered":"","protected":false},"author":116,"featured_media":0,"parent":0,"menu_order":0,"comment_status":"closed","ping_status":"closed","template":"","meta":{"footnotes":""},"class_list":["post-88","page","type-page","status-publish","hentry"],"_links":{"self":[{"href":"https:\/\/wp.ufpel.edu.br\/novostalentos\/wp-json\/wp\/v2\/pages\/88","targetHints":{"allow":["GET"]}}],"collection":[{"href":"https:\/\/wp.ufpel.edu.br\/novostalentos\/wp-json\/wp\/v2\/pages"}],"about":[{"href":"https:\/\/wp.ufpel.edu.br\/novostalentos\/wp-json\/wp\/v2\/types\/page"}],"author":[{"embeddable":true,"href":"https:\/\/wp.ufpel.edu.br\/novostalentos\/wp-json\/wp\/v2\/users\/116"}],"replies":[{"embeddable":true,"href":"https:\/\/wp.ufpel.edu.br\/novostalentos\/wp-json\/wp\/v2\/comments?post=88"}],"version-history":[{"count":1,"href":"https:\/\/wp.ufpel.edu.br\/novostalentos\/wp-json\/wp\/v2\/pages\/88\/revisions"}],"predecessor-version":[{"id":90,"href":"https:\/\/wp.ufpel.edu.br\/novostalentos\/wp-json\/wp\/v2\/pages\/88\/revisions\/90"}],"wp:attachment":[{"href":"https:\/\/wp.ufpel.edu.br\/novostalentos\/wp-json\/wp\/v2\/media?parent=88"}],"curies":[{"name":"wp","href":"https:\/\/api.w.org\/{rel}","templated":true}]}}