{"id":86,"date":"2015-08-11T13:25:32","date_gmt":"2015-08-11T16:25:32","guid":{"rendered":"https:\/\/wp.ufpel.edu.br\/novostalentos\/?page_id=86"},"modified":"2015-08-11T13:25:32","modified_gmt":"2015-08-11T16:25:32","slug":"divulgacao-curso-matematica","status":"publish","type":"page","link":"https:\/\/wp.ufpel.edu.br\/novostalentos\/divulgacao-curso-matematica\/","title":{"rendered":"Divulga\u00e7\u00e3o curso Matem\u00e1tica"},"content":{"rendered":"<p><a href=\"https:\/\/wp.ufpel.edu.br\/novostalentos\/files\/2015\/08\/Novos-Talentos-Matem\u00e1tica-2015-1.jpg\"><img loading=\"lazy\" decoding=\"async\" class=\"alignnone size-medium wp-image-84\" src=\"https:\/\/wp.ufpel.edu.br\/novostalentos\/files\/2015\/08\/Novos-Talentos-Matem\u00e1tica-2015-1-213x300.jpg\" alt=\"Novos Talentos Matem\u00e1tica 2015 (1)\" width=\"213\" height=\"300\" srcset=\"https:\/\/wp.ufpel.edu.br\/novostalentos\/files\/2015\/08\/Novos-Talentos-Matem\u00e1tica-2015-1-213x300.jpg 213w, https:\/\/wp.ufpel.edu.br\/novostalentos\/files\/2015\/08\/Novos-Talentos-Matem\u00e1tica-2015-1-729x1024.jpg 729w, https:\/\/wp.ufpel.edu.br\/novostalentos\/files\/2015\/08\/Novos-Talentos-Matem\u00e1tica-2015-1.jpg 1550w\" sizes=\"auto, (max-width: 213px) 100vw, 213px\" \/><\/a><\/p>\n","protected":false},"excerpt":{"rendered":"","protected":false},"author":116,"featured_media":0,"parent":0,"menu_order":0,"comment_status":"closed","ping_status":"closed","template":"","meta":{"footnotes":""},"class_list":["post-86","page","type-page","status-publish","hentry"],"_links":{"self":[{"href":"https:\/\/wp.ufpel.edu.br\/novostalentos\/wp-json\/wp\/v2\/pages\/86","targetHints":{"allow":["GET"]}}],"collection":[{"href":"https:\/\/wp.ufpel.edu.br\/novostalentos\/wp-json\/wp\/v2\/pages"}],"about":[{"href":"https:\/\/wp.ufpel.edu.br\/novostalentos\/wp-json\/wp\/v2\/types\/page"}],"author":[{"embeddable":true,"href":"https:\/\/wp.ufpel.edu.br\/novostalentos\/wp-json\/wp\/v2\/users\/116"}],"replies":[{"embeddable":true,"href":"https:\/\/wp.ufpel.edu.br\/novostalentos\/wp-json\/wp\/v2\/comments?post=86"}],"version-history":[{"count":1,"href":"https:\/\/wp.ufpel.edu.br\/novostalentos\/wp-json\/wp\/v2\/pages\/86\/revisions"}],"predecessor-version":[{"id":87,"href":"https:\/\/wp.ufpel.edu.br\/novostalentos\/wp-json\/wp\/v2\/pages\/86\/revisions\/87"}],"wp:attachment":[{"href":"https:\/\/wp.ufpel.edu.br\/novostalentos\/wp-json\/wp\/v2\/media?parent=86"}],"curies":[{"name":"wp","href":"https:\/\/api.w.org\/{rel}","templated":true}]}}