{"id":108,"date":"2015-11-10T14:36:01","date_gmt":"2015-11-10T16:36:01","guid":{"rendered":"https:\/\/wp.ufpel.edu.br\/novostalentos\/?page_id=108"},"modified":"2015-11-10T14:38:16","modified_gmt":"2015-11-10T16:38:16","slug":"downloads","status":"publish","type":"page","link":"https:\/\/wp.ufpel.edu.br\/novostalentos\/downloads\/","title":{"rendered":"Downloads"},"content":{"rendered":"<p><a href=\"https:\/\/wp.ufpel.edu.br\/novostalentos\/files\/2015\/11\/IMPORT\u00c2NCIA-ATIVIDADES-PR\u00c1TICAS-PARA-A-CONTEXTUALIZA\u00c7\u00c3O.pdf\">IMPORT\u00c2NCIA ATIVIDADES PR\u00c1TICAS PARA A CONTEXTUALIZA\u00c7\u00c3O<\/a><\/p>\n<p>N<a href=\"https:\/\/wp.ufpel.edu.br\/novostalentos\/files\/2015\/11\/neuroci\u00eancia-aplicada-a-educa\u00e7\u00e3o.pptx\">euroci\u00eancia aplicada a educa\u00e7\u00e3o<\/a><\/p>\n","protected":false},"excerpt":{"rendered":"<p>IMPORT\u00c2NCIA ATIVIDADES PR\u00c1TICAS PARA A CONTEXTUALIZA\u00c7\u00c3O Neuroci\u00eancia aplicada a educa\u00e7\u00e3o<\/p>\n","protected":false},"author":116,"featured_media":0,"parent":0,"menu_order":0,"comment_status":"closed","ping_status":"closed","template":"","meta":{"footnotes":""},"class_list":["post-108","page","type-page","status-publish","hentry"],"_links":{"self":[{"href":"https:\/\/wp.ufpel.edu.br\/novostalentos\/wp-json\/wp\/v2\/pages\/108","targetHints":{"allow":["GET"]}}],"collection":[{"href":"https:\/\/wp.ufpel.edu.br\/novostalentos\/wp-json\/wp\/v2\/pages"}],"about":[{"href":"https:\/\/wp.ufpel.edu.br\/novostalentos\/wp-json\/wp\/v2\/types\/page"}],"author":[{"embeddable":true,"href":"https:\/\/wp.ufpel.edu.br\/novostalentos\/wp-json\/wp\/v2\/users\/116"}],"replies":[{"embeddable":true,"href":"https:\/\/wp.ufpel.edu.br\/novostalentos\/wp-json\/wp\/v2\/comments?post=108"}],"version-history":[{"count":4,"href":"https:\/\/wp.ufpel.edu.br\/novostalentos\/wp-json\/wp\/v2\/pages\/108\/revisions"}],"predecessor-version":[{"id":112,"href":"https:\/\/wp.ufpel.edu.br\/novostalentos\/wp-json\/wp\/v2\/pages\/108\/revisions\/112"}],"wp:attachment":[{"href":"https:\/\/wp.ufpel.edu.br\/novostalentos\/wp-json\/wp\/v2\/media?parent=108"}],"curies":[{"name":"wp","href":"https:\/\/api.w.org\/{rel}","templated":true}]}}