{"id":7,"date":"2017-05-29T09:49:41","date_gmt":"2017-05-29T12:49:41","guid":{"rendered":"https:\/\/wp.ufpel.edu.br\/novonanomaterialresearchgroup\/?page_id=7"},"modified":"2022-09-06T11:34:18","modified_gmt":"2022-09-06T14:34:18","slug":"publicacoes","status":"publish","type":"page","link":"https:\/\/wp.ufpel.edu.br\/novonanomaterialresearchgroup\/publicacoes\/","title":{"rendered":"Publications"},"content":{"rendered":"<h1 style=\"text-align: center;\"><strong>2022<\/strong><\/h1>\n<p>RIEMKE, F\u00c1BIO C. ; \u00dcCKER, C\u00c1TIA L. ;\u00a0<b>CARRE\u00d1O, NEFTAL\u00cd L.V.<\/b>\u00a0; DA SILVA CAVA, SERGIO ; TEIXEIRA, MOIS\u00c9S P. ;\u00a0<a class=\"tooltip\" tabindex=\"194\" href=\"http:\/\/lattes.cnpq.br\/6313025478276088\" target=\"_blank\" rel=\"noopener\">FAJARDO, Humberto V.<\/a> ; TAYLOR, JASON G. ; DA SILVA, M\u00c1RCIO J. ; BATALHA, DANIEL C. ; RAUBACH, CRISTIANE W. . Influence of Nb2O5 grown on SrTiO3 nanoseeds in the catalytic oxidation of thioanisole. MATERIALS CHEMISTRY AND PHYSICS, v. 278, p. 125591, 2022.<\/p>\n<p>MOREIRA, HEMA C. R. ; OLIVEIRA, JORGE A. B. ;\u00a0<b>Carre\u00f1o, Neftali L. V.<\/b>\u00a0; SILVA, RICARDO M. ;\u00a0<a class=\"tooltip\" tabindex=\"196\" title=\"Clique para visualizar o curr\u00edculo\" href=\"http:\/\/lattes.cnpq.br\/2296402907146130\" target=\"_blank\" rel=\"noopener\">Garcia, Irene T. S.<\/a> ; COSTA, HENARA ; ALANO, JOS\u00c9 HENRIQUE . Effects of niobium pentoxide nanoparticles on the tribological properties of electrodeposited ZnNi coatings. Surface Topography-Metrology and Properties, v. 10, p. 1, 2022.<\/p>\n<p>BALBONI, RAPHAEL D. C. ; MARON, GUILHERME K. ; MASTEGHIN, MATEUS G. ; TAS, MEHMET O. ; RODRIGUES, LUCAS S. ; GEHRKE, VERIDIANA ; ALANO, JOS\u00c9 H. ; ANDREAZZA, ROBSON ;\u00a0<b>Carre\u00f1o, Neftali L. V.<\/b> ; SILVA, S. RAVI P. . An easy to assemble PDMS\/CNTs\/PANI flexible supercapacitor with high energy-to-power density. Nanoscale, v. 3, p. 1, 2022.<\/p>\n<p>ROSSATO, J\u00c9SSICA H. H. ; OLIVEIRA, MARCELY E. ; LOPES, BRUNO V. ; GALLO, BETTY B. ; LA ROSA, ANDREI B. ;\u00a0<a class=\"tooltip\" tabindex=\"199\" title=\"Clique para visualizar o curr\u00edculo\" href=\"http:\/\/lattes.cnpq.br\/0745185975863082\" target=\"_blank\" rel=\"noopener\">Piva, Evandro<\/a>\u00a0; BARBA, DAVID ; ROSEI, FEDERICO ;\u00a0<b>Carre\u00f1o, Neftali L. V.<\/b> ; ESCOTE, MARCIA T. . A Flexible Electrochemical Biosensor Based on NdNiO Nanotubes for Ascorbic Acid Detection. Acs Applied Nano Materials, v. 5, p. acsanm.1c03992, 2022.<\/p>\n<p>OLIVEIRA, MARCELY E. ; LOPES, B. V. ; MARON, G. K. ; GALLO, BETTY B. ; Pinto LS ; Concei\u00e7\u00e3o FR ;\u00a0<a class=\"tooltip\" tabindex=\"201\" title=\"Clique para visualizar o curr\u00edculo\" href=\"http:\/\/lattes.cnpq.br\/0745185975863082\" target=\"_blank\" rel=\"noopener\">Piva, Evandro<\/a>\u00a0; DE PEREIRA, CLAUDIO MARTIN PEREIRA ; BALBONI, R. D. C. ;\u00a0<b>LENIN VILLARREAL CARRE\u00d1O, NEFTALI<\/b> . Electrochemical Biosensor Based on Laser-Induced Graphene for COVID-19 Diagnosing: Rapid and Low-Cost Detection of SARS-CoV-2 Biomarker Antibodies. Surfaces, v. 5, p. 187-201, 2022.<\/p>\n<p>KNUTH, ROGERIO DALTRO ; KNUTH, FL\u00c1VIO A. ; MARON, GUILHERME K. ; BALBONI, RAPHAEL D. C. ; MOREIRA, MARIO L. ; RAUBACH, CRISTIANE W. ; JARDIM, PEDRO L. G. ;\u00a0<b>CARRENO, NEFTALI L. V.<\/b> ; AVELLANEDA, C\u00c9SAR O. ; MOREIRA, EDUARDO C. ; CAVA, S\u00c9RGIO S. . Development of xanthan gum-based solid polymer electrolytes with addition of expanded graphite nanosheets. JOURNAL OF APPLIED POLYMER SCIENCE, v. 139, p. 52400, 2022.<\/p>\n<p>BERNEIRA, LUCAS M. ; POLETTI, TAIS ; DE FREITAS, SAMANTHA C. ; MARON, GUILHERME K. ;\u00a0<b>CARRENO, NEFTALI L.V.<\/b> ; DE PEREIRA, CLAUDIO M.P. . Novel application of sub-Antarctic macroalgae as zinc oxide nanoparticles biosynthesizers. MATERIALS LETTERS, v. 320, p. 132341, 2022.<\/p>\n<p>FERNANDES LOGUERCIO, LARA ; THESING, ANDERSON ; DA SILVEIRA NOREMBERG, BRUNO ; VASCONCELLOS LOPES, BRUNO ; KURZ MARON, GUILHERME ; MACHADO, GIOVANNA ; POPE, MICHAEL A. ;\u00a0<b>LENIN VILLARREAL CARRENO, NEFTALI<\/b> . Direct Laser Writing of Poly(furfuryl Alcohol)\/Graphene Oxide Electrodes for Electrochemical Determination of Ascorbic Acid. ChemElectroChem, v. 9, p. 1, 2022.<\/p>\n<h1 style=\"text-align: center;\">2021<\/h1>\n<p>\u00dcCKER, C\u00c1TIA L. ; RIEMKE, F\u00c1BIO C. ; DE ANDRADE NETO, NIVALDO F. ; SANTIAGO, ANDERSON DE A.G. ; SIEBENEICHLER, TATIANE J. ; <b>CARRE\u00d1O, NEFTALI L.V.<\/b> ; MOREIRA, MARIO L. ; RAUBACH, CRISTIANE W. ; CAVA, SERGIO . Influence of Nb2O5 crystal structure on photocatalytic efficiency. CHEMICAL PHYSICS LETTERS, v. 764, p. 138271, 2021.<\/p>\n<p>GRANADA, JONAS E. ; MARON, GUILHERME K. ; BEATRICE, CESAR A. G. ; LAROCCA, NELSON M. ; MOREIRA, EDUARDO C. ; ALANO, JOS\u00c9 H. ; PESSAN, LUIZ A. ; SANTANA, RUTH M. C. ;\u00a0<b>Carre\u00f1o, Neftali L. V.<\/b> ; OLIVEIRA, AMANDA D. . Effect of carbon nanotubes functionalization on properties of their nanocomposites with polycarbonate\/poly(acrylonitrile-butadiene-styrene) matrix. JOURNAL OF APPLIED POLYMER SCIENCE, v. 138, p. 50471, 2021.<\/p>\n<p>PACHECO B.S. ; Paniz O ; MARIOTTI, K. C. ; NICOLODI C ; SEGATTO, N. V. ;\u00a0<b>VILLARREAL CARRE\u00d1O, NEFTAL\u00cd LENIN<\/b> ; COLLARES, T. ; SEIXAS, F. K. ; Pereira CMP . MONOFUNCTIONAL CURCUMIN ANALOGUES: EVALUATION OF GREEN 2 AND SAFE DEVELOPERS OF LATENT FINGERPRINTS. CHEMICAL PAPERS, v. 75, p. 1-11, 2021.<\/p>\n<p>LELO, R. V. ; Maron GK ; Noremberg B ; THESING, A. ; RODRIGUES, L. S. ;\u00a0<a class=\"tooltip\" tabindex=\"209\" title=\"Clique para visualizar o curr\u00edculo\" href=\"http:\/\/lattes.cnpq.br\/6313025478276088\" target=\"_blank\" rel=\"noopener\">PROBST, Luiz Fernando Dias<\/a>\u00a0;\u00a0<a class=\"tooltip\" tabindex=\"210\" title=\"Clique para visualizar o curr\u00edculo\" href=\"http:\/\/lattes.cnpq.br\/9349231264931956\" target=\"_blank\" rel=\"noopener\">VALENTINI, Antoninho<\/a>\u00a0;\u00a0<a class=\"tooltip\" tabindex=\"211\" href=\"http:\/\/lattes.cnpq.br\/6104324016617272\" target=\"_blank\" rel=\"noopener\">ESCOTE, Marcia Tsuyama<\/a>\u00a0; Alano JH ;\u00a0<b>Carre\u00f1o, Neftal\u00ed L. V.<\/b> . Vanadium effect over \u03b3-Al2O3 supported Ni Catalysts for valorizarion of glycerol. FUEL PROCESSING TECHNOLOGY, v. 216, p. 1-9, 2021.<\/p>\n<p>VENZKE, DALILA ; POLETTI, TAIS ; ROSA, BRUNO N. ; BERNEIRA, LUCAS M. ; DE LIMA, NATHALIA P.K. ; DE OLIVEIRA, TIAGO F. ;\u00a0<b>CARRE\u00d1O, NEFTAL\u00cd L.V.<\/b>\u00a0; MARIOTTI, KRISTIANE DE C. ; DUARTE, LEONARDO S. ; NOBRE, SABRINA M. ; PEREIRA, CLAUDIO M.P. . Preparation of fluorescent bisamides: A new class of fingermarks developers. Chemical Data Collections, v. 32, p. 100680, 2021.<\/p>\n<p>Deon V. G. ; THESING, A. ; Santana L ; SILVA, R. M. E. ;\u00a0<a class=\"tooltip\" tabindex=\"214\" title=\"Clique para visualizar o curr\u00edculo\" href=\"http:\/\/lattes.cnpq.br\/2461255030745891\" target=\"_blank\" rel=\"noopener\">Mesko, M. F.<\/a>\u00a0;\u00a0<b>CARRENO, NEFTAL\u00cd LENIN VILLARREAL<\/b> . Synthesis of LiNbO3 nanocrystals by microwave assisted hydrothermal method: formation mechanism and application to hydrogen evolution reaction. CHEMICAL PAPERS (ONLINE), v. 75, p. 1-10, 2021.<\/p>\n<p>DA ROSA, BRUNO NUNES ; MARIOTTI, KRISTIANE DE C\u00c1SSIA ; PACHECO, BRUNA SILVEIRA ; DA SILVA, CAROLINE CARAPINA ;\u00a0<b>CARRE\u00d1O, Neftal\u00ed Lenin Villarreal<\/b>\u00a0; NICOLODI, CAROLINE ; POLETTI, TAIS ; SILVA, ALLISON CARLOS ASSUN\u00c7\u00c3O ; DA SILVA, ADRIANA FERNANDES ; GIONGO, JANICE LUEHRING ; VAUCHER, RODRIGO DE ALMEIDA ; DE OLIVEIRA, TIAGO FRANCO ; DE PEREIRA, CLAUDIO MARTIN PEREIRA . Fluorescent phenylthiazoles: Application as latent fingermark and their cytotoxicity against NOK-SI cell line. Chemical Data Collections, v. 33, p. 100700, 2021.<\/p>\n<p><a class=\"tooltip\" tabindex=\"217\" href=\"http:\/\/lattes.cnpq.br\/4195477425513111\" target=\"_blank\" rel=\"noopener\">ZAVAREZE, ELESSANDRA DA ROSA<\/a>\u00a0; LIM, L. ; STEFANELLO, F. ;\u00a0<b>Carre\u00f1o, Neftali L. V.<\/b>\u00a0;\u00a0<a class=\"tooltip\" tabindex=\"218\" title=\"Clique para visualizar o curr\u00edculo\" href=\"http:\/\/lattes.cnpq.br\/9370386307411916\" target=\"_blank\" rel=\"noopener\">DIAS, ALVARO RENATO GUERRA<\/a> . Electrospun Starch Nanofibers as A Delivery Carrier for Carvacrol as Anti\u00bfGlioma Agent. STARCH, v. 73, p. 2100115, 2021.<\/p>\n<p>CHISINI, LUIZ ALEXANDRE ; PAGANOTTO, GIAN FRANCESCO DOS REIS ; GUERGOLETTE, RODRIGO ; CONDE, MARCUS CRISTIAN MUNIZ ; ALC\u00c1ZAR, JOSE CARLOS BERNEDO ; CARVALHO, RODRIGO VARELLA DE ;\u00a0<a class=\"tooltip\" tabindex=\"220\" title=\"Clique para visualizar o curr\u00edculo\" href=\"http:\/\/lattes.cnpq.br\/0745185975863082\" target=\"_blank\" rel=\"noopener\">Piva, Evandro<\/a>\u00a0;\u00a0<b>Carre\u00f1o, Neftali Lenin Villarreal<\/b> . Hydroxyapatite Synthesis and Covering of Titanium Surfaces by Dip-Coating Method. BRAZILIAN ARCHIVES OF BIOLOGY AND TECHNOLOGY (ONLINE), v. 64, p. 1-9, 2021.<\/p>\n<p>DA SILVA PORTO, FABIANE GRECCO ; CAMPOS, \u00c2NGELA DINIZ ;\u00a0<b>CARRE\u00d1O, Neftal\u00ed Lenin Villarreal<\/b>\u00a0;\u00a0<a class=\"tooltip\" tabindex=\"222\" title=\"Clique para visualizar o curr\u00edculo\" href=\"http:\/\/lattes.cnpq.br\/2296402907146130\" target=\"_blank\" rel=\"noopener\">Garcia, Irene Teresinha Santos<\/a> . Pereskia aculeata leaves: properties and potentialities for the development of new products. NATURAL PRODUCT RESEARCH, v. 35, p. 1-12, 2021.<\/p>\n<h1 style=\"text-align: center;\">2020<\/h1>\n<p>PASSOS, LUAN F. ; BERNEIRA, LUCAS M. ; POLETTI, TAIS ; MARIOTTI, KRISTIANE DE C. ; Carre\u00f1o, Neftali L. V. ; HARTWIG, CARLA A. ; PEREIRA, CLAUDIO M. P. . <strong>Evaluation and characterization of algal biomass applied to the development of fingermarks on glass surfaces<\/strong>. Australian Journal of Forensic Sciences, v. 52, p. 1-10, 2020.<\/p>\n<p>MARINS, NAT\u00c1LIA H. ; SILVA, RICARDO M. ; FERRUA, CAMILA P. ; &#8216;UKOWIEC, DARIUSZ ; BARBOSA, ANANDA M. ; RIBEIRO, JULIANA S. ; NEDEL, FERNANDA ; ZAVAREZE, ELESSANDRA R. ; TA&#8217;SKI, TOMASZ ; Carre\u00f1o, Neftal\u00ed L. V. . <strong>Fabrication of electrospun poly(lactic acid) nanoporous membrane loaded with niobium pentoxide nanoparticles as a potential scaffold for biomaterial applications<\/strong>. JOURNAL OF BIOMEDICAL MATERIALS RESEARCH PART B-APPLIED BIOMATERIALS, v. 108, p. 1559-1567, 2020.<\/p>\n<p>CARREIRA BATALHA, DANIEL ; HADLER MARINS, NAT\u00c1LIA ; MARQUES E SILVA, RICARDO ; LENIN VILLARREAL CARRE\u00d1O, NEFTAL\u00cd ; VIEIRA FAJARDO, HUMBERTO ; DA SILVA, M\u00c1RCIO JOS\u00c9 . <strong>Oxidation of terpenic alcohols with hydrogen peroxide promoted by Nb2O5 obtained by microwave-assisted hydrothermal method<\/strong>. Molecular Catalysis, v. 489, p. 110941, 2020.<\/p>\n<p>MARON, GUILHERME KURZ ; ALANO, JOS\u00c9 HENRIQUE ; DA SILVEIRA NOREMBERG, BRUNO ; DA SILVA RODRIGUES, LUCAS ; STOLOJAN, VLAD ; SILVA, S. RAVI P. ; VILLARREAL CARRE\u00d1O, NEFTALI LENIN . <strong>Electrochemical supercapacitors based on 3D nanocomposites of reduced graphene oxide\/carbon nanotube and ZnS<\/strong>. JOURNAL OF ALLOYS AND COMPOUNDS, v. 836, p. 155408, 2020.<\/p>\n<p>DE MATOS RODRIGUES, MURILLO HENRIQUE ; BORGES, KELLEN CRISTINA MESQUITA ; DE C\u00c1SSIA SANTOS, MARIA RITA ; DE CARVALHO BARROS, JUPYRACYARA JANDYRA ; DE F\u00c1TIMA GON\u00c7ALVES, ROSANA ; MOTTA, FABIANA VILLELA ; CARRENO, NEFTALI L. V. ; GODINHO, MARIO . <strong>Synthesis, characterization and in vitro antimicrobial prospecting of silver-doped ceria<\/strong>. JOURNAL OF THERMAL ANALYSIS AND CALORIMETRY, v. 139, p. 849-854, 2020.<\/p>\n<p>BATALHA, DANIEL C. ; LUZ, SULUSMON C. ; TAYLOR, JASON G. ; FAJARDO, Humberto V. ; NOREMBERG, BRUNO S. ; CHERUBIN, IGOR J. S. ; SILVA, RICARDO M. ; GON\u00c7ALVES, MARGARETE R. F. ; BERGMANN, CARLOS P. ; VALENTINI, Antoninho ; Carre\u00f1o, Neftal\u00ed L. V. . <strong>Application of Al2O3\/AlNbO4 in the oxidation of aniline to azoxybenzene<\/strong>. CHEMICAL PAPERS, v. 74, p. 543-553, 2020.<\/p>\n<p>PIEPER, C. M. ; Maron GK ; Salas M.M.S. ; Piva, Evandro ; Silva AF ; LUND, RAFAEL G. ; Rosa LOW ; Motta F.V. ; Bomio M ; VILLARREAL CARRE\u00d1O, NEFTAL\u00cd LENIN . <strong>Biofilms of cellulose and hydroxyapatite composites: Alternative synthesis process<\/strong>. JOURNAL OF BIOACTIVE AND COMPATIBLE POLYMERS, v. 36, p. 1-10, 2020.<\/p>\n<p>DA ROSA, BRUNO ; VENZKE, DALILA ; POLETTI, TA\u00cdS ; DE LIMA, NATHALIA ; CAMACHO, JEANIFER ; MARIOTTI, KRISTIANE ; DOS SANTOS, MARCO ; PIZZUTI, LUCAS ; CARRE\u00d1O, NEFTAL\u00cd ; PEREIRA, CLAUDIO . <strong>Microwave Assisted Synthesis of Thiocarbamoylpyrazoles and Application as an Alternative Latent Fingermark Developers<\/strong>. JOURNAL OF THE BRAZILIAN CHEMICAL SOCIETY, v. 31, p. 1327-1331, 2020.<\/p>\n<h1 style=\"text-align: center;\"><strong>2019<\/strong><\/h1>\n<p>THESING, ANDERSON ; LOGUERCIO, LARA F. ; NOREMBERG, BRUNO S. ; ALANO, JOS\u00c9 H. ; E SILVA, RICARDO MARQUES ; Orlandi, Marcelo O. ; MARIN, GRACIANE ; SANTOS, JACQUELINE F. LEITE ; Carre\u00f1o, Neftali Lenin Villarreal . <strong>Tunable graphene oxide inter-sheet distance to obtain graphene oxide-silver nanoparticle hybrids<\/strong>. NEW JOURNAL OF CHEMISTRY, v. 43, p. 1285-1290, 2019.<\/p>\n<p>Carre\u00f1o, Neftali L. V.; ALCAZAR, J. C. B. ; SALAS, MABEL MILUSKA SUCA ; Demarco F. F. ; Noremberg B ; Motta F.V. ; Tarquinio SBC ; CONDE, M. C. M. ; Rafaela Moreira Javier Lemos ; CHISINI, L. A. . <strong>Preparation, characterization, and biocompatibility of different metal oxide\/PEG-based hybrid coating synthesized by sol\u2013gel dip coating method for surface modification of titanium<\/strong>. PROGRESS IN ORGANIC COATINGS, v. 130, p. 206-213, 2019.<\/p>\n<p>Alano JH ; Maron GK ; RODRIGUES, L. S. ; NOREMBERG, BRUNO S. ; OLIVEIRA, A. D. ; Paniz O ; NASCIMENTO, R.M.N. ; VILLARREAL CARRE\u00d1O, NEFTALI LENIN . <strong>A Simple and Complete Supercapacitor Characterization System Using a Programmable Sourcemeter<\/strong>. ORBITAL: THE ELECTRONIC JOURNAL OF CHEMISTRY, v. 11, p. 134-141, 2019.<\/p>\n<p>SILVA, RICARDO M. ; NOREMBERG, BRUNO S. ; MARINS, NAT\u00c1LIA H. ; MILNE, JORDAN ; ZHITOMIRSKY, IGOR ; CARRE\u00d1O, NEFTAL\u00cd L.V. . <strong>Microwave-assisted hydrothermal synthesis and electrochemical characterization of niobium pentoxide\/carbon nanotubes composites<\/strong>. JOURNAL OF MATERIALS RESEARCH, v. 34, p. 592-599, 2019.<\/p>\n<p>SANTIAGO, A.A.G. ; LOVISA, L.X. ; MEDEIROS, P.N. ; LI, M.S. ; CARRE\u00d1O, N.L.V. ; LONGO, E. ; PASKOCIMAS, C.A. ; BOMIO, M.R.D. ; MOTTA, F.V. . <strong>Fast and simultaneous doping of Sr0.9&#8212;Ca0.1In2O4:(xEu3+, yTm3+, zTb3+) superstructure by ultrasonic spray pyrolysis<\/strong>. ULTRASONICS SONOCHEMISTRY, v. 56, p. 14-24, 2019.<\/p>\n<p>MARINS, NAT\u00c1LIA HADLER ; LEE, BRYAN E.J. ; E SILVA, RICARDO MARQUES ; RAGHAVAN, ARJUN ; VILLARREAL CARRE\u00d1O, NEFTAL\u00cd LENIN ; GRANDFIELD, KATHRYN . <strong>Niobium pentoxide and hydroxyapatite particle loaded electrospun polycaprolactone\/gelatin membranes for bone tissue engineering<\/strong>. COLLOIDS AND SURFACES B-BIOINTERFACES, v. 182, p. 110386, 2019.<\/p>\n<p>NOREMBERG, BRUNO S. ; SILVA, RICARDO M. ; PANIZ, OSCAR G. ; ALANO, JOS\u00c9 H. ; DUPONT, JAIRTON ; Carre\u00f1o, Neftali L. V. . <strong>Renewable supercapacitors based on cellulose\/carbon nanotubes\/[Bmim][NTf2] ionic liquid. MRS Communications<\/strong>, v. 9, p. 726-729, 2019.<\/p>\n<p>PANIZ, OSCAR G. ; PEREIRA, CLAUDIO M. P. ; PACHECO, BRUNA S. ; WOLKE, SILVANA I. ; MARON, GUILHERME K. ; MANSILLA, ANDR\u00c9S ; COLEPICOLO, PIO ; Orlandi, Marcelo O. ; OSORIO, ALICE G. ; Carre\u00f1o, Neftali L. V. . <strong>Cellulosic material obtained from Antarctic algae biomass. Cellulose<\/strong>, v. 27, p. 113-126, 2019.<\/p>\n<h1 style=\"text-align: center;\"><strong>2018<\/strong><\/h1>\n<p>Paniz O ; Scheik LK ; G.E.H Silva ; GON\u00c7ALVES, M. R. F. ; OLIVEIRA, A. D. ; Ara\u00fajo EM ; Carre\u00f1o, Neftali Lenin Villarreal . <strong>Obten\u00e7\u00e3o de comp\u00f3sito com matriz de acetato de celulose e part\u00edculas de prata para aplica\u00e7\u00f5es antimicrobianas<\/strong>. Materia-Rio de Janeiro, v. 23, p. 12244, 2018.<\/p>\n<p>CARRE\u00d1O, Neftal\u00ed Lenin Villarreal; SILVA, R. M. E. ; Nat\u00e1lia Hadler Marins ; Noremberg B ; Alano JH ; Santana L ; TANSKI, T. ; Lukowiec D . <strong>Flexible cellulose-carbon nanotube paper substrate decorated with PZT: sensor properties<\/strong>. MRS Advances, p. 1-6, 2018.<\/p>\n<p>ROBLES, EDUARDO ; FERN\u00c1NDEZ-RODR\u00cdGUEZ, JAVIER ; BARBOSA, ANANDA M. ; GORDOBIL, OIHANA ; CARRE\u00d1O, NEFTALI L.V. ; LABIDI, JALEL . <strong>Production of cellulose nanoparticles from blue agave waste treated with environmentally friendly processes<\/strong>. CARBOHYDRATE POLYMERS, v. 183, p. 294-302, 2018.<\/p>\n<p>CARRENO, NEFTALI L. V.; DEON, VIN\u00cdCIUS G. ; SILVA, RICARDO M. ; SANTANA, LUIZA R. ; PEREIRA, RODRIGO M. ; Orlandi, Marcelo O. ; VENTURA, WELLINGTON M. ; DIAS, ANDERSON ; TAYLOR, JASON G. ; FAJARDO, Humberto V. ; MESKO, MARCIA F. . <strong>Feasible and Clean Solid-Phase Synthesis of LiNbO 3 by Microwave-Induced Combustion and Its Application as Catalyst for Low-Temperature Aniline Oxidation<\/strong>. ACS Sustainable Chemistry &amp; Engineering, v. 6, p. 1680-1691, 2018.<\/p>\n<p>G.E.H Silva ; GON\u00c7ALVES, M. R. F. ; Osorio AG ; Tessaro AB ; Gian Francesco dos Reis Paganotto ; Carre\u00f1o, Neftali Lenin Villarreal ; SILVA, G. E. H. . <strong>Evaluation of the influence of manufacture parameters during organoclay synthesis<\/strong>. CER\u00c2MICA, v. 64, p. 418-424, 2018.<\/p>\n<p>Galar\u00e7a, A.D. ; Silva AF ; Rosa LOW ; LIMA, G. S. ; Carre\u00f1o, Neftali Lenin Villarreal ; Pereira, T.M. ; Guedes, O.A. ; Borges, A.H. ; Piva, Evandro . <strong>Physical and Biological Properties of a High-Plasticity Tricalcium Silicate Cement<\/strong>. Biomed Research International, v. 2018, p. 1-6, 2018.<\/p>\n<p>G.E.H Silva ; Motta F.V. ; Carre\u00f1o, Neftali L. V. ; Netro NFA ; Seixas JN ; Nascimento LE . <strong>ESTUDO DA OBTEN\u00c7\u00c3O DE NANOPART\u00cdCULAS DE TIO2 PELOS M\u00c9TODOS SOLVOT\u00c9RMICO ASSISTIDO POR MICRO-ONDAS E SOL-GEL<\/strong>. Revista Brasileira de Engenharia e Sustentabilidade, v. 5, p. 18-24, 2018.<\/p>\n<p>RODRIGUES, MURILLO HENRIQUE DE MATOS ; FIGUEIREDO, JOS\u00c9 THE\u00d3PHILO DE OLIVEIRA ; BORGES, KELLEN CRISTINA MESQUITA ; GON\u00c7ALVES, ROSANA DE F\u00c1TIMA ; LI, M\u00c1XIMO SIU ; GURGEL, MARIA FERNANDA DO CARMO ; CARRE\u00d1O, Neftal\u00ed Lenin Villarreal ; MARQUES, ANA PAULA DE AZEVEDO ; MOTTA, FABIANA VILLELA ; GODINHO JUNIOR, MARIO . <strong>Fotoluminesc\u00eancia da zirc\u00f4nia estabilizada com \u00edtrio recoberta com ceria: Estudo da influ\u00eancia do revestimento<\/strong>. Revista Brasileira de Engenharia e Sustentabilidade, v. 5, p. 13-17, 2018.<\/p>\n<p>BORGES, KELLEN CRISTINA MESQUITA ; GON\u00c7ALVES, ROSANA DE F\u00c1TIMA ; RODRIGUES, MURILLO HENRRIQUE DE MATOS ; SANTOS, MARIA RITA DE CASSIA ; CARRENO, NEFTAL\u00cd LENIN VILLARREAL ; MARQUES, ANA PAULA DE AZEVEDO ; GODINHO J\u00daNIOR, MARIO . <strong>Sinteriza\u00e7\u00e3o de cer\u00e2micas de BaZr1\u2212 xYxO3 \u2212 \u03b4 para uso em c\u00e9lulas a combust\u00edveis de \u00f3xido s\u00f3lido<\/strong>. Revista Brasileira de Engenharia e Sustentabilidade, v. 5, p. 25-31, 2018.<\/p>\n<p>NEUMANN SEIXAS, JULIANA ; EICHELBERGER GRANADA, JONAS ; NOGUEIRA DE MELO, CAIO C\u00c9SAR ; ESCOBAR HOCHMULLER DA SILVA, GABRIELA ; PASSADOR, FABIO ROBERTO ; MONTEIRO CHOLANT, GABRIEL ; DANTAS DE OLIVEIRA, AMANDA ; GON\u00c7ALVES BEATRICE, CESAR AUGUSTO ; FREITAS GON\u00c7ALVES, MARGARETE REGINA ; LENIN VILLARREAL CARRE\u00d1O, NEFTALI . <strong>Comp\u00f3sitos polim\u00e9ricos refor\u00e7ados com fibras naturais utilizando diferentes varia\u00e7\u00f5es de granulometria<\/strong>. Revista Brasileira de Engenharia e Sustentabilidade, v. 5, p. 32-37, 2018.<\/p>\n<p>SILVA, RICARDO M ; NOREMBERG, BRUNO S ; SANTANA, LUIZA R ; ALANO, JOS\u00c9 H ; MARINS, NAT\u00c1LIA H ; MARON, GUILHERME K ; &#8216;UKOWIEC, DARIUSZ ; STASZUK, MARCIN ; TANSKI, TOMASZ ; CARRE\u00d1O, NEFTALI LV . <strong>Rare earth-doped lead titanate zirconate grown on carbon fibers by microwave-assisted hydrothermal synthesis<\/strong>. JOURNAL OF COMPOSITE MATERIALS, v. 53, p. 002199831878570-373-382, 2018.<\/p>\n<p>ROBLES, EDUARDO ; FERN\u00c1NDEZ-RODR\u00cdGUEZ, JAVIER ; BARBOSA, ANANDA M. ; GORDOBIL, OIHANA ; CARRE\u00d1O, NEFTALI L.V. ; LABIDI, JALEL . <strong>Dataset on cellulose nanoparticles from blue agave bagasse and blue agave leaves<\/strong>. DATA IN BRIEF, v. 18, p. 150-155, 2018.<\/p>\n","protected":false},"excerpt":{"rendered":"<p>2022 RIEMKE, F\u00c1BIO C. ; \u00dcCKER, C\u00c1TIA L. ;\u00a0CARRE\u00d1O, NEFTAL\u00cd L.V.\u00a0; DA SILVA CAVA, SERGIO ; TEIXEIRA, MOIS\u00c9S P. ;\u00a0FAJARDO, Humberto V. ; TAYLOR, JASON G. ; DA SILVA, M\u00c1RCIO J. ; BATALHA, DANIEL C. ; RAUBACH, CRISTIANE W. . Influence of Nb2O5 grown on SrTiO3 nanoseeds in the catalytic oxidation of thioanisole. MATERIALS CHEMISTRY [&hellip;]<\/p>\n","protected":false},"author":755,"featured_media":0,"parent":0,"menu_order":4,"comment_status":"closed","ping_status":"closed","template":"","meta":{"footnotes":""},"class_list":["post-7","page","type-page","status-publish","hentry"],"_links":{"self":[{"href":"https:\/\/wp.ufpel.edu.br\/novonanomaterialresearchgroup\/wp-json\/wp\/v2\/pages\/7","targetHints":{"allow":["GET"]}}],"collection":[{"href":"https:\/\/wp.ufpel.edu.br\/novonanomaterialresearchgroup\/wp-json\/wp\/v2\/pages"}],"about":[{"href":"https:\/\/wp.ufpel.edu.br\/novonanomaterialresearchgroup\/wp-json\/wp\/v2\/types\/page"}],"author":[{"embeddable":true,"href":"https:\/\/wp.ufpel.edu.br\/novonanomaterialresearchgroup\/wp-json\/wp\/v2\/users\/755"}],"replies":[{"embeddable":true,"href":"https:\/\/wp.ufpel.edu.br\/novonanomaterialresearchgroup\/wp-json\/wp\/v2\/comments?post=7"}],"version-history":[{"count":13,"href":"https:\/\/wp.ufpel.edu.br\/novonanomaterialresearchgroup\/wp-json\/wp\/v2\/pages\/7\/revisions"}],"predecessor-version":[{"id":296,"href":"https:\/\/wp.ufpel.edu.br\/novonanomaterialresearchgroup\/wp-json\/wp\/v2\/pages\/7\/revisions\/296"}],"wp:attachment":[{"href":"https:\/\/wp.ufpel.edu.br\/novonanomaterialresearchgroup\/wp-json\/wp\/v2\/media?parent=7"}],"curies":[{"name":"wp","href":"https:\/\/api.w.org\/{rel}","templated":true}]}}