{"id":994,"date":"2019-10-16T11:15:39","date_gmt":"2019-10-16T14:15:39","guid":{"rendered":"https:\/\/wp.ufpel.edu.br\/notcc\/?page_id=994"},"modified":"2020-08-10T18:54:20","modified_gmt":"2020-08-10T21:54:20","slug":"2019_2","status":"publish","type":"page","link":"https:\/\/wp.ufpel.edu.br\/notcc\/propostas\/avaliacoes\/2019_2\/","title":{"rendered":"Propostas 2019\/2"},"content":{"rendered":"<h2><strong>Avaliadores<\/strong><\/h2>\n<ul>\n<li>Alan Rossetto \u2013 alan.rossetto@inf.ufpel.edu.br<\/li>\n<li>Ana Pernas \u2013 marilza@inf.ufpel.edu.br<\/li>\n<li>Andr\u00e9 Rauber Du Bois \u2013 dubois@inf.ufpel.edu.br<\/li>\n<li>Bruno Zatt &#8211; zatt@inf.ufpel.edu.br<\/li>\n<li>Felipe de Souza Marques &#8211; felipem@inf.ufpel.edu.br<\/li>\n<li>Guilherme Corr\u00eaa &#8211; gcorrea@inf.ufpel.edu.br<\/li>\n<li>Guilherme Netto &#8211; guilherme.netto@inf.ufpel.edu.br<\/li>\n<li>Larissa A. de Freitas &#8211; larissa@inf.ufpel.edu.br<\/li>\n<li>Leomar Rosa Jr &#8211; leomarjr@inf.ufpel.edu.br<\/li>\n<li>Lisane Brisolara -lisane@inf.ufpel.edu.br<\/li>\n<li>Luciana Foss -lfoss@inf.ufpel.edu.br<\/li>\n<li>Marilton Sanchotene de Aguiar -marilton@inf.ufpel.edu.br<\/li>\n<li>Paulo Ferreira Jr. -paulo@inf.ufpel.edu.br<\/li>\n<li>Rafael Soares -rafael.soares@inf.ufpel.edu.br<\/li>\n<li>Rafael Torchelsen -rafael.torchelsen@inf.ufpel.edu.br<\/li>\n<li>Renata Reiser -reiser@inf.ufpel.edu.br<\/li>\n<li>Ricardo Matsumura Araujo -ricardo@inf.ufpel.edu.br<\/li>\n<li>Simone Costa Cavalheiro -simone.costa@gmail.com<\/li>\n<li>Tiago Primo -tiagoprimo@gmail.com<\/li>\n<li>Vinicius Valduga Camargo -vvacamargo@inf.ufpel.edu.br<\/li>\n<\/ul>\n<h2><strong>Propostas<\/strong><\/h2>\n<table style=\"border-collapse: collapse;width: 83.9373%;height: 268px\" border=\"1\">\n<tbody>\n<tr style=\"height: 45px\">\n<td style=\"width: 4.10554%;height: 45px\">1<\/td>\n<td style=\"width: 62.5611%;height: 45px;text-align: left\">Arthur Godinho and Rafael Soares, Equipamento de pesagem hospitalar integrado com sistema web<\/td>\n<td style=\"width: 33.3333%;height: 45px;text-align: left\">Marilton Sanchotene de Aguiar<br \/>\nLeomar Rosa Junior<\/td>\n<\/tr>\n<tr style=\"height: 21px\">\n<td style=\"width: 4.10554%;height: 21px\">2<\/td>\n<td style=\"width: 62.5611%;height: 21px;text-align: left\">Marilia Pit dos Santos and Larissa A. de Freitas, Sistema de detec\u00e7\u00e3o autom\u00e1tica de discurso de \u00f3dio em textos em ingl\u00eas<\/td>\n<td style=\"width: 33.3333%;height: 21px;text-align: left\">Tiago Primo<br \/>\nPaulo Ferreira Jr.<\/td>\n<\/tr>\n<tr style=\"height: 21px\">\n<td style=\"width: 4.10554%;height: 21px\">3<\/td>\n<td style=\"width: 62.5611%;height: 21px;text-align: left\">Igor Barbosa and Lisane Brisolara de Brisolara, Ferramenta para teste de caos em arquitetura de software baseada em microsservi\u00e7os<\/td>\n<td style=\"width: 33.3333%;height: 21px;text-align: left\">Ana Pernas<br \/>\nAndr\u00e9 Rauber Du Bois<\/td>\n<\/tr>\n<tr style=\"height: 21px\">\n<td style=\"width: 4.10554%;height: 21px\">4<\/td>\n<td style=\"width: 62.5611%;height: 21px;text-align: left\">Maur\u00edcio Dorneles Caldeira Balboni, Marilton Sanchotene de Aguiar and Alice Fonseca Finger, Preced\u00eancia de operadores na matem\u00e1tica intervalar<\/td>\n<td style=\"width: 33.3333%;height: 21px;text-align: left\">Larissa A. de Freitas<br \/>\nRenata Reiser<\/td>\n<\/tr>\n<tr style=\"height: 21px\">\n<td style=\"width: 4.10554%;height: 21px\">5<\/td>\n<td style=\"width: 62.5611%;height: 21px;text-align: left\">Maxwell Burke Moreira, Tatiana Aires Tavares and Vinicius Kruger da Costa, Sistema de customiza\u00e7\u00e3o de Ambientes Virtuais para o aplicativo Virtual Classroom<\/td>\n<td style=\"width: 33.3333%;height: 21px;text-align: left\">Lisane Brisolara de Brisolara<br \/>\nRafael Torchelsen<\/td>\n<\/tr>\n<tr style=\"height: 21px\">\n<td style=\"width: 4.10554%;height: 21px\">6<\/td>\n<td style=\"width: 62.5611%;height: 21px;text-align: left\">Rodrigo Acosta, Marilton Sanchotene de Aguiar and Tatiana Aires Tavares, Proposta de uma ferramenta baseada em avatares para a legendagem de v\u00eddeos adaptada para LIBRAS<\/td>\n<td style=\"width: 33.3333%;height: 21px;text-align: left\">Larissa A. de Freitas<br \/>\nRafael Torchelsen<\/td>\n<\/tr>\n<tr style=\"height: 21px\">\n<td style=\"width: 4.10554%;height: 21px\">7<\/td>\n<td style=\"width: 62.5611%;height: 21px;text-align: left\">Thiago Heron \u00c1vila, Tiago Primo and Marilton Sanchotene de Aguiar, Solu\u00e7\u00e3o para a recomenda\u00e7\u00e3o de conte\u00fados did\u00e1ticos digitais para docentes voltados ao ensino de pessoas com defici\u00eancia<\/td>\n<td style=\"width: 33.3333%;height: 21px;text-align: left\">Andr\u00e9 Rauber Du Bois<br \/>\nRicardo Matsumura Araujo<\/td>\n<\/tr>\n<tr style=\"height: 21px\">\n<td style=\"width: 4.10554%;height: 21px\">8<\/td>\n<td style=\"width: 62.5611%;height: 21px;text-align: left\">Patr\u00edcia Ribeiro, Larissa A. de Freitas and Augusto Schmidt, Ferramenta para identifica\u00e7\u00e3o e classifica\u00e7\u00e3o de erros fonol\u00f3gicos em textos de crian\u00e7as do ensino fundamental<\/td>\n<td style=\"width: 33.3333%;height: 21px;text-align: left\">Luciana Foss<br \/>\nTiago Primo<\/td>\n<\/tr>\n<tr style=\"height: 10px\">\n<td style=\"width: 4.10554%;height: 10px\">9<\/td>\n<td style=\"width: 62.5611%;height: 10px;text-align: left\">Freddy Ilha and Tiago Primo, Serious Math: Uma proposta de ambiente educacional gamificado para suporte ao ensino de matem\u00e1tica<\/td>\n<td style=\"width: 33.3333%;height: 10px;text-align: left\">Vin\u00edcius Valduga de Almeida Camargo<br \/>\nRenata Reiser<\/td>\n<\/tr>\n<tr style=\"height: 21px\">\n<td style=\"width: 4.10554%;height: 21px\">10<\/td>\n<td style=\"width: 62.5611%;height: 21px;text-align: left\">Gabriel Soares, Felipe de Souza Marques, Leomar Rosa Junior and Maicon Cardoso, Gera\u00e7\u00e3o de uma Biblioteca de C\u00e9lulas para a Tecnologia NML<\/td>\n<td style=\"width: 33.3333%;height: 21px;text-align: left\">Alan Rossetto<br \/>\nBruno Zatt<\/td>\n<\/tr>\n<tr style=\"height: 21px\">\n<td style=\"width: 4.10554%;height: 21px\">11<\/td>\n<td style=\"width: 62.5611%;height: 21px;text-align: left\">Gabriella Staniecki, Tiago Primo and Larissa A. de Freitas, Sistema Educacional Para Aux\u00edlio \u00e0 Escrita de Reda\u00e7\u00e3o Estilo ENEM<\/td>\n<td style=\"width: 33.3333%;height: 21px;text-align: left\">Simone Costa Cavalheiro<br \/>\nPaulo Ferreira Jr.<\/td>\n<\/tr>\n<tr style=\"height: 21px\">\n<td style=\"width: 4.10554%;height: 21px\">12<\/td>\n<td style=\"width: 62.5611%;height: 21px;text-align: left\">Lucas Cantarelli and Andr\u00e9 Du Bois, Programa\u00e7\u00e3o de batidas eletr\u00f4nicas em navegadores usando a linguagem Elm<\/td>\n<td style=\"width: 33.3333%;height: 21px;text-align: left\">Guilherme Netto<br \/>\nFelipe de Souza Marques<\/td>\n<\/tr>\n<tr>\n<td style=\"width: 4.10554%\">13<\/td>\n<td style=\"width: 62.5611%;text-align: left\">Micael Martins Popping, Leomar Soares da Rosa Jr., Felipe de Souza Marques and Renato Souza de Souza, Um padr\u00e3o de formato de arquivo texto para descrever fun\u00e7\u00f5es Threshold<\/td>\n<td style=\"width: 33.3333%;text-align: left\">Lisane Brisolara de Brisolara<br \/>\nVin\u00edcius Valduga de Almeida Camargo<\/td>\n<\/tr>\n<tr>\n<td style=\"width: 4.10554%\">14<\/td>\n<td style=\"width: 62.5611%;text-align: left\">Nelson Dutra Junior and Marilton Sanchotene de Aguiar, Desenvolvimento de um dashboard para aux\u00edlio na tomada de decis\u00e3o em equipes de atendimento ao cliente<\/td>\n<td style=\"width: 33.3333%;text-align: left\">Ricardo Matsumura Araujo<br \/>\nAna Pernas<\/td>\n<\/tr>\n<tr>\n<td style=\"width: 4.10554%\">15<\/td>\n<td style=\"width: 62.5611%;text-align: left\">Rafael Rad\u00fcnz Borba and Lisane Brisolara de Brisolara, Desenvolvimento de um Sistema de Kanban para Gest\u00e3o de Leitos Hospitalares : da an\u00e1lise de requisitos \u00e0 implementa\u00e7\u00e3o do sistema<\/td>\n<td style=\"width: 33.3333%;text-align: left\">Felipe de Souza Marques<br \/>\nRafael Soares<\/td>\n<\/tr>\n<tr>\n<td style=\"width: 4.10554%\">16<\/td>\n<td style=\"width: 62.5611%;text-align: left\">Felipe Lopes and Anderson Ferrugem, Classifica\u00e7\u00e3o de frutas em tempo real em uma aplica\u00e7\u00e3o mobile<\/td>\n<td style=\"width: 33.3333%;text-align: left\">Bruno Zatt<br \/>\nLeomar Rosa Junior<\/td>\n<\/tr>\n<tr>\n<td style=\"width: 4.10554%\">17<\/td>\n<td style=\"width: 62.5611%\">Gilberto Kreisler Franco Neto and Paulo Ferreira Jr., Identifica\u00e7\u00e3o e Rastreio de Objetos em uma Partida de Futebol de Rob\u00f4s da Categoria Very Small Size Soccer<\/td>\n<td style=\"width: 33.3333%\">Marilton Sanchotene de Aguiar<br \/>\nGuilherme Corr\u00eaa<\/td>\n<\/tr>\n<tr>\n<td style=\"width: 4.10554%\">18<\/td>\n<td style=\"width: 62.5611%\">Andr\u00e9 Basso de Almeida and Anderson Ferrugem, Desenvolvimento de uma solu\u00e7\u00e3o para avalia\u00e7\u00e3o de conforto t\u00e9rmico utilizando PWA<\/td>\n<td style=\"width: 33.3333%\">Alan Rossetto<br \/>\nRafael Soares<\/td>\n<\/tr>\n<tr>\n<td style=\"width: 4.10554%\">19<\/td>\n<td style=\"width: 62.5611%\">Carlos Edy Yano and Rafael Soares, Proposi\u00e7\u00e3o de um prot\u00f3tipo para coleta, armazenamento e transmiss\u00e3o de dados hidrol\u00f3gicos utilizando microcontroladores<\/td>\n<td style=\"width: 33.3333%\">Guilherme Netto<br \/>\nGuilherme Corr\u00eaa<\/td>\n<\/tr>\n<\/tbody>\n<\/table>\n<p>&nbsp;<\/p>\n","protected":false},"excerpt":{"rendered":"<p>Avaliadores Alan Rossetto \u2013 alan.rossetto@inf.ufpel.edu.br Ana Pernas \u2013 marilza@inf.ufpel.edu.br Andr\u00e9 Rauber Du Bois \u2013 dubois@inf.ufpel.edu.br Bruno Zatt &#8211; zatt@inf.ufpel.edu.br Felipe de Souza Marques &#8211; felipem@inf.ufpel.edu.br Guilherme Corr\u00eaa &#8211; gcorrea@inf.ufpel.edu.br Guilherme Netto &#8211; guilherme.netto@inf.ufpel.edu.br Larissa A. de Freitas &#8211; larissa@inf.ufpel.edu.br Leomar Rosa Jr &#8211; leomarjr@inf.ufpel.edu.br Lisane Brisolara -lisane@inf.ufpel.edu.br Luciana Foss -lfoss@inf.ufpel.edu.br Marilton Sanchotene de Aguiar -marilton@inf.ufpel.edu.br [&hellip;]<\/p>\n","protected":false},"author":800,"featured_media":0,"parent":31,"menu_order":0,"comment_status":"closed","ping_status":"closed","template":"","meta":{"footnotes":""},"class_list":["post-994","page","type-page","status-publish","hentry"],"_links":{"self":[{"href":"https:\/\/wp.ufpel.edu.br\/notcc\/wp-json\/wp\/v2\/pages\/994","targetHints":{"allow":["GET"]}}],"collection":[{"href":"https:\/\/wp.ufpel.edu.br\/notcc\/wp-json\/wp\/v2\/pages"}],"about":[{"href":"https:\/\/wp.ufpel.edu.br\/notcc\/wp-json\/wp\/v2\/types\/page"}],"author":[{"embeddable":true,"href":"https:\/\/wp.ufpel.edu.br\/notcc\/wp-json\/wp\/v2\/users\/800"}],"replies":[{"embeddable":true,"href":"https:\/\/wp.ufpel.edu.br\/notcc\/wp-json\/wp\/v2\/comments?post=994"}],"version-history":[{"count":5,"href":"https:\/\/wp.ufpel.edu.br\/notcc\/wp-json\/wp\/v2\/pages\/994\/revisions"}],"predecessor-version":[{"id":1007,"href":"https:\/\/wp.ufpel.edu.br\/notcc\/wp-json\/wp\/v2\/pages\/994\/revisions\/1007"}],"up":[{"embeddable":true,"href":"https:\/\/wp.ufpel.edu.br\/notcc\/wp-json\/wp\/v2\/pages\/31"}],"wp:attachment":[{"href":"https:\/\/wp.ufpel.edu.br\/notcc\/wp-json\/wp\/v2\/media?parent=994"}],"curies":[{"name":"wp","href":"https:\/\/api.w.org\/{rel}","templated":true}]}}