{"id":981,"date":"2019-08-13T16:38:28","date_gmt":"2019-08-13T19:38:28","guid":{"rendered":"https:\/\/wp.ufpel.edu.br\/notcc\/?page_id=981"},"modified":"2019-12-23T10:59:24","modified_gmt":"2019-12-23T13:59:24","slug":"monografias-2019","status":"publish","type":"page","link":"https:\/\/wp.ufpel.edu.br\/notcc\/monografias-2019\/","title":{"rendered":"Monografias 2019"},"content":{"rendered":"<p>Clique nos links abaixo para download<\/p>\n<h3><a href=\"https:\/\/drive.google.com\/open?id=1y_LSQsDo4L13_plB8CQua_9H8KdjFGW1\" target=\"_blank\" rel=\"noopener noreferrer\">:: 2019\/1 \/ Click here to Download ::<\/a><\/h3>\n<h3><a href=\"https:\/\/drive.google.com\/drive\/folders\/1I1wLSuzBfWREGURXtccH2L1-k5gMP2EN?usp=sharing\" target=\"_blank\" rel=\"noopener noreferrer\">:: 2019\/2 \/ Click here to Download ::<\/a><\/h3>\n<p><span style=\"font-size: 14pt\"><strong>Ci\u00eancia da Computa\u00e7\u00e3o 2019-1<\/strong><\/span><\/p>\n<p>Uso de Arduino Lilypad para monitoramento de sinais vitais de infantes buscando evitar a s\u00edndrome da morte s\u00fabita\u00a0<span class=\"il\">do<\/span>\u00a0lactente<br \/>\npor <strong><span class=\"il\">Domarys<\/span>\u00a0da Silva Corr\u00eaa<\/strong><\/p>\n<p>Desenvolvimento de um sistema de reconhecimento de textos escritos \u00e0 m\u00e3o por crian\u00e7as do ensino fundamental<br \/>\npor <strong><span class=\"il\">\u00c9rick<\/span>\u00a0Fernandes\u00a0<span class=\"il\">Moreira<\/span><\/strong><\/p>\n<p>f-ClouD: Sistema Fuzzy para Avalia\u00e7\u00e3o da Utiliza\u00e7\u00e3o de Servidores em um Ambiente Simulado de Computa\u00e7\u00e3o em Nuvem<br \/>\npor <strong><span class=\"il\">Guilherme<\/span>\u00a0<span class=\"il\">Bayer<\/span>\u00a0Schneider<\/strong><\/p>\n<p>Real-time knot evaluation for suturing simulation\u00a0 por <strong><span class=\"il\">Gustavo<\/span>\u00a0Henrique Cunha\u00a0<span class=\"il\">da<\/span>\u00a0<span class=\"il\">Rosa<\/span><\/strong><\/p>\n<p>An analysis of the regularizer Spreadout in image classification using deep neural networks<br \/>\npor <strong><span class=\"il\">Matheus<\/span>\u00a0Ianzer\u00a0<span class=\"il\">Hertzog<\/span><\/strong><\/p>\n<p><span style=\"font-size: 14pt\"><strong>Engenharia de Computa\u00e7\u00e3o 2019-1<\/strong><\/span><\/p>\n<p>Desenvolvimento de uma Solu\u00e7\u00e3o em Realidade aumentada para o Museu de Ci\u00eancias Naturais Carlos Ritter<br \/>\npor <strong><span class=\"il\">Anderson<\/span>\u00a0Silveira\u00a0<span class=\"il\">Cardoso<\/span><\/strong><\/p>\n<p>Desenvolvimento de uma ferramenta para simula\u00e7\u00e3o l\u00f3gica de rede de transistores voltada ao ensino-aprendizado de circuitos integrados<br \/>\npor <strong>Arthur <span class=\"il\">Piccoli<\/span><\/strong><\/p>\n<p>Confort\u00edmetro Lotus: Um Sistema M\u00f3vel de Baixo Consumo<br \/>\npor <strong><span class=\"il\">Christian<\/span>\u00a0Gehrke\u00a0<span class=\"il\">M\u00fcller<\/span><\/strong><\/p>\n<div>Implementa\u00e7\u00e3o de website e sistema de ecommerce da Livraria da UFPel utilizando a arquitetura MVC<\/div>\n<div>por <strong><span class=\"il\">Frederico<\/span>\u00a0de Oliveira\u00a0<span class=\"il\">Sedrez<\/span><\/strong><\/div>\n<div><\/div>\n<div>Desenvolvimento de um sistema de ilumina\u00e7\u00e3o p\u00fablica com foco em sustentabilidade e seguran\u00e7a<br \/>\npor <strong><span class=\"il\">Jordana<\/span>\u00a0Sangalli Luft<\/strong><\/div>\n<div><\/div>\n<div>Investiga\u00e7\u00e3o do espa\u00e7o de projeto da arquitetura GALS pipeline utilizando o algoritmo AES<br \/>\npor <strong>Lucas Pereira\u00a0<span class=\"il\">Cavalini<\/span><\/strong><\/div>\n<div><\/div>\n<div>Desenvolvimento de uma Arquitetura de Hardware para Deblocking Filter segundo o Padr\u00e3o HEVC<br \/>\npor <strong><span class=\"il\">Marcos<\/span>\u00a0Roberto Pasqualetto\u00a0<span class=\"il\">Bueno<\/span><\/strong><\/div>\n<p><span style=\"font-size: 14pt\"><strong>Ci\u00eancia da Computa\u00e7\u00e3o 2019-2<\/strong><\/span><\/p>\n<p>Collattum: Sistema recomendador de correspond\u00eancias entre publica\u00e7\u00f5es da Plataforma Lattes<br \/>\npor <strong>Arthur\u00a0Siqueira e\u00a0Silva<\/strong><\/p>\n<p>Uma Ferramenta de Apoio \u00e0 Gest\u00e3o de Atividades e Frequ\u00eancias para Ambientes Virtuais de Aprendizagens Baseada em T\u00e9cnicas de Learning Analytics<br \/>\npor <strong>Charles\u00a0Rodrigues\u00a0Porto<\/strong><\/p>\n<p>Acelerando a Compensa\u00e7\u00e3o de Movimento do HEVC Utilizando Hardware Virtual na Nuvem<\/p>\n<p>por <strong>Douglas\u00a0Wahast da\u00a0Costa<\/strong><\/p>\n<p>Colorful Blocks: Ferramenta para Visualiza\u00e7\u00e3o e Interpreta\u00e7\u00e3o de Dados Extra\u00eddos de Codecs de V\u00eddeo<br \/>\npor <strong>Eli\u00e9zer\u00a0Luz\u00a0Ribeiro<\/strong><\/p>\n<p>Uma Proposta de Identifica\u00e7\u00e3o de Comportamentos em Sistemas de Infus\u00e3o Intravenosa Utilizando Aprendizado Profundo<br \/>\npor <strong>Felipe\u00a0Camargo\u00a0Gruendemann<\/strong><\/p>\n<p>Serious Math: Uma proposta de ambiente educacional gamificado para suporte ao ensino de matem\u00e1tica<br \/>\npor <strong>Freddy\u00a0da Paz Ilha<\/strong><\/p>\n<p>Avalia\u00e7\u00e3o da intera\u00e7\u00e3o do usu\u00e1rio com a iTV utilizando IOM (Interface \u00d3culos Mouse)<br \/>\npor<strong> Geovana\u00a0Silva da Silveira<\/strong><\/p>\n<p>Uma compara\u00e7\u00e3o de abordagens baseadas em redes neurais para casamento de entidades em artigos cient\u00edficos<br \/>\npor <strong>Ihan\u00a0Belmonte Bender<\/strong><\/p>\n<p>Uma aplica\u00e7\u00e3o de Sistemas de Tutores Inteligentes para suporte a f\u00f3runs virtuais<br \/>\npor <strong>Jader\u00a0Fr\u00f3es dos Santos Rosa<\/strong><\/p>\n<p>Um Framework para Coleta de Intera\u00e7\u00f5es em Projetos Scratch<br \/>\npor <strong>Jorge\u00a0Luis Nachtigall Vaz Junior<\/strong><\/p>\n<p>Gera\u00e7\u00e3o Procedural de Mapas para Jogos Match-Three<br \/>\npor <strong>Juan\u00a0Burtet<\/strong><\/p>\n<p>Gerenciamento de conforto t\u00e9rmico em edifica\u00e7\u00f5es usando sistemas de controle com l\u00f3gica difusa (Fuzzy Logic Control)<br \/>\npor <strong>Leonardo\u00a0Yokemura Marques<\/strong><\/p>\n<p>Avaliando a Preced\u00eancia de Operadores na Matem\u00e1tica Intervalar utilizando C-XSC e IntPy<br \/>\npor <strong>Maur\u00edcio\u00a0Dorneles Caldeira\u00a0Balboni<\/strong><\/p>\n<p>Ordena\u00e7\u00e3o de fragmentos da montagem de genomas com base em m\u00faltiplas refer\u00eancias utilizando algoritmo gen\u00e9tico<br \/>\npor <strong>Michel\u00a0Silveira\u00a0Pedroso<\/strong><\/p>\n<p>Interface Conversacional para redu\u00e7\u00e3o de toxicidade em jogos MOBA (Multiplayer Online Battle Arena): um estudo de caso<br \/>\npor <strong>Pablo\u00a0Lameiro\u00a0Sanches<\/strong><\/p>\n<p>Virtual Classroom: Desenvolvimento e avalia\u00e7\u00e3o de experi\u00eancia de usu\u00e1rio de uma sala de aula em Realidade Virtual<br \/>\npor <strong>Patrick\u00a0B\u00fcrke\u00a0Garcia<\/strong><\/p>\n<p>Otimizando estrat\u00e9gias de patrulhamento para m\u00faltiplos VANTs atrav\u00e9s de algoritmos gen\u00e9ticos.<br \/>\npor <strong>Patrick\u00a0Guimar\u00e3es de\u00a0Vargas<\/strong><\/p>\n<p>Desenvolvimento de um Sistema de Kanban para Gest\u00e3o de Leitos Hospitalares: da an\u00e1lise de requisitos \u00e0 implementa\u00e7\u00e3o do sistema<br \/>\npor <strong>Rafael\u00a0Rad\u00fcnz\u00a0Borba<\/strong><\/p>\n<p>Proposta de uma ferramenta baseada em avatares para a legendagem de v\u00eddeos adaptada para LIBRAS<br \/>\npor <strong>Rodrigo\u00a0de Brum\u00a0Acosta<\/strong><\/p>\n<p>Minera\u00e7\u00e3o de dados utilizando algoritmos de aprendizado de m\u00e1quina para prever a demanda da startup Donamaid e como o clima influ\u00eancia<br \/>\npor <strong>Samuel Freitas Oliveira <\/strong>(n\u00e3o publicado)<\/p>\n<p><span style=\"font-size: 14pt\"><strong>Engenharia de Computa\u00e7\u00e3o 2019-2<\/strong><\/span><\/p>\n<p>Padr\u00e3o de Busca Din\u00e2mico Baseado em Conte\u00fado para Estima\u00e7\u00e3o de Movimento de Baixa Complexidade em Codificadores de V\u00eddeo<br \/>\npor <strong>C\u00e2ndido\u00a0Signorini\u00a0Moraes<\/strong><\/p>\n<p>Framework para An\u00e1lise de Sentimentos em N\u00edvel de Documento para o Portugu\u00eas<br \/>\npor <strong>Felipe\u00a0Tadeu Trinhain\u00a0Palermo<\/strong><\/p>\n<p>An\u00e1lise de Estimativa da \u00c1rea Utilizando Diferentes Posicionamentos de Transistores em Redes N\u00e3o-S\u00e9rie-Paralelas<br \/>\npor <strong>Guilherme\u00a0Barbosa\u00a0Manske<\/strong><\/p>\n<p>Ferramenta de baixo custo para o monitoramento dos n\u00edveis de ru\u00eddo em canteiros de obra<br \/>\npor <strong>Guilherme\u00a0Wollmann de\u00a0Oliveira<\/strong><\/p>\n<p>Investiga\u00e7\u00e3o de Algoritmos de Criptografia Utilizando Curvas El\u00edpticas<br \/>\npor <strong>Gustavo\u00a0Adolfo Schwantz\u00a0Oliveira<\/strong><\/p>\n<p>An\u00e1lise do impacto da variabilidade e degrada\u00e7\u00e3o de circuitos digitais MOS nanom\u00e9tricos com topologia n\u00e3o-s\u00e9rie-paralelo<br \/>\npor <strong>Henrique\u00a0Caldas\u00a0Kessler<\/strong><\/p>\n<p>Desenvolvimento de uma Solu\u00e7\u00e3o para o Registro de Presen\u00e7as e Controle de Acesso em Eventos Acad\u00eamicos utilizando QR Code em Dispositivos M\u00f3veis<br \/>\npor <strong>\u00cdtalo\u00a0Nolasco\u00a0Ramos<\/strong><\/p>\n<p>O uso da Teoria do Caos para desenvolver um cifrador seguro<br \/>\npor <strong>Jo\u00e3o\u00a0In\u00e1cio Moreira\u00a0Bezerra<\/strong><\/p>\n<p>Explora\u00e7\u00e3o do Espa\u00e7o de Projeto do Uso de Somadores R\u00e1pidos para Arquiteturas de Hardware do Multiplicador Modular Montgomery Aplicado ao Sistema Criptogr\u00e1fico RSA<br \/>\npor <strong>Mateus\u00a0Terribele\u00a0Leme<\/strong><\/p>\n<p>Desenvolvimento de um Prot\u00f3tipo para a Automatiza\u00e7\u00e3o do Acesso ao Restaurante Universit\u00e1rio da Universidade Federal de Pelotas<br \/>\npor <strong>Matheus Santos Gelsdorf<\/strong><\/p>\n<p>Reconhecimento de Caracteres em Placas de Autom\u00f3veis Utilizando Computa\u00e7\u00e3o em Nuvem<br \/>\npor <strong>Wagner\u00a0Loch<\/strong><\/p>\n<p>&nbsp;<\/p>\n<p>&nbsp;<\/p>\n","protected":false},"excerpt":{"rendered":"<p>Clique nos links abaixo para download :: 2019\/1 \/ Click here to Download :: :: 2019\/2 \/ Click here to Download :: Ci\u00eancia da Computa\u00e7\u00e3o 2019-1 Uso de Arduino Lilypad para monitoramento de sinais vitais de infantes buscando evitar a s\u00edndrome da morte s\u00fabita\u00a0do\u00a0lactente por Domarys\u00a0da Silva Corr\u00eaa Desenvolvimento de um sistema de reconhecimento de [&hellip;]<\/p>\n","protected":false},"author":800,"featured_media":0,"parent":0,"menu_order":0,"comment_status":"closed","ping_status":"closed","template":"","meta":{"footnotes":""},"class_list":["post-981","page","type-page","status-publish","hentry"],"_links":{"self":[{"href":"https:\/\/wp.ufpel.edu.br\/notcc\/wp-json\/wp\/v2\/pages\/981","targetHints":{"allow":["GET"]}}],"collection":[{"href":"https:\/\/wp.ufpel.edu.br\/notcc\/wp-json\/wp\/v2\/pages"}],"about":[{"href":"https:\/\/wp.ufpel.edu.br\/notcc\/wp-json\/wp\/v2\/types\/page"}],"author":[{"embeddable":true,"href":"https:\/\/wp.ufpel.edu.br\/notcc\/wp-json\/wp\/v2\/users\/800"}],"replies":[{"embeddable":true,"href":"https:\/\/wp.ufpel.edu.br\/notcc\/wp-json\/wp\/v2\/comments?post=981"}],"version-history":[{"count":4,"href":"https:\/\/wp.ufpel.edu.br\/notcc\/wp-json\/wp\/v2\/pages\/981\/revisions"}],"predecessor-version":[{"id":1126,"href":"https:\/\/wp.ufpel.edu.br\/notcc\/wp-json\/wp\/v2\/pages\/981\/revisions\/1126"}],"wp:attachment":[{"href":"https:\/\/wp.ufpel.edu.br\/notcc\/wp-json\/wp\/v2\/media?parent=981"}],"curies":[{"name":"wp","href":"https:\/\/api.w.org\/{rel}","templated":true}]}}